{"id":5107,"date":"2024-04-17T07:24:53","date_gmt":"2024-04-17T07:24:53","guid":{"rendered":"https:\/\/sermaxscales.com\/eu\/eu\/?post_type=product&#038;p=5107"},"modified":"2025-06-15T12:25:18","modified_gmt":"2025-06-15T12:25:18","slug":"sermax-solicita-una-demo-presencial-con-tu-producto-territorio-nacional","status":"publish","type":"product","link":"https:\/\/sermaxscales.com\/eu\/product\/sermax-solicita-una-demo-presencial-con-tu-producto-territorio-nacional\/","title":{"rendered":"SERMAX\u00ae Solicita una demo presencial en f\u00e1brica con tu producto ( Territorio nacional )"},"content":{"rendered":"<p><img decoding=\"async\" class=\"alignnone size-medium wp-image-4994\" src=\"https:\/\/sermaxscales.com\/eu\/eu\/wp-content\/uploads\/2022\/12\/20220224_104506-300x142.jpg\" alt=\"\" width=\"300\" height=\"142\" srcset=\"https:\/\/sermaxscales.com\/eu\/wp-content\/uploads\/2022\/12\/20220224_104506-300x142.jpg 300w, https:\/\/sermaxscales.com\/eu\/wp-content\/uploads\/2022\/12\/20220224_104506-1024x485.jpg 1024w, https:\/\/sermaxscales.com\/eu\/wp-content\/uploads\/2022\/12\/20220224_104506-768x363.jpg 768w, https:\/\/sermaxscales.com\/eu\/wp-content\/uploads\/2022\/12\/20220224_104506-1536x727.jpg 1536w, https:\/\/sermaxscales.com\/eu\/wp-content\/uploads\/2022\/12\/20220224_104506-2048x969.jpg 2048w, https:\/\/sermaxscales.com\/eu\/wp-content\/uploads\/2022\/12\/20220224_104506-800x379.jpg 800w\" sizes=\"(max-width: 300px) 100vw, 300px\" \/><\/p>\n<p><strong>Qu\u00e9 recibir\u00e1s ?<\/strong><\/p>\n<ul>\n<li>Una demostraci\u00f3n presencial de nuestra pesadora lineal modular exclusiva modelo LMB 2024 <strong>funcionando con tu producto. ( 1 m\u00f3dulo de demostraciones )\u00a0<\/strong><\/li>\n<li>Posterior al test recibir\u00e1s un documento de resultado del test con velocidad de producci\u00f3n por m\u00f3dulo, precisi\u00f3n de peso y otros detalles t\u00e9cnicos importantes.<\/li>\n<li>Recomendaci\u00f3n para la soluci\u00f3n asegurada en base a los resultados.<\/li>\n<li><strong>Abono del 100% del coste del test, en caso de compra<\/strong> en un plazo de 2 meses.<\/li>\n<li>Acuerdo de confidencialidad NDA para firma. ( Tu proyecto se mantiene confidencial )<\/li>\n<li>En caso de precisar la fabricaci\u00f3n de prototipos ( Recipiente de tama\u00f1o especial, u otros dise\u00f1os a medida ) \u00a0recibir\u00e1s una propuesta personalizada. ( prototipos a medida no incluidos)<\/li>\n<\/ul>\n<p><strong>Qu\u00e9 debes enviar ?<\/strong><\/p>\n<ul>\n<li>Muestras de tu producto, para un m\u00ednimo de 20-30 descargas del peso nominal a dosificar, en un transporte refrigerado. ( en caso de que lo precise )<\/li>\n<li>Rellenar el formulario de Presupuesto Online.<a href=\"https:\/\/sermaxscales.eu\/configure-su-proyecto-online\/\"> ( Ir a presupuesto ONLINE )\u00a0<\/a><\/li>\n<li>Acuerdo de confidencialidad NDA firmado.<\/li>\n<li>Comprobante del pago de la reserva.<\/li>\n<\/ul>\n<p>&nbsp;<\/p>\n","protected":false},"excerpt":{"rendered":"<p>Solicita una demostraci\u00f3n presencial con tu producto aqu\u00ed<\/p>\n","protected":false},"featured_media":4995,"template":"","meta":[],"product_brand":[],"product_cat":[202,62,74],"product_tag":[203],"class_list":{"0":"post-5107","1":"product","2":"type-product","3":"status-publish","4":"has-post-thumbnail","6":"product_cat-demo","7":"product_cat-lmb","8":"product_cat-presupuestar","9":"product_tag-demo","11":"entry","12":"has-media","14":"first","15":"instock","16":"virtual","17":"taxable","18":"purchasable","19":"product-type-simple","20":"has-product-nav","21":"col","22":"span_1_of_3","23":"owp-content-left","24":"owp-thumbs-layout-horizontal","25":"owp-btn-normal","26":"owp-tabs-layout-horizontal"},"_links":{"self":[{"href":"https:\/\/sermaxscales.com\/eu\/wp-json\/wp\/v2\/product\/5107","targetHints":{"allow":["GET"]}}],"collection":[{"href":"https:\/\/sermaxscales.com\/eu\/wp-json\/wp\/v2\/product"}],"about":[{"href":"https:\/\/sermaxscales.com\/eu\/wp-json\/wp\/v2\/types\/product"}],"wp:featuredmedia":[{"embeddable":true,"href":"https:\/\/sermaxscales.com\/eu\/wp-json\/wp\/v2\/media\/4995"}],"wp:attachment":[{"href":"https:\/\/sermaxscales.com\/eu\/wp-json\/wp\/v2\/media?parent=5107"}],"wp:term":[{"taxonomy":"product_brand","embeddable":true,"href":"https:\/\/sermaxscales.com\/eu\/wp-json\/wp\/v2\/product_brand?post=5107"},{"taxonomy":"product_cat","embeddable":true,"href":"https:\/\/sermaxscales.com\/eu\/wp-json\/wp\/v2\/product_cat?post=5107"},{"taxonomy":"product_tag","embeddable":true,"href":"https:\/\/sermaxscales.com\/eu\/wp-json\/wp\/v2\/product_tag?post=5107"}],"curies":[{"name":"wp","href":"https:\/\/api.w.org\/{rel}","templated":true}]}}