{"id":4771,"date":"2022-06-17T11:33:39","date_gmt":"2022-06-17T11:33:39","guid":{"rendered":"https:\/\/sermaxscales.com\/eu\/eu\/?post_type=product&#038;p=4771"},"modified":"2022-06-17T11:38:36","modified_gmt":"2022-06-17T11:38:36","slug":"lmb-05-vers-2019-pesadora-stock-5-lineas-reacondicionada","status":"publish","type":"product","link":"https:\/\/sermaxscales.com\/eu\/product\/lmb-05-vers-2019-pesadora-stock-5-lineas-reacondicionada\/","title":{"rendered":"LMB 05 ( vers 2019) Pesadora Stock 5 LINEAS \/ Reacondicionada \/"},"content":{"rendered":"<p>Pesadora Exclusiva de Sermax Scales \u00ae. LMB 05 &#8211; Vers 2019 \/ reacondicionada \/ Pesadora lineal 5 l\u00edneas.<\/p>\n<p>IDEAL para dosificado en Termoformadoras , Termoselladoras y cintas transportadoras.<\/p>\n<p>Dise\u00f1ada para todo tipo de productos hasta longitud \u00f3 \u00d8 30 mm \/ pieza unitaria.<\/p>\n<p>Especialmente dise\u00f1ada para productos adherentes, frescos y\/o fr\u00e1giles que no pueden ser transportados con vibradores y que requieren ca\u00eddas reducidas ,<\/p>\n<p>Alta precisi\u00f3n y fiabilidad en la pesada.<\/p>\n<p>Est\u00e1 compuesta por los siguientes elementos :<\/p>\n<ul>\n<li>Velocidad de producci\u00f3n : 35-40 Descargas \/ minuto ( * )<\/li>\n<li>Precisi\u00f3n : +1 Pieza ( * )<\/li>\n<li>Actualizaci\u00f3n mec\u00e1nica 2021 incluida.<\/li>\n<li>Auto tarado programable.<\/li>\n<li>Recipientes de peso circulares de r\u00e1pida extracci\u00f3n.<\/li>\n<li>M\u00e1xima regulaci\u00f3n de producto mediante dos niveles de cintas totalmente desmontables.<\/li>\n<li>Accionamiento Paso a paso IP-65.<\/li>\n<li>Todos los elementos en contacto con el producto fabricados en ACERO INOXIDABLE y materiales FDA.<\/li>\n<li>Tolva de alimentaci\u00f3n No incluida &#8211; Debe ser fabricada s\/ producto .<\/li>\n<li>Capacidad de los recipientes : 0.25 Lts ( Otros vol\u00famenes bajo pedido )<\/li>\n<li>Dispositivo introductor del producto dentro del envase \u00bb Sube-Baja\u00bb ( no incluido )<\/li>\n<li>Dispositivo de carga de producto ( Tercer Nivel ) mediante SIN-FIN con motorizaci\u00f3n independiente ( Incluido\u00a0 )<\/li>\n<li><a href=\"https:\/\/www.youtube.com\/watch?v=ri65AzYDldE\">VER VIDEO<\/a><\/li>\n<li><a href=\"https:\/\/sermaxscales.com.es\/wp-content\/uploads\/2020\/11\/CATALOGO_EDS-V2.1-1.pdf\">VER CAT\u00c1LOGO<\/a><\/li>\n<\/ul>\n<p>&nbsp;<\/p>\n<p>(*) Es necesario estudiar muestras del producto para validar la producci\u00f3n final de esta oferta.<\/p>\n<p>Consulta todos los Opcionales recomendados para tu LMB 05<\/p>\n<p><em>( Ver Productos recomendados debajo )\u00a0<\/em><\/p>\n<p><strong>Pesadora Exclusiva de Sermax Scales \u00ae.<\/strong><\/p>\n<p>&nbsp;<\/p>\n<p>[contact-form][contact-field label=\u00bbNombre\u00bb type=\u00bbname\u00bb required=\u00bbtrue\u00bb \/][contact-field label=\u00bbCorreo electr\u00f3nico\u00bb type=\u00bbemail\u00bb required=\u00bbtrue\u00bb \/][contact-field label=\u00bbWeb\u00bb type=\u00bburl\u00bb \/][contact-field label=\u00bbMensaje\u00bb type=\u00bbtextarea\u00bb \/][\/contact-form]<\/p>\n","protected":false},"excerpt":{"rendered":"[video width=\"1920\" height=\"1080\" mp4=\"https:\/\/sermaxscales.com\/eu\/eu\/wp-content\/uploads\/2020\/11\/LMB-360-SERMAX-English.mp4\" autoplay=\"true\"][\/video]\n<p>LMB 05 Pesadora Lineal 5 L\u00edneas \/ 50 dpm<\/p>\n","protected":false},"featured_media":2569,"template":"","meta":[],"product_brand":[],"product_cat":[85,102,61],"product_tag":[121,63,70,120,111,125,123,146],"class_list":{"0":"post-4771","1":"product","2":"type-product","3":"status-publish","4":"has-post-thumbnail","6":"product_cat-lmb05","7":"product_cat-pesadoras-con-cintas","8":"product_cat-pesadoras","9":"product_tag-fruta","10":"product_tag-lmb","11":"product_tag-lmb05","12":"product_tag-pesadora-de-cintas","13":"product_tag-pesadora-lineal","14":"product_tag-readymeals","15":"product_tag-termoformadoras","16":"product_tag-topping","18":"entry","19":"has-media","21":"first","22":"instock","23":"featured","24":"taxable","25":"shipping-taxable","26":"purchasable","27":"product-type-variable","28":"has-product-nav","29":"col","30":"span_1_of_3","31":"owp-content-left","32":"owp-thumbs-layout-horizontal","33":"owp-btn-normal","34":"owp-tabs-layout-horizontal"},"_links":{"self":[{"href":"https:\/\/sermaxscales.com\/eu\/wp-json\/wp\/v2\/product\/4771","targetHints":{"allow":["GET"]}}],"collection":[{"href":"https:\/\/sermaxscales.com\/eu\/wp-json\/wp\/v2\/product"}],"about":[{"href":"https:\/\/sermaxscales.com\/eu\/wp-json\/wp\/v2\/types\/product"}],"wp:featuredmedia":[{"embeddable":true,"href":"https:\/\/sermaxscales.com\/eu\/wp-json\/wp\/v2\/media\/2569"}],"wp:attachment":[{"href":"https:\/\/sermaxscales.com\/eu\/wp-json\/wp\/v2\/media?parent=4771"}],"wp:term":[{"taxonomy":"product_brand","embeddable":true,"href":"https:\/\/sermaxscales.com\/eu\/wp-json\/wp\/v2\/product_brand?post=4771"},{"taxonomy":"product_cat","embeddable":true,"href":"https:\/\/sermaxscales.com\/eu\/wp-json\/wp\/v2\/product_cat?post=4771"},{"taxonomy":"product_tag","embeddable":true,"href":"https:\/\/sermaxscales.com\/eu\/wp-json\/wp\/v2\/product_tag?post=4771"}],"curies":[{"name":"wp","href":"https:\/\/api.w.org\/{rel}","templated":true}]}}