{"id":4679,"date":"2022-04-21T18:18:51","date_gmt":"2022-04-21T18:18:51","guid":{"rendered":"https:\/\/sermaxscales.com\/eu\/eu\/?post_type=product&#038;p=4679"},"modified":"2022-04-21T18:24:14","modified_gmt":"2022-04-21T18:24:14","slug":"frconvoyeur-de-distribution-automatique-1-3-points","status":"publish","type":"product","link":"https:\/\/sermaxscales.com\/eu\/product\/frconvoyeur-de-distribution-automatique-1-3-points\/","title":{"rendered":"(FR)Convoyeur de distribution automatique 1-3 Points."},"content":{"rendered":"<p>Bande r\u00e9tractable avec d\u00e9placement transversal pour un chargement ind\u00e9pendant point par point.<\/p>\n<p>La t\u00eate se d\u00e9place automatiquement sur chacune des bandes de r\u00e9ception ou sans fin de votre peseuse LMB 1 &#8211; 3 (1 \u00e0 3 positions programmables par \u00e9cran).<br \/>\nCe syst\u00e8me de chargement est fortement recommand\u00e9 pour une automatisation optimale du chargement des produits.<br \/>\nLe produit reste intact, sans subir de grandes accumulations de volume et d&#8217;\u00e9ventuels dommages.<br \/>\nCe distributeur peut \u00eatre charg\u00e9 manuellement ou automatiquement \u00e0 l&#8217;aide d&#8217;un \u00e9l\u00e9vateur en \u00abS\u00bb ou d&#8217;un tapis roulant pour \u00e9lever le produit vers sa zone de r\u00e9ception.<br \/>\nEnti\u00e8rement d\u00e9montable pour le nettoyage.<br \/>\nTambour moteur avec protection IP-65 ( option )<br \/>\nPositionnement pneumatique avec amortissement \u00e9lastique en fin de course. (FESTO)<\/p>\n","protected":false},"excerpt":{"rendered":"<p>Convoyeur de distribution automatique 1-3 Points.<\/p>\n","protected":false},"featured_media":3056,"template":"","meta":[],"product_brand":[],"product_cat":[83,84,85,86,81,62,65,74],"product_tag":[],"class_list":{"0":"post-4679","1":"product","2":"type-product","3":"status-publish","4":"has-post-thumbnail","6":"product_cat-lmb03","7":"product_cat-lmb04","8":"product_cat-lmb05","9":"product_cat-lmb06","10":"product_cat-auxiliares","11":"product_cat-lmb","12":"product_cat-perifericos","13":"product_cat-presupuestar","15":"entry","16":"has-media","18":"first","19":"onbackorder","20":"taxable","21":"shipping-taxable","22":"purchasable","23":"product-type-simple","24":"has-product-nav","25":"col","26":"span_1_of_3","27":"owp-content-left","28":"owp-thumbs-layout-horizontal","29":"owp-btn-normal","30":"owp-tabs-layout-horizontal"},"_links":{"self":[{"href":"https:\/\/sermaxscales.com\/eu\/wp-json\/wp\/v2\/product\/4679","targetHints":{"allow":["GET"]}}],"collection":[{"href":"https:\/\/sermaxscales.com\/eu\/wp-json\/wp\/v2\/product"}],"about":[{"href":"https:\/\/sermaxscales.com\/eu\/wp-json\/wp\/v2\/types\/product"}],"wp:featuredmedia":[{"embeddable":true,"href":"https:\/\/sermaxscales.com\/eu\/wp-json\/wp\/v2\/media\/3056"}],"wp:attachment":[{"href":"https:\/\/sermaxscales.com\/eu\/wp-json\/wp\/v2\/media?parent=4679"}],"wp:term":[{"taxonomy":"product_brand","embeddable":true,"href":"https:\/\/sermaxscales.com\/eu\/wp-json\/wp\/v2\/product_brand?post=4679"},{"taxonomy":"product_cat","embeddable":true,"href":"https:\/\/sermaxscales.com\/eu\/wp-json\/wp\/v2\/product_cat?post=4679"},{"taxonomy":"product_tag","embeddable":true,"href":"https:\/\/sermaxscales.com\/eu\/wp-json\/wp\/v2\/product_tag?post=4679"}],"curies":[{"name":"wp","href":"https:\/\/api.w.org\/{rel}","templated":true}]}}