{"id":4677,"date":"2022-04-21T17:13:40","date_gmt":"2022-04-21T17:13:40","guid":{"rendered":"https:\/\/sermaxscales.com\/eu\/eu\/?post_type=product&#038;p=4677"},"modified":"2023-12-27T13:16:23","modified_gmt":"2023-12-27T13:16:23","slug":"fr-lmb-02-peseuse-lineaire-double-15-20-dpm","status":"publish","type":"product","link":"https:\/\/sermaxscales.com\/eu\/product\/fr-lmb-02-peseuse-lineaire-double-15-20-dpm\/","title":{"rendered":"(FR) LMB 02 Peseuse lin\u00e9aire double \/ 15-20 Dpm"},"content":{"rendered":"<p>Exclusif Sermax Scales \u00ae peseuse. LMB 02 &#8211; Peseuse lin\u00e9aire 2 lignes avec bandes transporteuses.<\/p>\n<p>Con\u00e7u pour tous les types de produits jusqu&#8217;\u00e0 la longueur ou \u00d8 30 mm \/ pi\u00e8ce unitaire.<\/p>\n<p>Sp\u00e9cialement con\u00e7u pour les produits collants, frais et\/ou fragiles qui ne peuvent \u00eatre transport\u00e9s avec des vibrateurs et qui n\u00e9cessitent des chutes r\u00e9duites,<\/p>\n<p>Haute pr\u00e9cision et fiabilit\u00e9 en mati\u00e8re de pesage.<\/p>\n<p>Il est compos\u00e9 des \u00e9l\u00e9ments suivants :<\/p>\n<p>Vitesse de production : 15-20 d\u00e9chargements \/ minute ( * )<br \/>\nPr\u00e9cision : +1 pi\u00e8ce ( * )<br \/>\nPossibilit\u00e9 d&#8217;adapter la distance entre les centres des lignes de pes\u00e9e, pour l&#8217;adapter au conteneur. ( Voir l&#8217;exemple d&#8217;image dans la galerie )<br \/>\nTare automatique programmable.<br \/>\nR\u00e9cipients de pesage circulaires \u00e0 extraction rapide.<br \/>\nR\u00e9gulation maximale du produit gr\u00e2ce \u00e0 deux niveaux de ceintures totalement amovibles.<br \/>\nIP-65 fonctionnement pas \u00e0 pas.<br \/>\nTous les \u00e9l\u00e9ments en contact avec le produit sont en ACIER INOXYDABLE.<br \/>\nTr\u00e9mie d&#8217;alimentation Non inclus &#8211; Doit \u00eatre fabriqu\u00e9 selon le produit.<br \/>\nPortes de fermeture des canaux, pour \u00e9viter tout d\u00e9tachement \u00e9ventuel du produit. (facultatif)<br \/>\nCapacit\u00e9 du conteneur : 0,25 Lts (autres volumes sur demande).<br \/>\nDispositif de rejet du surpoids (facultatif).<br \/>\nDispositif d&#8217;introduction du produit \u00e0 l&#8217;int\u00e9rieur du conteneur \u00abSube-Baja\u00bb (optionnel)<br \/>\nDispositif de chargement du produit (Troisi\u00e8me niveau) au moyen de SIN-FIN avec motorisation ind\u00e9pendante ( Option )<br \/>\n<a href=\"https:\/\/www.youtube.com\/watch?v=fQrjjLys3KY\">VID\u00c9O<\/a><br \/>\n<a href=\"https:\/\/sermaxscales.com.es\/wp-content\/uploads\/2021\/05\/LMB-Sermax-Productos-adherentes-2021-ES.pdf\">VOIR LE CATALOGUE ( Espagnol )<\/a><br \/>\n<a href=\"https:\/\/sermaxscales.com.es\/wp-content\/uploads\/2021\/05\/LMB-Sermax-Sticky-products-2021-EN.pdf\">VOIR LE CATALOGUE ( Anglais )\u00a0<\/a><\/p>\n<p>&nbsp;<\/p>\n<p>(*) Il est n\u00e9cessaire d&#8217;\u00e9tudier des \u00e9chantillons du produit pour valider la production finale de cette offre.<\/p>\n<p>Voir toutes les options recommand\u00e9es pour votre LMB 02<\/p>\n<p>(Voir les produits recommand\u00e9s ci-dessous)<\/p>\n<p>&nbsp;<\/p>\n","protected":false},"excerpt":{"rendered":"<p>LMB 02 Peseuse lin\u00e9aire double \/ 15-20 Dpm<\/p>\n","protected":false},"featured_media":3057,"template":"","meta":[],"product_brand":[],"product_cat":[82,102,61,62],"product_tag":[124,122,113,121,63,67,111,125,107,123,146],"class_list":{"0":"post-4677","1":"product","2":"type-product","3":"status-publish","4":"has-post-thumbnail","6":"product_cat-lmb02","7":"product_cat-pesadoras-con-cintas","8":"product_cat-pesadoras","9":"product_cat-lmb","10":"product_tag-adherentes","11":"product_tag-bandejas","12":"product_tag-cintas","13":"product_tag-fruta","14":"product_tag-lmb","15":"product_tag-lmb02","16":"product_tag-pesadora-lineal","17":"product_tag-readymeals","18":"product_tag-sermax","19":"product_tag-termoformadoras","20":"product_tag-topping","22":"entry","23":"has-media","25":"first","26":"onbackorder","27":"featured","28":"taxable","29":"shipping-taxable","30":"purchasable","31":"product-type-simple","32":"has-product-nav","33":"col","34":"span_1_of_3","35":"owp-content-left","36":"owp-thumbs-layout-horizontal","37":"owp-btn-normal","38":"owp-tabs-layout-horizontal"},"_links":{"self":[{"href":"https:\/\/sermaxscales.com\/eu\/wp-json\/wp\/v2\/product\/4677","targetHints":{"allow":["GET"]}}],"collection":[{"href":"https:\/\/sermaxscales.com\/eu\/wp-json\/wp\/v2\/product"}],"about":[{"href":"https:\/\/sermaxscales.com\/eu\/wp-json\/wp\/v2\/types\/product"}],"wp:featuredmedia":[{"embeddable":true,"href":"https:\/\/sermaxscales.com\/eu\/wp-json\/wp\/v2\/media\/3057"}],"wp:attachment":[{"href":"https:\/\/sermaxscales.com\/eu\/wp-json\/wp\/v2\/media?parent=4677"}],"wp:term":[{"taxonomy":"product_brand","embeddable":true,"href":"https:\/\/sermaxscales.com\/eu\/wp-json\/wp\/v2\/product_brand?post=4677"},{"taxonomy":"product_cat","embeddable":true,"href":"https:\/\/sermaxscales.com\/eu\/wp-json\/wp\/v2\/product_cat?post=4677"},{"taxonomy":"product_tag","embeddable":true,"href":"https:\/\/sermaxscales.com\/eu\/wp-json\/wp\/v2\/product_tag?post=4677"}],"curies":[{"name":"wp","href":"https:\/\/api.w.org\/{rel}","templated":true}]}}