{"id":4676,"date":"2022-04-21T16:38:41","date_gmt":"2022-04-21T16:38:41","guid":{"rendered":"https:\/\/sermaxscales.com\/eu\/eu\/?post_type=product&#038;p=4676"},"modified":"2022-04-21T17:12:22","modified_gmt":"2022-04-21T17:12:22","slug":"frlmb-02-dispositif-de-guidage-du-produit-dans-le-conteneur","status":"publish","type":"product","link":"https:\/\/sermaxscales.com\/eu\/product\/frlmb-02-dispositif-de-guidage-du-produit-dans-le-conteneur\/","title":{"rendered":"(FR)LMB 02 Dispositif de guidage du produit dans le conteneur."},"content":{"rendered":"<p>LMB-02 Dispositif de remplissage de plateaux.<\/p>\n<p>Station de remplissage automatique pour 2 plateaux\/cycle avec entra\u00eenement pneumatique (mont\u00e9e\/descente),<br \/>\nSp\u00e9cialement con\u00e7u en fonction du produit pour assurer un remplissage correct du plateau, une fois que le poids correct est d\u00e9j\u00e0 pr\u00e9par\u00e9 \u00e0 l&#8217;int\u00e9rieur des r\u00e9cipients de pesage.<br \/>\nPendant le remplissage, des rampes de d\u00e9chargement sp\u00e9ciales prot\u00e8gent la zone de scellement\/fermeture des plateaux, afin d&#8217;\u00e9viter d&#8217;\u00e9ventuels probl\u00e8mes de scellement\/fermeture.<br \/>\nPeut \u00eatre fabriqu\u00e9 en fonction des plateaux \/ cycle de la thermoformeuse et avec la m\u00eame distance entre les centres des plateaux.<br \/>\nAutres formats ( 2\u00e8me jeu NON COMPRIS )<\/p>\n","protected":false},"excerpt":{"rendered":"<p>LMB-02 Dispositif de remplissage de plateaux.<\/p>\n","protected":false},"featured_media":2556,"template":"","meta":[],"product_brand":[],"product_cat":[82,64],"product_tag":[67],"class_list":{"0":"post-4676","1":"product","2":"type-product","3":"status-publish","4":"has-post-thumbnail","6":"product_cat-lmb02","7":"product_cat-opcionales-lmb","8":"product_tag-lmb02","10":"entry","11":"has-media","13":"first","14":"onbackorder","15":"taxable","16":"shipping-taxable","17":"purchasable","18":"product-type-simple","19":"has-product-nav","20":"col","21":"span_1_of_3","22":"owp-content-left","23":"owp-thumbs-layout-horizontal","24":"owp-btn-normal","25":"owp-tabs-layout-horizontal"},"_links":{"self":[{"href":"https:\/\/sermaxscales.com\/eu\/wp-json\/wp\/v2\/product\/4676","targetHints":{"allow":["GET"]}}],"collection":[{"href":"https:\/\/sermaxscales.com\/eu\/wp-json\/wp\/v2\/product"}],"about":[{"href":"https:\/\/sermaxscales.com\/eu\/wp-json\/wp\/v2\/types\/product"}],"wp:featuredmedia":[{"embeddable":true,"href":"https:\/\/sermaxscales.com\/eu\/wp-json\/wp\/v2\/media\/2556"}],"wp:attachment":[{"href":"https:\/\/sermaxscales.com\/eu\/wp-json\/wp\/v2\/media?parent=4676"}],"wp:term":[{"taxonomy":"product_brand","embeddable":true,"href":"https:\/\/sermaxscales.com\/eu\/wp-json\/wp\/v2\/product_brand?post=4676"},{"taxonomy":"product_cat","embeddable":true,"href":"https:\/\/sermaxscales.com\/eu\/wp-json\/wp\/v2\/product_cat?post=4676"},{"taxonomy":"product_tag","embeddable":true,"href":"https:\/\/sermaxscales.com\/eu\/wp-json\/wp\/v2\/product_tag?post=4676"}],"curies":[{"name":"wp","href":"https:\/\/api.w.org\/{rel}","templated":true}]}}