{"id":4674,"date":"2022-04-21T16:25:48","date_gmt":"2022-04-21T16:25:48","guid":{"rendered":"https:\/\/sermaxscales.com\/eu\/eu\/?post_type=product&#038;p=4674"},"modified":"2022-04-21T16:35:06","modified_gmt":"2022-04-21T16:35:06","slug":"fr-lmb-03-peseuse-lineaire-trio-25-30-dpm","status":"publish","type":"product","link":"https:\/\/sermaxscales.com\/eu\/product\/fr-lmb-03-peseuse-lineaire-trio-25-30-dpm\/","title":{"rendered":"(FR) LMB 03 Peseuse lin\u00e9aire trio \/ 25-30 Dpm"},"content":{"rendered":"<p>Exclusif Sermax Scales \u00ae Linear Weigher. LMB 03 &#8211; Peseuse lin\u00e9aire 3 lignes \u00e1 tapis.<\/p>\n<p>Con\u00e7u pour tous les types de produits jusqu&#8217;\u00e0 la longueur ou \u00d8 30 mm \/ pi\u00e8ce unitaire.<\/p>\n<p>IDEAL pour le dosage dans les machines de thermoformage, les thermoscelleuses et les bandes transporteuses.<\/p>\n<p>Sp\u00e9cialement con\u00e7u pour les produits collants, frais et\/ou fragiles qui ne peuvent \u00eatre transport\u00e9s avec des vibrateurs et qui n\u00e9cessitent des chutes r\u00e9duites,<\/p>\n<p>Haute pr\u00e9cision et fiabilit\u00e9 en mati\u00e8re de pesage.<\/p>\n<p>Il est compos\u00e9 des \u00e9l\u00e9ments suivants :<\/p>\n<p>Vitesse de production : 25-30 d\u00e9charges \/ minute ( * )<br \/>\nPr\u00e9cision : +1 pi\u00e8ce ( * )<br \/>\nPossibilit\u00e9 d&#8217;adapter la distance entre les centres des lignes de pes\u00e9e, pour l&#8217;adapter au conteneur. ( Voir l&#8217;exemple d&#8217;image dans la galerie )<br \/>\nTare automatique programmable.<br \/>\nR\u00e9cipients de pesage circulaires \u00e0 extraction rapide.<br \/>\nR\u00e9gulation maximale du produit gr\u00e2ce \u00e0 deux niveaux de ceintures totalement amovibles.<br \/>\nIP-65 fonctionnement pas \u00e0 pas.<br \/>\nTous les \u00e9l\u00e9ments en contact avec le produit sont en ACIER INOXYDABLE.<br \/>\nTr\u00e9mie d&#8217;alimentation Non inclus &#8211; Doit \u00eatre fabriqu\u00e9 selon le produit.<br \/>\nPortes de fermeture des canaux, pour \u00e9viter tout d\u00e9tachement \u00e9ventuel du produit. (facultatif)<br \/>\nCapacit\u00e9 du conteneur : 0,25 Lts (autres volumes sur demande).<br \/>\nDispositif de rejet du surpoids (facultatif).<br \/>\nDispositif d&#8217;introduction du produit \u00e0 l&#8217;int\u00e9rieur du conteneur \u00abSube-Baja\u00bb (optionnel)<br \/>\nDispositif de chargement du produit (Troisi\u00e8me niveau) au moyen de SIN-FIN avec motorisation ind\u00e9pendante ( Option )<br \/>\n<a href=\"https:\/\/www.youtube.com\/watch?v=ri65AzYDldE\">VIEW VIDEO<\/a><br \/>\n<a href=\"https:\/\/sermaxscales.com.es\/wp-content\/uploads\/2021\/05\/LMB-Sermax-Sticky-products-2021-EN.pdf\">VOIR LE CATALOGUE<\/a><\/p>\n<p>&nbsp;<\/p>\n<p>(*) Il est n\u00e9cessaire d&#8217;\u00e9tudier des \u00e9chantillons du produit pour valider la production finale de cette offre.<\/p>\n<p>Voir toutes les options recommand\u00e9es pour votre LMB 03<\/p>\n<p>(Voir les produits recommand\u00e9s ci-dessous)<\/p>\n<p>&nbsp;<\/p>\n<p>Exclusif Sermax Scales \u00ae Weigher.<\/p>\n<p>&nbsp;<\/p>\n","protected":false},"excerpt":{"rendered":"[video width=\"1920\" height=\"1080\" mp4=\"https:\/\/sermaxscales.com\/eu\/eu\/wp-content\/uploads\/2020\/11\/LMB-360-SERMAX-Spanish.mp4\" autoplay=\"true\" poster=\"https:\/\/sermaxscales.com\/eu\/eu\/wp-content\/uploads\/2020\/11\/DESCUBRE-LMB.png\"][\/video]\n<p>Exclusif Sermax Scales \u00ae Linear Weigher. LMB 03 &#8211; Peseuse lin\u00e9aire 3 lignes \u00e1 tapis.<\/p>\n","protected":false},"featured_media":2532,"template":"","meta":[],"product_brand":[],"product_cat":[83,102,61,62],"product_tag":[63,120,119,107,123],"class_list":{"0":"post-4674","1":"product","2":"type-product","3":"status-publish","4":"has-post-thumbnail","6":"product_cat-lmb03","7":"product_cat-pesadoras-con-cintas","8":"product_cat-pesadoras","9":"product_cat-lmb","10":"product_tag-lmb","11":"product_tag-pesadora-de-cintas","12":"product_tag-ready-meals","13":"product_tag-sermax","14":"product_tag-termoformadoras","16":"entry","17":"has-media","19":"first","20":"onbackorder","21":"featured","22":"taxable","23":"shipping-taxable","24":"purchasable","25":"product-type-simple","26":"has-product-nav","27":"col","28":"span_1_of_3","29":"owp-content-left","30":"owp-thumbs-layout-horizontal","31":"owp-btn-normal","32":"owp-tabs-layout-horizontal"},"_links":{"self":[{"href":"https:\/\/sermaxscales.com\/eu\/wp-json\/wp\/v2\/product\/4674","targetHints":{"allow":["GET"]}}],"collection":[{"href":"https:\/\/sermaxscales.com\/eu\/wp-json\/wp\/v2\/product"}],"about":[{"href":"https:\/\/sermaxscales.com\/eu\/wp-json\/wp\/v2\/types\/product"}],"wp:featuredmedia":[{"embeddable":true,"href":"https:\/\/sermaxscales.com\/eu\/wp-json\/wp\/v2\/media\/2532"}],"wp:attachment":[{"href":"https:\/\/sermaxscales.com\/eu\/wp-json\/wp\/v2\/media?parent=4674"}],"wp:term":[{"taxonomy":"product_brand","embeddable":true,"href":"https:\/\/sermaxscales.com\/eu\/wp-json\/wp\/v2\/product_brand?post=4674"},{"taxonomy":"product_cat","embeddable":true,"href":"https:\/\/sermaxscales.com\/eu\/wp-json\/wp\/v2\/product_cat?post=4674"},{"taxonomy":"product_tag","embeddable":true,"href":"https:\/\/sermaxscales.com\/eu\/wp-json\/wp\/v2\/product_tag?post=4674"}],"curies":[{"name":"wp","href":"https:\/\/api.w.org\/{rel}","templated":true}]}}