{"id":4673,"date":"2022-04-21T16:08:40","date_gmt":"2022-04-21T16:08:40","guid":{"rendered":"https:\/\/sermaxscales.com\/eu\/eu\/?post_type=product&#038;p=4673"},"modified":"2022-04-21T16:34:04","modified_gmt":"2022-04-21T16:34:04","slug":"fr-lmb-armario-electrico-ip-65","status":"publish","type":"product","link":"https:\/\/sermaxscales.com\/eu\/product\/fr-lmb-armario-electrico-ip-65\/","title":{"rendered":"(FR) LMB Armoire \u00e9lectrique &#8211; mod\u00e8le hygi\u00e9nique &#8211; IP-65"},"content":{"rendered":"<ul>\n<li>Armoire \u00e9lectrique INOX sp\u00e9ciale pour les peseuses LMB.<\/li>\n<li>Conception hygi\u00e9nique et compacte.<\/li>\n<li>Partie sup\u00e9rieure avec une inclinaison de plus de 30\u00ba.<\/li>\n<li>Fixation au ch\u00e2ssis de la machine au moyen d&#8217;un syst\u00e8me de pression, sans per\u00e7age.<\/li>\n<li>Connexion aux dispositifs de pesage au moyen de connecteurs HARTING Han ECO IP-69.<\/li>\n<\/ul>\n<p>&nbsp;<\/p>\n","protected":false},"excerpt":{"rendered":"<p>Armario el\u00e9ctrico INOX especial para Pesadoras LMB.<\/p>\n","protected":false},"featured_media":2494,"template":"","meta":[],"product_brand":[],"product_cat":[104,64],"product_tag":[],"class_list":{"0":"post-4673","1":"product","2":"type-product","3":"status-publish","4":"has-post-thumbnail","6":"product_cat-electronicos","7":"product_cat-opcionales-lmb","9":"entry","10":"has-media","12":"first","13":"instock","14":"taxable","15":"shipping-taxable","16":"purchasable","17":"product-type-simple","18":"has-product-nav","19":"col","20":"span_1_of_3","21":"owp-content-left","22":"owp-thumbs-layout-horizontal","23":"owp-btn-normal","24":"owp-tabs-layout-horizontal","25":"has-no-thumbnails"},"_links":{"self":[{"href":"https:\/\/sermaxscales.com\/eu\/wp-json\/wp\/v2\/product\/4673","targetHints":{"allow":["GET"]}}],"collection":[{"href":"https:\/\/sermaxscales.com\/eu\/wp-json\/wp\/v2\/product"}],"about":[{"href":"https:\/\/sermaxscales.com\/eu\/wp-json\/wp\/v2\/types\/product"}],"wp:featuredmedia":[{"embeddable":true,"href":"https:\/\/sermaxscales.com\/eu\/wp-json\/wp\/v2\/media\/2494"}],"wp:attachment":[{"href":"https:\/\/sermaxscales.com\/eu\/wp-json\/wp\/v2\/media?parent=4673"}],"wp:term":[{"taxonomy":"product_brand","embeddable":true,"href":"https:\/\/sermaxscales.com\/eu\/wp-json\/wp\/v2\/product_brand?post=4673"},{"taxonomy":"product_cat","embeddable":true,"href":"https:\/\/sermaxscales.com\/eu\/wp-json\/wp\/v2\/product_cat?post=4673"},{"taxonomy":"product_tag","embeddable":true,"href":"https:\/\/sermaxscales.com\/eu\/wp-json\/wp\/v2\/product_tag?post=4673"}],"curies":[{"name":"wp","href":"https:\/\/api.w.org\/{rel}","templated":true}]}}