{"id":4672,"date":"2022-04-21T16:04:25","date_gmt":"2022-04-21T16:04:25","guid":{"rendered":"https:\/\/sermaxscales.com\/eu\/eu\/?post_type=product&#038;p=4672"},"modified":"2022-04-21T16:08:15","modified_gmt":"2022-04-21T16:08:15","slug":"fr-lmb-ecran-tactile-104-sermax","status":"publish","type":"product","link":"https:\/\/sermaxscales.com\/eu\/product\/fr-lmb-ecran-tactile-104-sermax\/","title":{"rendered":"(FR) LMB &#8211; \u00c9cran Tactile 10,4&#8243; SERMAX\u00ae"},"content":{"rendered":"<ul>\n<li>Contr\u00f4le par \u00e9cran tactile.<\/li>\n<li>Une nouvelle interface extr\u00eamement intuitive.<\/li>\n<li>Connexion USB pour ins\u00e9rer des images de produits.<\/li>\n<li>Connexion USB pour l&#8217;extraction des donn\u00e9es de production.<\/li>\n<li>Support d&#8217;\u00e9cran rotatif \u00e0 haute r\u00e9sistance en INOX-304.<\/li>\n<li>Degr\u00e9 de protection IP-65.<\/li>\n<li>Un \u00e9cran contr\u00f4le jusqu&#8217;\u00e0 6 lignes du mod\u00e8le LMB.<\/li>\n<\/ul>\n<p>&nbsp;<\/p>\n","protected":false},"excerpt":{"rendered":"<p>Pantalla de Control T\u00e1ctil para LMB Sermax \u00ae<\/p>\n","protected":false},"featured_media":2491,"template":"","meta":[],"product_brand":[],"product_cat":[104,64,75],"product_tag":[67,69,68,70],"class_list":{"0":"post-4672","1":"product","2":"type-product","3":"status-publish","4":"has-post-thumbnail","6":"product_cat-electronicos","7":"product_cat-opcionales-lmb","8":"product_cat-recambio","9":"product_tag-lmb02","10":"product_tag-lmb03","11":"product_tag-lmb04","12":"product_tag-lmb05","14":"entry","15":"has-media","17":"first","18":"instock","19":"taxable","20":"shipping-taxable","21":"purchasable","22":"product-type-simple","23":"has-product-nav","24":"col","25":"span_1_of_3","26":"owp-content-left","27":"owp-thumbs-layout-horizontal","28":"owp-btn-normal","29":"owp-tabs-layout-horizontal"},"_links":{"self":[{"href":"https:\/\/sermaxscales.com\/eu\/wp-json\/wp\/v2\/product\/4672","targetHints":{"allow":["GET"]}}],"collection":[{"href":"https:\/\/sermaxscales.com\/eu\/wp-json\/wp\/v2\/product"}],"about":[{"href":"https:\/\/sermaxscales.com\/eu\/wp-json\/wp\/v2\/types\/product"}],"wp:featuredmedia":[{"embeddable":true,"href":"https:\/\/sermaxscales.com\/eu\/wp-json\/wp\/v2\/media\/2491"}],"wp:attachment":[{"href":"https:\/\/sermaxscales.com\/eu\/wp-json\/wp\/v2\/media?parent=4672"}],"wp:term":[{"taxonomy":"product_brand","embeddable":true,"href":"https:\/\/sermaxscales.com\/eu\/wp-json\/wp\/v2\/product_brand?post=4672"},{"taxonomy":"product_cat","embeddable":true,"href":"https:\/\/sermaxscales.com\/eu\/wp-json\/wp\/v2\/product_cat?post=4672"},{"taxonomy":"product_tag","embeddable":true,"href":"https:\/\/sermaxscales.com\/eu\/wp-json\/wp\/v2\/product_tag?post=4672"}],"curies":[{"name":"wp","href":"https:\/\/api.w.org\/{rel}","templated":true}]}}