{"id":4671,"date":"2022-04-21T15:51:00","date_gmt":"2022-04-21T15:51:00","guid":{"rendered":"https:\/\/sermaxscales.com\/eu\/eu\/?post_type=product&#038;p=4671"},"modified":"2022-04-21T16:03:39","modified_gmt":"2022-04-21T16:03:39","slug":"fr-lmb-02-lmb-03-structure-de-support-por-un-peseuse-double-trio","status":"publish","type":"product","link":"https:\/\/sermaxscales.com\/eu\/product\/fr-lmb-02-lmb-03-structure-de-support-por-un-peseuse-double-trio\/","title":{"rendered":"(FR) LMB 02 \/ LMB 03 Structure de support por un peseuse double \/ trio"},"content":{"rendered":"<ul>\n<li>Structure de support pour les peseuses LMB02 et LMB03.<\/li>\n<li>Il peut \u00eatre configur\u00e9 selon les dimensions en hauteur requises par le client.<\/li>\n<li>Fabriqu\u00e9 en INOX-304 (316L sur demande).<\/li>\n<li>Conception hygi\u00e9nique sans coins, hautement test\u00e9e.<\/li>\n<li>Comprend des roulettes pivotantes INOX.<\/li>\n<li>Comprend un plateau de collecte des d\u00e9chets.<\/li>\n<li>Ouverture lat\u00e9rale pour les connexions HARTING (IP69) des p\u00e9riph\u00e9riques et des options.<\/li>\n<li>Adaptable aux thermoformeuses et aux convoyeurs lin\u00e9aires de conteneurs.<\/li>\n<li>Assemblage en forme de \u00abU\u00bb ou de \u00abC.\u00bb<\/li>\n<\/ul>\n<p>&nbsp;<\/p>\n","protected":false},"excerpt":{"rendered":"<p>LMB 02 \/ LMB 03 Structure de support por un peseuse double \/ trio<\/p>\n","protected":false},"featured_media":2484,"template":"","meta":[],"product_brand":[],"product_cat":[82,83],"product_tag":[67,69],"class_list":{"0":"post-4671","1":"product","2":"type-product","3":"status-publish","4":"has-post-thumbnail","6":"product_cat-lmb02","7":"product_cat-lmb03","8":"product_tag-lmb02","9":"product_tag-lmb03","11":"entry","12":"has-media","14":"first","15":"instock","16":"taxable","17":"shipping-taxable","18":"purchasable","19":"product-type-simple","20":"has-product-nav","21":"col","22":"span_1_of_3","23":"owp-content-left","24":"owp-thumbs-layout-horizontal","25":"owp-btn-normal","26":"owp-tabs-layout-horizontal"},"_links":{"self":[{"href":"https:\/\/sermaxscales.com\/eu\/wp-json\/wp\/v2\/product\/4671","targetHints":{"allow":["GET"]}}],"collection":[{"href":"https:\/\/sermaxscales.com\/eu\/wp-json\/wp\/v2\/product"}],"about":[{"href":"https:\/\/sermaxscales.com\/eu\/wp-json\/wp\/v2\/types\/product"}],"wp:featuredmedia":[{"embeddable":true,"href":"https:\/\/sermaxscales.com\/eu\/wp-json\/wp\/v2\/media\/2484"}],"wp:attachment":[{"href":"https:\/\/sermaxscales.com\/eu\/wp-json\/wp\/v2\/media?parent=4671"}],"wp:term":[{"taxonomy":"product_brand","embeddable":true,"href":"https:\/\/sermaxscales.com\/eu\/wp-json\/wp\/v2\/product_brand?post=4671"},{"taxonomy":"product_cat","embeddable":true,"href":"https:\/\/sermaxscales.com\/eu\/wp-json\/wp\/v2\/product_cat?post=4671"},{"taxonomy":"product_tag","embeddable":true,"href":"https:\/\/sermaxscales.com\/eu\/wp-json\/wp\/v2\/product_tag?post=4671"}],"curies":[{"name":"wp","href":"https:\/\/api.w.org\/{rel}","templated":true}]}}