{"id":3300,"date":"2021-11-02T22:32:08","date_gmt":"2021-11-02T22:32:08","guid":{"rendered":"https:\/\/sermaxscales.com\/eu\/eu\/?post_type=product&#038;p=3300"},"modified":"2021-12-15T18:41:22","modified_gmt":"2021-12-15T18:41:22","slug":"solucion-completa-para-dosificado-a-30-descargas-minuto-sobre-termoformadora-10-avances-min-de-3x1","status":"publish","type":"product","link":"https:\/\/sermaxscales.com\/eu\/product\/solucion-completa-para-dosificado-a-30-descargas-minuto-sobre-termoformadora-10-avances-min-de-3x1\/","title":{"rendered":"SOLUCI\u00d3N COMPLETA 30 Dpm sobre su envasadora ( 10 avances\/min de 3&#215;1)"},"content":{"rendered":"<p>Dosificado sobre termoformadora ( no incluida) a 30 bandejas \/ min.<\/p>\n<p>Pesadora Lineal Exclusiva de Sermax Scales \u00ae. LMB 03 &#8211; Pesadora lineal 3 l\u00edneas + Opcionales.<\/p>\n<p>Dise\u00f1ada para todo tipo de productos hasta longitud \u00f3 \u00d8 30 mm \/ pieza unitaria.<\/p>\n<p>IDEAL para dosificado en Termoformadoras , Termoselladoras y cintas transportadoras.<\/p>\n<p>Especialmente dise\u00f1ada para productos adherentes, frescos y\/o fr\u00e1giles que no pueden ser transportados con vibradores y que requieren ca\u00eddas reducidas ,<\/p>\n<p>Alta precisi\u00f3n y fiabilidad en la pesada.<\/p>\n<p>Est\u00e1 compuesta por los siguientes elementos :<\/p>\n<ul>\n<li>Pesadora Lineal Exclusiva de Sermax Scales \u00ae. LMB 03 &#8211; Pesadora lineal 3 l\u00edneas.<\/li>\n<li>Velocidad de producci\u00f3n : 30 Descargas \/ minuto ( * )<\/li>\n<li>Precisi\u00f3n : +1 Pieza ( * )<\/li>\n<li>Sistema de dosificado para un formato de 3&#215;1 sobre termoformadora a 10 avances \/ minuto.<\/li>\n<li>Posibilidad de adaptar la distancia entre centros de las l\u00edneas de pesaje, para adaptarlo al envase. ( Ver imagen ejemplo Galer\u00eda )<\/li>\n<li>Auto tarado programable.<\/li>\n<li>Recipientes de peso circulares de r\u00e1pida extracci\u00f3n.<\/li>\n<li>M\u00e1xima regulaci\u00f3n de producto mediante dos niveles de cintas totalmente desmontables.<\/li>\n<li>Accionamiento Paso a paso IP-65.<\/li>\n<li>Todos los elementos en contacto con el producto fabricados en ACERO INOXIDABLE.<\/li>\n<li>Tolva de alimentaci\u00f3n No incluida &#8211; Debe ser fabricada s\/ producto .<\/li>\n<li>Trampillas cierre canales, con la que se evita cualquier posible desprendimiento de producto. ( Opcional )<\/li>\n<li>Capacidad de los recipientes : 0.25 Lts \/ 0.50 Lts ( Otros vol\u00famenes bajo pedido )<\/li>\n<li>Dispositivo de rechazo por sobrepeso ( Opcional no incluido)<\/li>\n<li>Dispositivo de dosificado adicional para formato 3&#215;2 ( Opcional no incluido )<\/li>\n<li>Dispositivo introductor del producto dentro del envase \u00bb Sube-Baja\u00bb<\/li>\n<li>Dispositivo de carga de producto ( Tercer Nivel ) mediante SIN-FIN con motorizaci\u00f3n independiente o neum\u00e1tico.<\/li>\n<li>Elevador de producto \/ Volteador de producto.<\/li>\n<li><a href=\"https:\/\/www.youtube.com\/watch?v=ri65AzYDldE\">VER VIDEO<\/a><\/li>\n<li><a href=\"https:\/\/sermaxscales.com.es\/wp-content\/uploads\/2021\/05\/LMB-Sermax-Productos-adherentes-2021-ES.pdf\">VER CAT\u00c1LOGO<\/a><\/li>\n<\/ul>\n<p>&nbsp;<\/p>\n<p>(*) Es necesario estudiar muestras del producto para validar la producci\u00f3n final de esta oferta.<\/p>\n<p>Consulta todos los Opcionales recomendados para tu LMB 03<\/p>\n<p><em>( Ver Productos recomendados debajo )\u00a0<\/em><\/p>\n<p>&nbsp;<\/p>\n<p><strong>Pesadora Exclusiva de Sermax Scales \u00ae.<\/strong><\/p>\n","protected":false},"excerpt":{"rendered":"[video width=\"1920\" height=\"1080\" mp4=\"https:\/\/sermaxscales.com\/eu\/eu\/wp-content\/uploads\/2020\/11\/LMB-360-SERMAX-Spanish.mp4\" autoplay=\"true\" poster=\"https:\/\/sermaxscales.com\/eu\/eu\/wp-content\/uploads\/2020\/11\/DESCUBRE-LMB.png\"][\/video]\n<p>LMB 03 &#8211; Pesadora Lineal &#8211; Hasta 30dpm \/ 250 Gr<\/p>\n","protected":false},"featured_media":3313,"template":"","meta":[],"product_brand":[],"product_cat":[83,102,148,61,62],"product_tag":[63,120,119,107,147,123],"class_list":{"0":"post-3300","1":"product","2":"type-product","3":"status-publish","4":"has-post-thumbnail","6":"product_cat-lmb03","7":"product_cat-pesadoras-con-cintas","8":"product_cat-solucion-completa","9":"product_cat-pesadoras","10":"product_cat-lmb","11":"product_tag-lmb","12":"product_tag-pesadora-de-cintas","13":"product_tag-ready-meals","14":"product_tag-sermax","15":"product_tag-solucion-completa","16":"product_tag-termoformadoras","18":"entry","19":"has-media","21":"first","22":"onbackorder","23":"featured","24":"taxable","25":"shipping-taxable","26":"purchasable","27":"product-type-simple","28":"has-product-nav","29":"col","30":"span_1_of_3","31":"owp-content-left","32":"owp-thumbs-layout-horizontal","33":"owp-btn-normal","34":"owp-tabs-layout-horizontal"},"_links":{"self":[{"href":"https:\/\/sermaxscales.com\/eu\/wp-json\/wp\/v2\/product\/3300","targetHints":{"allow":["GET"]}}],"collection":[{"href":"https:\/\/sermaxscales.com\/eu\/wp-json\/wp\/v2\/product"}],"about":[{"href":"https:\/\/sermaxscales.com\/eu\/wp-json\/wp\/v2\/types\/product"}],"wp:featuredmedia":[{"embeddable":true,"href":"https:\/\/sermaxscales.com\/eu\/wp-json\/wp\/v2\/media\/3313"}],"wp:attachment":[{"href":"https:\/\/sermaxscales.com\/eu\/wp-json\/wp\/v2\/media?parent=3300"}],"wp:term":[{"taxonomy":"product_brand","embeddable":true,"href":"https:\/\/sermaxscales.com\/eu\/wp-json\/wp\/v2\/product_brand?post=3300"},{"taxonomy":"product_cat","embeddable":true,"href":"https:\/\/sermaxscales.com\/eu\/wp-json\/wp\/v2\/product_cat?post=3300"},{"taxonomy":"product_tag","embeddable":true,"href":"https:\/\/sermaxscales.com\/eu\/wp-json\/wp\/v2\/product_tag?post=3300"}],"curies":[{"name":"wp","href":"https:\/\/api.w.org\/{rel}","templated":true}]}}