{"id":3243,"date":"2021-10-14T10:28:44","date_gmt":"2021-10-14T10:28:44","guid":{"rendered":"https:\/\/sermaxscales.com\/eu\/eu\/?post_type=product&#038;p=3243"},"modified":"2022-03-31T17:22:31","modified_gmt":"2022-03-31T17:22:31","slug":"transportador-repartidor-automatico-1-3-puntos","status":"publish","type":"product","link":"https:\/\/sermaxscales.com\/eu\/product\/transportador-repartidor-automatico-1-3-puntos\/","title":{"rendered":"Transportador Repartidor Autom\u00e1tico  1-3 puntos."},"content":{"rendered":"<p>Cinta Retr\u00e1ctil con desplazamiento transversal para carga independiente Punto a Punto.<\/p>\n<ul>\n<li>El cabezal se desplaza autom\u00e1ticamente a cada una de las cintas de recepci\u00f3n \u00f3 Sin-fin de tu pesadora LMB 1 &#8211; 3. ( DE 1 A 3 Posiciones programables por pantalla )<\/li>\n<li>Este sistema de carga est\u00e1 altamente recomendado para una automatizaci\u00f3n \u00f3ptima de la carga del producto.<\/li>\n<li>El producto se mantiene intacto, sin sufrir grandes acumulaciones de volumen y posibles da\u00f1os.<\/li>\n<li>Este repartidor , deber\u00e1 ser cargado manual , o autom\u00e1ticamente\u00a0 con un elevador en \u00abS\u00bb o Cinta transportadora para elevar el producto , a su zona de recepci\u00f3n.<\/li>\n<li>Totalmente desmontable para su limpieza.<\/li>\n<li>Moto-tambor Con Protecci\u00f3n IP-65<\/li>\n<li>Posicionado neum\u00e1tico con amortiguaci\u00f3n el\u00e1stica en final de carrera. ( FESTO)<\/li>\n<\/ul>\n","protected":false},"excerpt":{"rendered":"<p>Repartidor Autom\u00e1tico 1-3 Puntos<\/p>\n","protected":false},"featured_media":3056,"template":"","meta":[],"product_brand":[],"product_cat":[83,84,85,86,81,62,65,74],"product_tag":[],"class_list":{"0":"post-3243","1":"product","2":"type-product","3":"status-publish","4":"has-post-thumbnail","6":"product_cat-lmb03","7":"product_cat-lmb04","8":"product_cat-lmb05","9":"product_cat-lmb06","10":"product_cat-auxiliares","11":"product_cat-lmb","12":"product_cat-perifericos","13":"product_cat-presupuestar","15":"entry","16":"has-media","18":"first","19":"onbackorder","20":"taxable","21":"shipping-taxable","22":"purchasable","23":"product-type-simple","24":"has-product-nav","25":"col","26":"span_1_of_3","27":"owp-content-left","28":"owp-thumbs-layout-horizontal","29":"owp-btn-normal","30":"owp-tabs-layout-horizontal"},"_links":{"self":[{"href":"https:\/\/sermaxscales.com\/eu\/wp-json\/wp\/v2\/product\/3243","targetHints":{"allow":["GET"]}}],"collection":[{"href":"https:\/\/sermaxscales.com\/eu\/wp-json\/wp\/v2\/product"}],"about":[{"href":"https:\/\/sermaxscales.com\/eu\/wp-json\/wp\/v2\/types\/product"}],"wp:featuredmedia":[{"embeddable":true,"href":"https:\/\/sermaxscales.com\/eu\/wp-json\/wp\/v2\/media\/3056"}],"wp:attachment":[{"href":"https:\/\/sermaxscales.com\/eu\/wp-json\/wp\/v2\/media?parent=3243"}],"wp:term":[{"taxonomy":"product_brand","embeddable":true,"href":"https:\/\/sermaxscales.com\/eu\/wp-json\/wp\/v2\/product_brand?post=3243"},{"taxonomy":"product_cat","embeddable":true,"href":"https:\/\/sermaxscales.com\/eu\/wp-json\/wp\/v2\/product_cat?post=3243"},{"taxonomy":"product_tag","embeddable":true,"href":"https:\/\/sermaxscales.com\/eu\/wp-json\/wp\/v2\/product_tag?post=3243"}],"curies":[{"name":"wp","href":"https:\/\/api.w.org\/{rel}","templated":true}]}}