{"id":3043,"date":"2021-02-05T08:04:15","date_gmt":"2021-02-05T08:04:15","guid":{"rendered":"https:\/\/sermaxscales.com\/eu\/eu\/?post_type=product&#038;p=3043"},"modified":"2021-02-07T14:51:29","modified_gmt":"2021-02-07T14:51:29","slug":"lwb-01-pesadora-lineal-a-con-cintas-transportadoras-1-cabezal-sermaxhasta-20-kg-10-12-dpm","status":"publish","type":"product","link":"https:\/\/sermaxscales.com\/eu\/product\/lwb-01-pesadora-lineal-a-con-cintas-transportadoras-1-cabezal-sermaxhasta-20-kg-10-12-dpm\/","title":{"rendered":"LWB-01 Pesadora Lineal a con cintas transportadoras \/ 1 cabezal  \/ SERMAX\u00aeHasta 20 Kg (10-12 dpm)"},"content":{"rendered":"<p>SOLICITAR PRESUPUESTO<\/p>\n<p>Pesadora lineal con cintas transportadoras modelo LWB &#8211; SERMAX\u00ae <strong>hasta 20 Kg.<\/strong><\/p>\n<p>Soluci\u00f3n de pesaje ideal para dosificaci\u00f3n de grandes formatos , hasta un m\u00e1ximo de 20Kg.<\/p>\n<p>Se fabrica en 2 y 3 Niveles ( o alturas )\u00a0 de cintas para conducir, separar y pesar el producto de forma \u00f3ptima y precisa.<\/p>\n<p>Consulta productos relacionados con\u00bb LWB \u00bb , para descubrir sus opcionales.<\/p>\n<p><strong>Producci\u00f3n:<\/strong><\/p>\n<p>LWB-01 : Modelo 1 Cabezal = 10 -12 Descargas \/ minuto.<\/p>\n<p>Dimensiones del producto : Hasta L=180mm<\/p>\n<p>Opcionales :<\/p>\n<p>Recipiente de doble tapa , Tolva de descarga, Chapa grabada anti-adherente , Recipiente precarga ( mayor velocidad ) ..<\/p>\n<p>Consulta Opcionales \u00abLWB\u00bb.<\/p>\n<p><a href=\"https:\/\/youtu.be\/A3Rg_JngXBo\">VER VIDEO<\/a><\/p>\n","protected":false},"excerpt":{"rendered":"[video width=\"640\" height=\"480\" mp4=\"https:\/\/sermaxscales.com\/eu\/eu\/wp-content\/uploads\/2021\/02\/pesadora-de-cintas-Sermax-LWB.mp4\" loop=\"true\" autoplay=\"true\"][\/video]\n<p>Solicita Presupuesto \/ Pesadora lineal CON CINTAS modelo LWB &#8211; SERMAX\u00ae<strong> hasta 20 Kg.<\/strong><\/p>\n","protected":false},"featured_media":3044,"template":"","meta":[],"product_brand":[],"product_cat":[102,61],"product_tag":[113,114,111,107],"class_list":{"0":"post-3043","1":"product","2":"type-product","3":"status-publish","4":"has-post-thumbnail","6":"product_cat-pesadoras-con-cintas","7":"product_cat-pesadoras","8":"product_tag-cintas","9":"product_tag-lwb","10":"product_tag-pesadora-lineal","11":"product_tag-sermax","13":"entry","14":"has-media","16":"first","17":"onbackorder","18":"taxable","19":"shipping-taxable","20":"purchasable","21":"product-type-simple","22":"has-product-nav","23":"col","24":"span_1_of_3","25":"owp-content-left","26":"owp-thumbs-layout-horizontal","27":"owp-btn-normal","28":"owp-tabs-layout-horizontal"},"_links":{"self":[{"href":"https:\/\/sermaxscales.com\/eu\/wp-json\/wp\/v2\/product\/3043","targetHints":{"allow":["GET"]}}],"collection":[{"href":"https:\/\/sermaxscales.com\/eu\/wp-json\/wp\/v2\/product"}],"about":[{"href":"https:\/\/sermaxscales.com\/eu\/wp-json\/wp\/v2\/types\/product"}],"wp:featuredmedia":[{"embeddable":true,"href":"https:\/\/sermaxscales.com\/eu\/wp-json\/wp\/v2\/media\/3044"}],"wp:attachment":[{"href":"https:\/\/sermaxscales.com\/eu\/wp-json\/wp\/v2\/media?parent=3043"}],"wp:term":[{"taxonomy":"product_brand","embeddable":true,"href":"https:\/\/sermaxscales.com\/eu\/wp-json\/wp\/v2\/product_brand?post=3043"},{"taxonomy":"product_cat","embeddable":true,"href":"https:\/\/sermaxscales.com\/eu\/wp-json\/wp\/v2\/product_cat?post=3043"},{"taxonomy":"product_tag","embeddable":true,"href":"https:\/\/sermaxscales.com\/eu\/wp-json\/wp\/v2\/product_tag?post=3043"}],"curies":[{"name":"wp","href":"https:\/\/api.w.org\/{rel}","templated":true}]}}