{"id":3036,"date":"2021-02-03T16:58:34","date_gmt":"2021-02-03T16:58:34","guid":{"rendered":"https:\/\/sermaxscales.com\/eu\/eu\/?post_type=product&#038;p=3036"},"modified":"2021-02-06T18:35:43","modified_gmt":"2021-02-06T18:35:43","slug":"lv-01-pesadora-lineal-a-vibracion-1-cabezal-sermaxhasta-2-kg-7-10-dpm","status":"publish","type":"product","link":"https:\/\/sermaxscales.com\/eu\/product\/lv-01-pesadora-lineal-a-vibracion-1-cabezal-sermaxhasta-2-kg-7-10-dpm\/","title":{"rendered":"LV-01 Pesadora Lineal a Vibraci\u00f3n \/ 1 cabezal  \/ SERMAX\u00aeHasta 2 Kg (7-10 dpm)"},"content":{"rendered":"<p>Pesadora lineal a vibraci\u00f3n modelo LV- SERMAX\u00ae <strong>hasta 2 Kg.<\/strong><\/p>\n<p>Soluci\u00f3n de pesaje ideal para dosificaci\u00f3n de\u00a0 productos granulados y\/o congelados\u00a0 desde 50 gr, hasta un m\u00e1ximo de 2 Kg. ( aprox seg\u00fan densidad del producto)<\/p>\n<p>Se fabrica en 2 y 3 Niveles ( <a href=\"https:\/\/sermaxscales.com\/eu\/eu\/product\/tolva-fv100-lts-sermax\/\">A\u00f1ade Tolva FV100<\/a> )\u00a0 de vibraci\u00f3n para conducir, separar y pesar el producto de forma \u00f3ptima y precisa. ( VER \u00faltima imagen galer\u00eda )<\/p>\n<p>Consulta productos relacionados con\u00bb LV \u00bb , para descubrir sus opcionales.<\/p>\n<p><strong>Producci\u00f3n:<\/strong><\/p>\n<p>LV-01 : Modelo 1 Cabezal = -0-12 Descargas \/ minuto. (*)<\/p>\n<p>Dimensiones del producto : Hasta L=30 mm ( otras dimensiones a consultar )<\/p>\n<p>Opcionales que puedes a\u00f1adir ( no incluidos en precio ) :<\/p>\n<p>Recipiente de doble tapa , Tolva de descarga, Chapa grabada anti-adherente , Recipiente precarga ( mayor velocidad ) ..<\/p>\n<p>Consulta Opcionales \u00abLV\u00bb.<\/p>\n<p><a href=\"https:\/\/youtu.be\/VK3Arp0CSto\"><strong>VER VIDEO AHORA<\/strong><\/a><\/p>\n<p><strong>A\u00f1ade m\u00e1s m\u00f3dulos de pesaje para mayor producci\u00f3n:<\/strong><\/p>\n<p>(*) Consulta otros modelos para m\u00e1s producci\u00f3n:<\/p>\n<p>LV-01\u00a0 \/ 1 Cabezal\u00a0 \u00a0 \/\u00a0 = 10 &#8211; 12 Descargas \/ min<\/p>\n<p>LV-02 \/ 2 Cabezales \/\u00a0 = 20 &#8211; 24 Descargas \/ min<\/p>\n<p>LV-03 \/ 3 Cabezales \/\u00a0 = 30 &#8211; 36 Descargas \/ min<\/p>\n<p>LV-04 \/ 4 Cabezales \/\u00a0 = 40 &#8211; 48 Descargas \/ min<\/p>\n","protected":false},"excerpt":{"rendered":"<p>Pesadora lineal a vibraci\u00f3n modelo LV 01 &#8211; SERMAX\u00ae<strong> hasta 2 Kg.<\/strong><\/p>\n","protected":false},"featured_media":3037,"template":"","meta":[],"product_brand":[],"product_cat":[88,61],"product_tag":[112,111,107],"class_list":{"0":"post-3036","1":"product","2":"type-product","3":"status-publish","4":"has-post-thumbnail","6":"product_cat-pesadoras-a-vibracion","7":"product_cat-pesadoras","8":"product_tag-0-12dpm","9":"product_tag-pesadora-lineal","10":"product_tag-sermax","12":"entry","13":"has-media","15":"first","16":"onbackorder","17":"taxable","18":"shipping-taxable","19":"purchasable","20":"product-type-simple","21":"has-product-nav","22":"col","23":"span_1_of_3","24":"owp-content-left","25":"owp-thumbs-layout-horizontal","26":"owp-btn-normal","27":"owp-tabs-layout-horizontal"},"_links":{"self":[{"href":"https:\/\/sermaxscales.com\/eu\/wp-json\/wp\/v2\/product\/3036","targetHints":{"allow":["GET"]}}],"collection":[{"href":"https:\/\/sermaxscales.com\/eu\/wp-json\/wp\/v2\/product"}],"about":[{"href":"https:\/\/sermaxscales.com\/eu\/wp-json\/wp\/v2\/types\/product"}],"wp:featuredmedia":[{"embeddable":true,"href":"https:\/\/sermaxscales.com\/eu\/wp-json\/wp\/v2\/media\/3037"}],"wp:attachment":[{"href":"https:\/\/sermaxscales.com\/eu\/wp-json\/wp\/v2\/media?parent=3036"}],"wp:term":[{"taxonomy":"product_brand","embeddable":true,"href":"https:\/\/sermaxscales.com\/eu\/wp-json\/wp\/v2\/product_brand?post=3036"},{"taxonomy":"product_cat","embeddable":true,"href":"https:\/\/sermaxscales.com\/eu\/wp-json\/wp\/v2\/product_cat?post=3036"},{"taxonomy":"product_tag","embeddable":true,"href":"https:\/\/sermaxscales.com\/eu\/wp-json\/wp\/v2\/product_tag?post=3036"}],"curies":[{"name":"wp","href":"https:\/\/api.w.org\/{rel}","templated":true}]}}