{"id":3034,"date":"2021-02-03T16:00:16","date_gmt":"2021-02-03T16:00:16","guid":{"rendered":"https:\/\/sermaxscales.com\/eu\/eu\/?post_type=product&#038;p=3034"},"modified":"2025-01-08T15:27:16","modified_gmt":"2025-01-08T15:27:16","slug":"lwg-01-pesadora-lineal-contadora-de-tornillos-1-cabezal-sermaxhasta-20-kg-7-10-dpm","status":"publish","type":"product","link":"https:\/\/sermaxscales.com\/eu\/product\/lwg-01-pesadora-lineal-contadora-de-tornillos-1-cabezal-sermaxhasta-20-kg-7-10-dpm\/","title":{"rendered":"LWG-01 Pesadora Lineal Contadora de tornillos 1 cabezal  \/ SERMAX\u00aeHasta 20 Kg (4-6 dpm)"},"content":{"rendered":"<p>Pesadora lineal a vibraci\u00f3n modelo LWG &#8211; SERMAX\u00ae <strong>hasta 20 Kg.<\/strong><\/p>\n<p>Soluci\u00f3n de pesaje ideal para dosificaci\u00f3n de grandes formatos , hasta un m\u00e1ximo de 20Kg.<\/p>\n<p>Se fabrica en 2 y 3 Niveles ( 3r Nivel opcional )\u00a0 de vibraci\u00f3n para conducir, separar y pesar el producto de forma \u00f3ptima y precisa.<\/p>\n<p>Pantalla t\u00e1ctil color 10.4&#8243;<strong> Software especial contado-pesado de TORNILLOS.<\/strong><\/p>\n<p>Consulta productos relacionados con\u00bb LWG \u00bb , para descubrir sus opcionales.<\/p>\n<p><strong>Producci\u00f3n:<\/strong><\/p>\n<p>LWG-01 : Modelo 1 Cabezal = 4 &#8211; 6 Descargas \/ minuto.<\/p>\n<p>Dimensiones del producto : Hasta L=120mm<\/p>\n<p>Opcionales recomendados:<\/p>\n<p>Soporte de pesadora, Recipiente de doble tapa , Tolva de descarga, Chapa grabada anti-adherente , Acabado engomado en canales vibradoras, Recipiente precarga ( mayor velocidad ) ..<\/p>\n<p>Consulta Opcionales \u00abLWG\u00bb.<\/p>\n<p><a href=\"https:\/\/www.youtube.com\/watch?v=skjLuYegnTA\">VER VIDEO\u00a0<\/a><\/p>\n","protected":false},"excerpt":{"rendered":"<p>Pesadora lineal a vibraci\u00f3n modelo LWG &#8211; SERMAX\u00ae<strong> hasta 20 Kg.<\/strong><\/p>\n","protected":false},"featured_media":3035,"template":"","meta":[],"product_brand":[],"product_cat":[101,88,61],"product_tag":[103,110,107,109],"class_list":{"0":"post-3034","1":"product","2":"type-product","3":"status-publish","4":"has-post-thumbnail","6":"product_cat-lwg","7":"product_cat-pesadoras-a-vibracion","8":"product_cat-pesadoras","9":"product_tag-lwg","10":"product_tag-pesadora","11":"product_tag-sermax","12":"product_tag-tornillos","14":"entry","15":"has-media","17":"first","18":"onbackorder","19":"taxable","20":"shipping-taxable","21":"purchasable","22":"product-type-simple","23":"has-product-nav","24":"col","25":"span_1_of_3","26":"owp-content-left","27":"owp-thumbs-layout-horizontal","28":"owp-btn-normal","29":"owp-tabs-layout-horizontal"},"_links":{"self":[{"href":"https:\/\/sermaxscales.com\/eu\/wp-json\/wp\/v2\/product\/3034","targetHints":{"allow":["GET"]}}],"collection":[{"href":"https:\/\/sermaxscales.com\/eu\/wp-json\/wp\/v2\/product"}],"about":[{"href":"https:\/\/sermaxscales.com\/eu\/wp-json\/wp\/v2\/types\/product"}],"wp:featuredmedia":[{"embeddable":true,"href":"https:\/\/sermaxscales.com\/eu\/wp-json\/wp\/v2\/media\/3035"}],"wp:attachment":[{"href":"https:\/\/sermaxscales.com\/eu\/wp-json\/wp\/v2\/media?parent=3034"}],"wp:term":[{"taxonomy":"product_brand","embeddable":true,"href":"https:\/\/sermaxscales.com\/eu\/wp-json\/wp\/v2\/product_brand?post=3034"},{"taxonomy":"product_cat","embeddable":true,"href":"https:\/\/sermaxscales.com\/eu\/wp-json\/wp\/v2\/product_cat?post=3034"},{"taxonomy":"product_tag","embeddable":true,"href":"https:\/\/sermaxscales.com\/eu\/wp-json\/wp\/v2\/product_tag?post=3034"}],"curies":[{"name":"wp","href":"https:\/\/api.w.org\/{rel}","templated":true}]}}