{"id":3011,"date":"2021-01-23T22:51:19","date_gmt":"2021-01-23T22:51:19","guid":{"rendered":"https:\/\/sermaxscales.com\/eu\/eu\/?post_type=product&#038;p=3011"},"modified":"2021-01-27T12:39:33","modified_gmt":"2021-01-27T12:39:33","slug":"lwg-tolva-de-descarga-para-pesadora-lwg-01","status":"publish","type":"product","link":"https:\/\/sermaxscales.com\/eu\/product\/lwg-tolva-de-descarga-para-pesadora-lwg-01\/","title":{"rendered":"LWG &#8211; Tolva de Descarga para pesadora LWG-01"},"content":{"rendered":"<p>Tolva de descarga para pesadoras modelo LWG.<\/p>\n<p>Opcional fabricado en Inox 304.<\/p>\n<p>El di\u00e1metro de descarga se fabrica a petici\u00f3n del Cliente.<\/p>\n<p>Totalmemte desmontable sin necesidad de herramientas.<\/p>\n<p>Dise\u00f1o higi\u00e9nico.<\/p>\n","protected":false},"excerpt":{"rendered":"<p>Tolva de descarga para pesadoras modelo LWG. Opcional fabricado en Inox 304. El di\u00e1metro de descarga se fabrica a petici\u00f3n del Cliente. Totalmemte desmontable sin necesidad de herramientas. Dise\u00f1o higi\u00e9nico.<\/p>\n","protected":false},"featured_media":3012,"template":"","meta":[],"product_brand":[],"product_cat":[75],"product_tag":[103],"class_list":{"0":"post-3011","1":"product","2":"type-product","3":"status-publish","4":"has-post-thumbnail","6":"product_cat-recambio","7":"product_tag-lwg","9":"entry","10":"has-media","12":"first","13":"instock","14":"taxable","15":"shipping-taxable","16":"purchasable","17":"product-type-simple","18":"has-product-nav","19":"col","20":"span_1_of_3","21":"owp-content-left","22":"owp-thumbs-layout-horizontal","23":"owp-btn-normal","24":"owp-tabs-layout-horizontal"},"_links":{"self":[{"href":"https:\/\/sermaxscales.com\/eu\/wp-json\/wp\/v2\/product\/3011","targetHints":{"allow":["GET"]}}],"collection":[{"href":"https:\/\/sermaxscales.com\/eu\/wp-json\/wp\/v2\/product"}],"about":[{"href":"https:\/\/sermaxscales.com\/eu\/wp-json\/wp\/v2\/types\/product"}],"wp:featuredmedia":[{"embeddable":true,"href":"https:\/\/sermaxscales.com\/eu\/wp-json\/wp\/v2\/media\/3012"}],"wp:attachment":[{"href":"https:\/\/sermaxscales.com\/eu\/wp-json\/wp\/v2\/media?parent=3011"}],"wp:term":[{"taxonomy":"product_brand","embeddable":true,"href":"https:\/\/sermaxscales.com\/eu\/wp-json\/wp\/v2\/product_brand?post=3011"},{"taxonomy":"product_cat","embeddable":true,"href":"https:\/\/sermaxscales.com\/eu\/wp-json\/wp\/v2\/product_cat?post=3011"},{"taxonomy":"product_tag","embeddable":true,"href":"https:\/\/sermaxscales.com\/eu\/wp-json\/wp\/v2\/product_tag?post=3011"}],"curies":[{"name":"wp","href":"https:\/\/api.w.org\/{rel}","templated":true}]}}