{"id":3002,"date":"2021-01-23T20:54:50","date_gmt":"2021-01-23T20:54:50","guid":{"rendered":"https:\/\/sermaxscales.com\/eu\/eu\/?post_type=product&#038;p=3002"},"modified":"2021-02-06T18:43:36","modified_gmt":"2021-02-06T18:43:36","slug":"lwg-01-pesadora-lineal-a-vibracion-1-cabezal-sermaxhasta-20-kg-7-10-dpm","status":"publish","type":"product","link":"https:\/\/sermaxscales.com\/eu\/product\/lwg-01-pesadora-lineal-a-vibracion-1-cabezal-sermaxhasta-20-kg-7-10-dpm\/","title":{"rendered":"LWG-01 Pesadora Lineal a Vibraci\u00f3n \/ 1 cabezal  \/ SERMAX\u00aeHasta 20 Kg (7-10 dpm)"},"content":{"rendered":"<p>Pesadora lineal a vibraci\u00f3n modelo LWG &#8211; SERMAX\u00ae <strong>hasta 20 Kg.<\/strong><\/p>\n<p>Soluci\u00f3n de pesaje ideal para dosificaci\u00f3n de grandes formatos , hasta un m\u00e1ximo de 20Kg.<\/p>\n<p>Se fabrica en 2 y 3 Niveles ( o alturas )\u00a0 de vibraci\u00f3n para conducir, separar y pesar el producto de forma \u00f3ptima y precisa.<\/p>\n<p>Consulta productos relacionados con\u00bb LWG \u00bb , para descubrir sus opcionales.<\/p>\n<p><strong>Producci\u00f3n:<\/strong><\/p>\n<p>LWG-01 : Modelo 1 Cabezal = 7 -10 Descargas \/ minuto.<\/p>\n<p>Dimensiones del producto : Hasta L=180mm<\/p>\n<p>Opcionales :<\/p>\n<p>Recipiente de doble tapa , Tolva de descarga, Chapa grabada anti-adherente , Recipiente precarga ( mayor velocidad ) ..<\/p>\n<p>Consulta Opcionales \u00abLWG\u00bb.<\/p>\n","protected":false},"excerpt":{"rendered":"<p>Pesadora lineal a vibraci\u00f3n modelo LWG &#8211; SERMAX\u00ae<strong> hasta 20 Kg.<\/strong><\/p>\n","protected":false},"featured_media":3005,"template":"","meta":[],"product_brand":[],"product_cat":[101,88,61],"product_tag":[],"class_list":{"0":"post-3002","1":"product","2":"type-product","3":"status-publish","4":"has-post-thumbnail","6":"product_cat-lwg","7":"product_cat-pesadoras-a-vibracion","8":"product_cat-pesadoras","10":"entry","11":"has-media","13":"first","14":"onbackorder","15":"taxable","16":"shipping-taxable","17":"purchasable","18":"product-type-simple","19":"has-product-nav","20":"col","21":"span_1_of_3","22":"owp-content-left","23":"owp-thumbs-layout-horizontal","24":"owp-btn-normal","25":"owp-tabs-layout-horizontal"},"_links":{"self":[{"href":"https:\/\/sermaxscales.com\/eu\/wp-json\/wp\/v2\/product\/3002","targetHints":{"allow":["GET"]}}],"collection":[{"href":"https:\/\/sermaxscales.com\/eu\/wp-json\/wp\/v2\/product"}],"about":[{"href":"https:\/\/sermaxscales.com\/eu\/wp-json\/wp\/v2\/types\/product"}],"wp:featuredmedia":[{"embeddable":true,"href":"https:\/\/sermaxscales.com\/eu\/wp-json\/wp\/v2\/media\/3005"}],"wp:attachment":[{"href":"https:\/\/sermaxscales.com\/eu\/wp-json\/wp\/v2\/media?parent=3002"}],"wp:term":[{"taxonomy":"product_brand","embeddable":true,"href":"https:\/\/sermaxscales.com\/eu\/wp-json\/wp\/v2\/product_brand?post=3002"},{"taxonomy":"product_cat","embeddable":true,"href":"https:\/\/sermaxscales.com\/eu\/wp-json\/wp\/v2\/product_cat?post=3002"},{"taxonomy":"product_tag","embeddable":true,"href":"https:\/\/sermaxscales.com\/eu\/wp-json\/wp\/v2\/product_tag?post=3002"}],"curies":[{"name":"wp","href":"https:\/\/api.w.org\/{rel}","templated":true}]}}