{"id":2543,"date":"2020-11-13T21:02:53","date_gmt":"2020-11-13T21:02:53","guid":{"rendered":"https:\/\/sermaxscales.com\/eu\/eu\/?post_type=product&#038;p=2543"},"modified":"2022-03-31T18:40:48","modified_gmt":"2022-03-31T18:40:48","slug":"lmb-04-dispositivo-de-rechazo-por-sobrepeso","status":"publish","type":"product","link":"https:\/\/sermaxscales.com\/eu\/product\/lmb-04-dispositivo-de-rechazo-por-sobrepeso\/","title":{"rendered":"LMB 04 Dispositivo de Rechazo por sobrepeso"},"content":{"rendered":"<p>Dispositivo de rechazo autom\u00e1tico para sobrepeso SERMAX \u00ae<\/p>\n<ul>\n<li>Esta opci\u00f3n permite al cliente establecer en la pantalla t\u00e1ctil un \u00abvalor de sobrepeso\u00bb en gramos.<\/li>\n<li>Una vez que la m\u00e1quina detecta sobrepeso, activa una alarma y se puede conectar a cualquier dispositivo neum\u00e1tico para activar la expulsi\u00f3n del producto, a fin de evitar el sobrepeso dentro de las bandejas.<\/li>\n<li>Incluye hardware adicional con se\u00f1ales de E \/ S adicionales y programaci\u00f3n.<\/li>\n<li>No incluye tolva recogedora de producto rechazado. Se debe ofertar por separado. ( Fabricaci\u00f3n a medida S\/ Layout )<\/li>\n<\/ul>\n","protected":false},"excerpt":{"rendered":"<p>LMB 04 Dispositivo de Rechazo por sobrepeso.<\/p>\n","protected":false},"featured_media":2544,"template":"","meta":[],"product_brand":[],"product_cat":[84,64],"product_tag":[],"class_list":{"0":"post-2543","1":"product","2":"type-product","3":"status-publish","4":"has-post-thumbnail","6":"product_cat-lmb04","7":"product_cat-opcionales-lmb","9":"entry","10":"has-media","12":"first","13":"onbackorder","14":"taxable","15":"shipping-taxable","16":"purchasable","17":"product-type-simple","18":"has-product-nav","19":"col","20":"span_1_of_3","21":"owp-content-left","22":"owp-thumbs-layout-horizontal","23":"owp-btn-normal","24":"owp-tabs-layout-horizontal","25":"has-no-thumbnails"},"_links":{"self":[{"href":"https:\/\/sermaxscales.com\/eu\/wp-json\/wp\/v2\/product\/2543","targetHints":{"allow":["GET"]}}],"collection":[{"href":"https:\/\/sermaxscales.com\/eu\/wp-json\/wp\/v2\/product"}],"about":[{"href":"https:\/\/sermaxscales.com\/eu\/wp-json\/wp\/v2\/types\/product"}],"wp:featuredmedia":[{"embeddable":true,"href":"https:\/\/sermaxscales.com\/eu\/wp-json\/wp\/v2\/media\/2544"}],"wp:attachment":[{"href":"https:\/\/sermaxscales.com\/eu\/wp-json\/wp\/v2\/media?parent=2543"}],"wp:term":[{"taxonomy":"product_brand","embeddable":true,"href":"https:\/\/sermaxscales.com\/eu\/wp-json\/wp\/v2\/product_brand?post=2543"},{"taxonomy":"product_cat","embeddable":true,"href":"https:\/\/sermaxscales.com\/eu\/wp-json\/wp\/v2\/product_cat?post=2543"},{"taxonomy":"product_tag","embeddable":true,"href":"https:\/\/sermaxscales.com\/eu\/wp-json\/wp\/v2\/product_tag?post=2543"}],"curies":[{"name":"wp","href":"https:\/\/api.w.org\/{rel}","templated":true}]}}