{"id":2527,"date":"2020-11-13T12:54:49","date_gmt":"2020-11-13T12:54:49","guid":{"rendered":"https:\/\/sermaxscales.com\/eu\/eu\/?post_type=product&#038;p=2527"},"modified":"2022-03-31T17:20:41","modified_gmt":"2022-03-31T17:20:41","slug":"repartidor-automatico-con-servo-1-6-puntos","status":"publish","type":"product","link":"https:\/\/sermaxscales.com\/eu\/product\/repartidor-automatico-con-servo-1-6-puntos\/","title":{"rendered":"Repartidor Autom\u00e1tico con SERVO 1-6 puntos."},"content":{"rendered":"<p>Cinta Retr\u00e1ctil con cabezal m\u00f3vil mediante Servo- Control.<\/p>\n<ul>\n<li>El cabezal se desplaza autom\u00e1ticamente a cada una de las cintas de recepci\u00f3n \u00f3 Sin-fin de tu pesadora LMB 1 &#8211; 6. ( DE 1 A 6 Posiciones programables por pantalla )<\/li>\n<li>Este sistema de carga est\u00e1 altamente recomendado para una automatizaci\u00f3n \u00f3ptima de la carga del producto.<\/li>\n<li>El producto se mantiene intacto, sin sufrir grandes acumulaciones de volumen y posibles da\u00f1os.<\/li>\n<li>Este repartidor , deber\u00e1 ser cargado manual , o autom\u00e1ticamente\u00a0 con un elevador en \u00abS\u00bb o Cinta transportadora para elevar el producto , a su zona de recepci\u00f3n.<\/li>\n<li>Totalmente desmontable para su limpieza.<\/li>\n<li>Moto-tambor Inon Protecci\u00f3n IP-67<\/li>\n<li>Posicionado del Servo &#8211; Control Integrado en pantalla, con reconocimiento de Punto \u00ab0\u00bb y final de carrera.<\/li>\n<\/ul>\n","protected":false},"excerpt":{"rendered":"<p>Repartidor Autom\u00e1tico con SERVO 1-6 puntos<\/p>\n","protected":false},"featured_media":2528,"template":"","meta":[],"product_brand":[],"product_cat":[83,84,85,86,81,62,74],"product_tag":[],"class_list":{"0":"post-2527","1":"product","2":"type-product","3":"status-publish","4":"has-post-thumbnail","6":"product_cat-lmb03","7":"product_cat-lmb04","8":"product_cat-lmb05","9":"product_cat-lmb06","10":"product_cat-auxiliares","11":"product_cat-lmb","12":"product_cat-presupuestar","14":"entry","15":"has-media","17":"first","18":"onbackorder","19":"taxable","20":"shipping-taxable","21":"purchasable","22":"product-type-simple","23":"has-product-nav","24":"col","25":"span_1_of_3","26":"owp-content-left","27":"owp-thumbs-layout-horizontal","28":"owp-btn-normal","29":"owp-tabs-layout-horizontal"},"_links":{"self":[{"href":"https:\/\/sermaxscales.com\/eu\/wp-json\/wp\/v2\/product\/2527","targetHints":{"allow":["GET"]}}],"collection":[{"href":"https:\/\/sermaxscales.com\/eu\/wp-json\/wp\/v2\/product"}],"about":[{"href":"https:\/\/sermaxscales.com\/eu\/wp-json\/wp\/v2\/types\/product"}],"wp:featuredmedia":[{"embeddable":true,"href":"https:\/\/sermaxscales.com\/eu\/wp-json\/wp\/v2\/media\/2528"}],"wp:attachment":[{"href":"https:\/\/sermaxscales.com\/eu\/wp-json\/wp\/v2\/media?parent=2527"}],"wp:term":[{"taxonomy":"product_brand","embeddable":true,"href":"https:\/\/sermaxscales.com\/eu\/wp-json\/wp\/v2\/product_brand?post=2527"},{"taxonomy":"product_cat","embeddable":true,"href":"https:\/\/sermaxscales.com\/eu\/wp-json\/wp\/v2\/product_cat?post=2527"},{"taxonomy":"product_tag","embeddable":true,"href":"https:\/\/sermaxscales.com\/eu\/wp-json\/wp\/v2\/product_tag?post=2527"}],"curies":[{"name":"wp","href":"https:\/\/api.w.org\/{rel}","templated":true}]}}