{"id":2493,"date":"2020-11-12T23:12:36","date_gmt":"2020-11-12T23:12:36","guid":{"rendered":"https:\/\/sermaxscales.com\/eu\/eu\/?post_type=product&#038;p=2493"},"modified":"2020-12-01T21:21:56","modified_gmt":"2020-12-01T21:21:56","slug":"lmb-armario-electrico-ip-65","status":"publish","type":"product","link":"https:\/\/sermaxscales.com\/eu\/product\/lmb-armario-electrico-ip-65\/","title":{"rendered":"LMB Armario El\u00e9ctrico IP-65"},"content":{"rendered":"<p>Armario el\u00e9ctrico INOX especial para Pesadoras LMB.<\/p>\n<p>Dise\u00f1o higi\u00e9nico y compacto.<\/p>\n<p>Parte superior con inclinaci\u00f3n superior a 30\u00ba.<\/p>\n<p>Fijaci\u00f3n al chasis de la m\u00e1quina mediante sistema de presi\u00f3n, sin taladros.<\/p>\n<p>Conexionado a dispositivos de la pesadora mediante conectores HARTING Han ECO IP-69.<\/p>\n<p>&nbsp;<\/p>\n","protected":false},"excerpt":{"rendered":"<p>Armario el\u00e9ctrico INOX especial para Pesadoras LMB.<\/p>\n","protected":false},"featured_media":2494,"template":"","meta":[],"product_brand":[],"product_cat":[64],"product_tag":[],"class_list":{"0":"post-2493","1":"product","2":"type-product","3":"status-publish","4":"has-post-thumbnail","6":"product_cat-opcionales-lmb","8":"entry","9":"has-media","11":"first","12":"instock","13":"taxable","14":"shipping-taxable","15":"purchasable","16":"product-type-simple","17":"has-product-nav","18":"col","19":"span_1_of_3","20":"owp-content-left","21":"owp-thumbs-layout-horizontal","22":"owp-btn-normal","23":"owp-tabs-layout-horizontal","24":"has-no-thumbnails"},"_links":{"self":[{"href":"https:\/\/sermaxscales.com\/eu\/wp-json\/wp\/v2\/product\/2493","targetHints":{"allow":["GET"]}}],"collection":[{"href":"https:\/\/sermaxscales.com\/eu\/wp-json\/wp\/v2\/product"}],"about":[{"href":"https:\/\/sermaxscales.com\/eu\/wp-json\/wp\/v2\/types\/product"}],"wp:featuredmedia":[{"embeddable":true,"href":"https:\/\/sermaxscales.com\/eu\/wp-json\/wp\/v2\/media\/2494"}],"wp:attachment":[{"href":"https:\/\/sermaxscales.com\/eu\/wp-json\/wp\/v2\/media?parent=2493"}],"wp:term":[{"taxonomy":"product_brand","embeddable":true,"href":"https:\/\/sermaxscales.com\/eu\/wp-json\/wp\/v2\/product_brand?post=2493"},{"taxonomy":"product_cat","embeddable":true,"href":"https:\/\/sermaxscales.com\/eu\/wp-json\/wp\/v2\/product_cat?post=2493"},{"taxonomy":"product_tag","embeddable":true,"href":"https:\/\/sermaxscales.com\/eu\/wp-json\/wp\/v2\/product_tag?post=2493"}],"curies":[{"name":"wp","href":"https:\/\/api.w.org\/{rel}","templated":true}]}}