{"id":2490,"date":"2020-11-12T23:03:02","date_gmt":"2020-11-12T23:03:02","guid":{"rendered":"https:\/\/sermaxscales.com\/eu\/eu\/?post_type=product&#038;p=2490"},"modified":"2021-04-14T23:17:40","modified_gmt":"2021-04-14T23:17:40","slug":"lmb-pantalla-tactil-104-sermax","status":"publish","type":"product","link":"https:\/\/sermaxscales.com\/eu\/product\/lmb-pantalla-tactil-104-sermax\/","title":{"rendered":"LMB &#8211; Pantalla T\u00e1ctil 10,4&#8243; SERMAX\u00ae"},"content":{"rendered":"<p>Pantalla de Control T\u00e1ctil.<\/p>\n<p>Hasta 99 Programas editables , con un Nuevo Interface extremadamente intuitivo.<\/p>\n<p>Conexi\u00f3n USB para introducir im\u00e1genes de productos.<\/p>\n<p>Conexi\u00f3n USB para extracci\u00f3n de datos de producci\u00f3n.<\/p>\n<p>Soporte de pantalla giratorio de alta resistencia\u00a0 fabricado en INOX-304.<\/p>\n<p>Grado de protecci\u00f3n IP-65.<\/p>\n<p><strong>Una pantalla controla hasta 6 L\u00edneas del modelo LMB.<\/strong><\/p>\n<p>&nbsp;<\/p>\n","protected":false},"excerpt":{"rendered":"<p>Pantalla de Control T\u00e1ctil para LMB Sermax \u00ae<\/p>\n","protected":false},"featured_media":2491,"template":"","meta":[],"product_brand":[],"product_cat":[64,75],"product_tag":[67,69,68,70],"class_list":{"0":"post-2490","1":"product","2":"type-product","3":"status-publish","4":"has-post-thumbnail","6":"product_cat-opcionales-lmb","7":"product_cat-recambio","8":"product_tag-lmb02","9":"product_tag-lmb03","10":"product_tag-lmb04","11":"product_tag-lmb05","13":"entry","14":"has-media","16":"first","17":"instock","18":"taxable","19":"shipping-taxable","20":"purchasable","21":"product-type-simple","22":"has-product-nav","23":"col","24":"span_1_of_3","25":"owp-content-left","26":"owp-thumbs-layout-horizontal","27":"owp-btn-normal","28":"owp-tabs-layout-horizontal"},"_links":{"self":[{"href":"https:\/\/sermaxscales.com\/eu\/wp-json\/wp\/v2\/product\/2490","targetHints":{"allow":["GET"]}}],"collection":[{"href":"https:\/\/sermaxscales.com\/eu\/wp-json\/wp\/v2\/product"}],"about":[{"href":"https:\/\/sermaxscales.com\/eu\/wp-json\/wp\/v2\/types\/product"}],"wp:featuredmedia":[{"embeddable":true,"href":"https:\/\/sermaxscales.com\/eu\/wp-json\/wp\/v2\/media\/2491"}],"wp:attachment":[{"href":"https:\/\/sermaxscales.com\/eu\/wp-json\/wp\/v2\/media?parent=2490"}],"wp:term":[{"taxonomy":"product_brand","embeddable":true,"href":"https:\/\/sermaxscales.com\/eu\/wp-json\/wp\/v2\/product_brand?post=2490"},{"taxonomy":"product_cat","embeddable":true,"href":"https:\/\/sermaxscales.com\/eu\/wp-json\/wp\/v2\/product_cat?post=2490"},{"taxonomy":"product_tag","embeddable":true,"href":"https:\/\/sermaxscales.com\/eu\/wp-json\/wp\/v2\/product_tag?post=2490"}],"curies":[{"name":"wp","href":"https:\/\/api.w.org\/{rel}","templated":true}]}}