{"id":2479,"date":"2020-11-12T22:28:23","date_gmt":"2020-11-12T22:28:23","guid":{"rendered":"https:\/\/sermaxscales.com\/eu\/eu\/?post_type=product&#038;p=2479"},"modified":"2022-03-31T20:56:41","modified_gmt":"2022-03-31T20:56:41","slug":"lmb-05-dispositivo-sinfin","status":"publish","type":"product","link":"https:\/\/sermaxscales.com\/eu\/product\/lmb-05-dispositivo-sinfin\/","title":{"rendered":"LMB 05 Dispositivo SINFIN"},"content":{"rendered":"<p>Dispositivo Opcional para tu LMB 05 &#8211; Productos adherentes &#8211;<\/p>\n<p>SINFIN fabricado en Nylon FDA y tolvas en INOX &#8211; 304 ( 316L Bajo encargo )<\/p>\n<p>Provisto de Servo-Motor Independiente por cada l\u00ednea.<\/p>\n<p>F\u00e1cil desmontaje para limpieza.<\/p>\n<p>Disponible en Paso = 20 \/ 30 \/ 40 mm ) Indicar en Pedido.<\/p>\n<p>PRECIO S\u00d3LO V\u00c1LIDO PARA A\u00d1ADIRLO EN EL MOMENTO DE COMPRA DE UNA PESADORA LMB 05.<\/p>\n<p>&nbsp;<\/p>\n","protected":false},"excerpt":{"rendered":"<p>Tolvas SINFIN\u00a0 &#8211; Opcional para tu LMB 05 &#8211;<\/p>\n<p>&nbsp;<\/p>\n","protected":false},"featured_media":2480,"template":"","meta":[],"product_brand":[],"product_cat":[85,62,64],"product_tag":[63,70,66],"class_list":{"0":"post-2479","1":"product","2":"type-product","3":"status-publish","4":"has-post-thumbnail","6":"product_cat-lmb05","7":"product_cat-lmb","8":"product_cat-opcionales-lmb","9":"product_tag-lmb","10":"product_tag-lmb05","11":"product_tag-sinfin","13":"entry","14":"has-media","16":"first","17":"instock","18":"taxable","19":"shipping-taxable","20":"purchasable","21":"product-type-simple","22":"has-product-nav","23":"col","24":"span_1_of_3","25":"owp-content-left","26":"owp-thumbs-layout-horizontal","27":"owp-btn-normal","28":"owp-tabs-layout-horizontal"},"_links":{"self":[{"href":"https:\/\/sermaxscales.com\/eu\/wp-json\/wp\/v2\/product\/2479","targetHints":{"allow":["GET"]}}],"collection":[{"href":"https:\/\/sermaxscales.com\/eu\/wp-json\/wp\/v2\/product"}],"about":[{"href":"https:\/\/sermaxscales.com\/eu\/wp-json\/wp\/v2\/types\/product"}],"wp:featuredmedia":[{"embeddable":true,"href":"https:\/\/sermaxscales.com\/eu\/wp-json\/wp\/v2\/media\/2480"}],"wp:attachment":[{"href":"https:\/\/sermaxscales.com\/eu\/wp-json\/wp\/v2\/media?parent=2479"}],"wp:term":[{"taxonomy":"product_brand","embeddable":true,"href":"https:\/\/sermaxscales.com\/eu\/wp-json\/wp\/v2\/product_brand?post=2479"},{"taxonomy":"product_cat","embeddable":true,"href":"https:\/\/sermaxscales.com\/eu\/wp-json\/wp\/v2\/product_cat?post=2479"},{"taxonomy":"product_tag","embeddable":true,"href":"https:\/\/sermaxscales.com\/eu\/wp-json\/wp\/v2\/product_tag?post=2479"}],"curies":[{"name":"wp","href":"https:\/\/api.w.org\/{rel}","templated":true}]}}