{"id":2467,"date":"2020-11-12T22:15:44","date_gmt":"2020-11-12T22:15:44","guid":{"rendered":"https:\/\/sermaxscales.com\/eu\/eu\/?post_type=product&#038;p=2467"},"modified":"2022-03-31T12:30:26","modified_gmt":"2022-03-31T12:30:26","slug":"lmb-02-dispositivo-sinfin","status":"publish","type":"product","link":"https:\/\/sermaxscales.com\/eu\/product\/lmb-02-dispositivo-sinfin\/","title":{"rendered":"LMB 02 Dispositivo SINFIN"},"content":{"rendered":"<p>Dispositivo Opcional para tu LMB 02 &#8211; Productos adherentes &#8211;<\/p>\n<p>SINFIN fabricado en Nylon FDA y tolvas en INOX &#8211; 304 ( 316L Bajo encargo )<\/p>\n<p>Provisto de Servo-Motor Independiente por cada l\u00ednea.<\/p>\n<p>F\u00e1cil desmontaje para limpieza.<\/p>\n<p>Disponible en Paso = 20 \/ 30 \/ 40 mm ) Indicar en Pedido.<\/p>\n<p>PRECIO S\u00d3LO V\u00c1LIDO PARA A\u00d1ADIRLO EN EL MOMENTO DE COMPRA DE UNA PESADORA LMB 02.<\/p>\n","protected":false},"excerpt":{"rendered":"<p>Tolvas SINFIN\u00a0 &#8211; Opcional para tu LMB 02 &#8211;<\/p>\n<p>&nbsp;<\/p>\n","protected":false},"featured_media":2468,"template":"","meta":[],"product_brand":[],"product_cat":[82,64],"product_tag":[63,67,66],"class_list":{"0":"post-2467","1":"product","2":"type-product","3":"status-publish","4":"has-post-thumbnail","6":"product_cat-lmb02","7":"product_cat-opcionales-lmb","8":"product_tag-lmb","9":"product_tag-lmb02","10":"product_tag-sinfin","12":"entry","13":"has-media","15":"first","16":"instock","17":"taxable","18":"shipping-taxable","19":"purchasable","20":"product-type-simple","21":"has-product-nav","22":"col","23":"span_1_of_3","24":"owp-content-left","25":"owp-thumbs-layout-horizontal","26":"owp-btn-normal","27":"owp-tabs-layout-horizontal"},"_links":{"self":[{"href":"https:\/\/sermaxscales.com\/eu\/wp-json\/wp\/v2\/product\/2467","targetHints":{"allow":["GET"]}}],"collection":[{"href":"https:\/\/sermaxscales.com\/eu\/wp-json\/wp\/v2\/product"}],"about":[{"href":"https:\/\/sermaxscales.com\/eu\/wp-json\/wp\/v2\/types\/product"}],"wp:featuredmedia":[{"embeddable":true,"href":"https:\/\/sermaxscales.com\/eu\/wp-json\/wp\/v2\/media\/2468"}],"wp:attachment":[{"href":"https:\/\/sermaxscales.com\/eu\/wp-json\/wp\/v2\/media?parent=2467"}],"wp:term":[{"taxonomy":"product_brand","embeddable":true,"href":"https:\/\/sermaxscales.com\/eu\/wp-json\/wp\/v2\/product_brand?post=2467"},{"taxonomy":"product_cat","embeddable":true,"href":"https:\/\/sermaxscales.com\/eu\/wp-json\/wp\/v2\/product_cat?post=2467"},{"taxonomy":"product_tag","embeddable":true,"href":"https:\/\/sermaxscales.com\/eu\/wp-json\/wp\/v2\/product_tag?post=2467"}],"curies":[{"name":"wp","href":"https:\/\/api.w.org\/{rel}","templated":true}]}}