{"id":2462,"date":"2020-11-12T21:53:18","date_gmt":"2020-11-12T21:53:18","guid":{"rendered":"https:\/\/sermaxscales.com\/eu\/eu\/?post_type=product&#038;p=2462"},"modified":"2023-12-27T13:23:22","modified_gmt":"2023-12-27T13:23:22","slug":"pesadora-lineal-lmb-03-30-dpm","status":"publish","type":"product","link":"https:\/\/sermaxscales.com\/eu\/product\/pesadora-lineal-lmb-03-30-dpm\/","title":{"rendered":"LMB 03 Pesadora Lineal Triple \/ 30 Dpm"},"content":{"rendered":"<p>Pesadora Lineal Exclusiva de Sermax Scales \u00ae. LMB 03 &#8211; Pesadora lineal 3 l\u00edneas.<\/p>\n<p>Dise\u00f1ada para todo tipo de productos hasta longitud \u00f3 \u00d8 30 mm \/ pieza unitaria.<\/p>\n<p>IDEAL para dosificado en Termoformadoras , Termoselladoras y cintas transportadoras.<\/p>\n<p>Especialmente dise\u00f1ada para productos adherentes, frescos y\/o fr\u00e1giles que no pueden ser transportados con vibradores y que requieren ca\u00eddas reducidas ,<\/p>\n<p>Alta precisi\u00f3n y fiabilidad en la pesada.<\/p>\n<p>Est\u00e1 compuesta por los siguientes elementos :<\/p>\n<ul>\n<li>Velocidad de producci\u00f3n : 30 Descargas \/ minuto ( * )<\/li>\n<li>Precisi\u00f3n : +1 Pieza ( * )<\/li>\n<li>Posibilidad de adaptar la distancia entre centros de las l\u00edneas de pesaje, para adaptarlo al envase. ( Ver imagen ejemplo Galer\u00eda )<\/li>\n<li>Auto tarado programable.<\/li>\n<li>Recipientes de peso circulares de r\u00e1pida extracci\u00f3n.<\/li>\n<li>M\u00e1xima regulaci\u00f3n de producto mediante dos niveles de cintas totalmente desmontables.<\/li>\n<li>Accionamiento Paso a paso IP-65.<\/li>\n<li>Todos los elementos en contacto con el producto fabricados en ACERO INOXIDABLE.<\/li>\n<li>Tolva de alimentaci\u00f3n No incluida &#8211; Debe ser fabricada s\/ producto .<\/li>\n<li>Trampillas cierre canales, con la que se evita cualquier posible desprendimiento de producto. ( Opcional )<\/li>\n<li>Capacidad de los recipientes : 0.25 Lts ( Otros vol\u00famenes bajo pedido )<\/li>\n<li>Dispositivo de rechazo por sobrepeso ( Opcional )<\/li>\n<li>Dispositivo introductor del producto dentro del envase \u00bb Sube-Baja\u00bb ( Opcional )<\/li>\n<li>Dispositivo de carga de producto ( Tercer Nivel ) mediante SIN-FIN con motorizaci\u00f3n independiente ( Opcional )<\/li>\n<li><a href=\"https:\/\/www.youtube.com\/watch?v=ri65AzYDldE\">VER VIDEO<\/a><\/li>\n<li><a href=\"https:\/\/sermaxscales.com.es\/wp-content\/uploads\/2020\/11\/CATALOGO_EDS-V2.1-1.pdf\">VER CAT\u00c1LOGO<\/a><\/li>\n<\/ul>\n<p>&nbsp;<\/p>\n<p>(*) Es necesario estudiar muestras del producto para validar la producci\u00f3n final de esta oferta.<\/p>\n<p>Consulta todos los Opcionales recomendados para tu LMB 03<\/p>\n<p><em>( Ver Productos recomendados debajo )\u00a0<\/em><\/p>\n<p>&nbsp;<\/p>\n<p><strong>Pesadora Exclusiva de Sermax Scales \u00ae.<\/strong><\/p>\n","protected":false},"excerpt":{"rendered":"[video width=\"1920\" height=\"1080\" mp4=\"https:\/\/sermaxscales.com\/eu\/eu\/wp-content\/uploads\/2020\/11\/LMB-360-SERMAX-Spanish.mp4\" autoplay=\"true\" poster=\"https:\/\/sermaxscales.com\/eu\/eu\/wp-content\/uploads\/2020\/11\/DESCUBRE-LMB.png\"][\/video]\n<p>LMB 03 &#8211; Pesadora Lineal &#8211; Hasta 30dpm \/ 250 Gr<\/p>\n","protected":false},"featured_media":2532,"template":"","meta":[],"product_brand":[],"product_cat":[83,102,61,62],"product_tag":[63,120,119,107,123],"class_list":{"0":"post-2462","1":"product","2":"type-product","3":"status-publish","4":"has-post-thumbnail","6":"product_cat-lmb03","7":"product_cat-pesadoras-con-cintas","8":"product_cat-pesadoras","9":"product_cat-lmb","10":"product_tag-lmb","11":"product_tag-pesadora-de-cintas","12":"product_tag-ready-meals","13":"product_tag-sermax","14":"product_tag-termoformadoras","16":"entry","17":"has-media","19":"first","20":"onbackorder","21":"featured","22":"taxable","23":"shipping-taxable","24":"purchasable","25":"product-type-simple","26":"has-product-nav","27":"col","28":"span_1_of_3","29":"owp-content-left","30":"owp-thumbs-layout-horizontal","31":"owp-btn-normal","32":"owp-tabs-layout-horizontal"},"_links":{"self":[{"href":"https:\/\/sermaxscales.com\/eu\/wp-json\/wp\/v2\/product\/2462","targetHints":{"allow":["GET"]}}],"collection":[{"href":"https:\/\/sermaxscales.com\/eu\/wp-json\/wp\/v2\/product"}],"about":[{"href":"https:\/\/sermaxscales.com\/eu\/wp-json\/wp\/v2\/types\/product"}],"wp:featuredmedia":[{"embeddable":true,"href":"https:\/\/sermaxscales.com\/eu\/wp-json\/wp\/v2\/media\/2532"}],"wp:attachment":[{"href":"https:\/\/sermaxscales.com\/eu\/wp-json\/wp\/v2\/media?parent=2462"}],"wp:term":[{"taxonomy":"product_brand","embeddable":true,"href":"https:\/\/sermaxscales.com\/eu\/wp-json\/wp\/v2\/product_brand?post=2462"},{"taxonomy":"product_cat","embeddable":true,"href":"https:\/\/sermaxscales.com\/eu\/wp-json\/wp\/v2\/product_cat?post=2462"},{"taxonomy":"product_tag","embeddable":true,"href":"https:\/\/sermaxscales.com\/eu\/wp-json\/wp\/v2\/product_tag?post=2462"}],"curies":[{"name":"wp","href":"https:\/\/api.w.org\/{rel}","templated":true}]}}