{"id":2457,"date":"2020-11-12T21:51:07","date_gmt":"2020-11-12T21:51:07","guid":{"rendered":"https:\/\/sermaxscales.com\/eu\/eu\/?post_type=product&#038;p=2457"},"modified":"2022-03-31T12:33:48","modified_gmt":"2022-03-31T12:33:48","slug":"pesadora-lineal-lmb-02-20-dpm","status":"publish","type":"product","link":"https:\/\/sermaxscales.com\/eu\/product\/pesadora-lineal-lmb-02-20-dpm\/","title":{"rendered":"LMB 02 Pesadora Lineal Doble \/ 20 Dpm \/ Solicita precio ahora \/"},"content":{"rendered":"<p>Pesadora Exclusiva de Sermax Scales \u00ae. LMB 02 &#8211; Pesadora lineal 2 l\u00edneas con cintas transportadoras.<\/p>\n<p>Dise\u00f1ada para todo tipo de productos hasta longitud \u00f3 \u00d8 30 mm \/ pieza unitaria.<\/p>\n<p>Especialmente dise\u00f1ada para productos adherentes, frescos y\/o fr\u00e1giles que no pueden ser transportados con vibradores y que requieren ca\u00eddas reducidas ,<\/p>\n<p>Alta precisi\u00f3n y fiabilidad en la pesada.<\/p>\n<p>Est\u00e1 compuesta por los siguientes elementos :<\/p>\n<ul>\n<li>Velocidad de producci\u00f3n : 20 Descargas \/ minuto ( * )<\/li>\n<li>Precisi\u00f3n : +1 Pieza ( * )<\/li>\n<li>Posibilidad de adaptar la distancia entre centros de las l\u00edneas de pesaje, para adaptarlo al envase. ( Ver imagen ejemplo Galer\u00eda )<\/li>\n<li>Auto tarado programable.<\/li>\n<li>Recipientes de peso circulares de r\u00e1pida extracci\u00f3n.<\/li>\n<li>M\u00e1xima regulaci\u00f3n de producto mediante dos niveles de cintas totalmente desmontables.<\/li>\n<li>Accionamiento Paso a paso IP-65.<\/li>\n<li>Todos los elementos en contacto con el producto fabricados en ACERO INOXIDABLE.<\/li>\n<li>Tolva de alimentaci\u00f3n No incluida &#8211; Debe ser fabricada s\/ producto .<\/li>\n<li>Trampillas cierre canales, con la que se evita cualquier posible desprendimiento de producto. ( Opcional )<\/li>\n<li>Capacidad de los recipientes : 0.25 Lts ( Otros vol\u00famenes bajo pedido )<\/li>\n<li>Dispositivo de rechazo por sobrepeso ( Opcional )<\/li>\n<li>Dispositivo introductor del producto dentro del envase \u00bb Sube-Baja\u00bb ( Opcional )<\/li>\n<li>Dispositivo de carga de producto ( Tercer Nivel ) mediante SIN-FIN con motorizaci\u00f3n independiente ( Opcional )<\/li>\n<li><a href=\"https:\/\/www.youtube.com\/watch?v=fQrjjLys3KY\">VER VIDEO<\/a><\/li>\n<li><a href=\"https:\/\/sermaxscales.com.es\/wp-content\/uploads\/2021\/05\/LMB-Sermax-Productos-adherentes-2021-ES.pdf\">VER CAT\u00c1LOGO ( Espa\u00f1ol )<\/a><\/li>\n<li><a href=\"https:\/\/sermaxscales.com.es\/wp-content\/uploads\/2021\/05\/LMB-Sermax-Sticky-products-2021-EN.pdf\">VER CAT\u00c1LOGO ( Ingl\u00e9s)\u00a0<\/a><\/li>\n<\/ul>\n<p>&nbsp;<\/p>\n<p>(*) Es necesario estudiar muestras del producto para validar la producci\u00f3n final de esta oferta.<\/p>\n<p>Consulta todos los Opcionales recomendados para tu LMB 02<\/p>\n<p><em>( Ver Productos recomendados debajo )\u00a0<\/em><\/p>\n","protected":false},"excerpt":{"rendered":"<p>LMB02 &#8211; Pesadora Doble &#8211; Hasta 20 dpm \/ 250 Gr<\/p>\n","protected":false},"featured_media":3057,"template":"","meta":[],"product_brand":[],"product_cat":[82,102,61,62],"product_tag":[124,122,113,121,63,67,111,125,107,123,146],"class_list":{"0":"post-2457","1":"product","2":"type-product","3":"status-publish","4":"has-post-thumbnail","6":"product_cat-lmb02","7":"product_cat-pesadoras-con-cintas","8":"product_cat-pesadoras","9":"product_cat-lmb","10":"product_tag-adherentes","11":"product_tag-bandejas","12":"product_tag-cintas","13":"product_tag-fruta","14":"product_tag-lmb","15":"product_tag-lmb02","16":"product_tag-pesadora-lineal","17":"product_tag-readymeals","18":"product_tag-sermax","19":"product_tag-termoformadoras","20":"product_tag-topping","22":"entry","23":"has-media","25":"first","26":"onbackorder","27":"featured","28":"taxable","29":"shipping-taxable","30":"purchasable","31":"product-type-simple","32":"has-product-nav","33":"col","34":"span_1_of_3","35":"owp-content-left","36":"owp-thumbs-layout-horizontal","37":"owp-btn-normal","38":"owp-tabs-layout-horizontal"},"_links":{"self":[{"href":"https:\/\/sermaxscales.com\/eu\/wp-json\/wp\/v2\/product\/2457","targetHints":{"allow":["GET"]}}],"collection":[{"href":"https:\/\/sermaxscales.com\/eu\/wp-json\/wp\/v2\/product"}],"about":[{"href":"https:\/\/sermaxscales.com\/eu\/wp-json\/wp\/v2\/types\/product"}],"wp:featuredmedia":[{"embeddable":true,"href":"https:\/\/sermaxscales.com\/eu\/wp-json\/wp\/v2\/media\/3057"}],"wp:attachment":[{"href":"https:\/\/sermaxscales.com\/eu\/wp-json\/wp\/v2\/media?parent=2457"}],"wp:term":[{"taxonomy":"product_brand","embeddable":true,"href":"https:\/\/sermaxscales.com\/eu\/wp-json\/wp\/v2\/product_brand?post=2457"},{"taxonomy":"product_cat","embeddable":true,"href":"https:\/\/sermaxscales.com\/eu\/wp-json\/wp\/v2\/product_cat?post=2457"},{"taxonomy":"product_tag","embeddable":true,"href":"https:\/\/sermaxscales.com\/eu\/wp-json\/wp\/v2\/product_tag?post=2457"}],"curies":[{"name":"wp","href":"https:\/\/api.w.org\/{rel}","templated":true}]}}