{"id":2359,"date":"2020-11-10T21:50:28","date_gmt":"2020-11-10T21:50:28","guid":{"rendered":"https:\/\/sermaxscales.com\/eu\/eu\/?post_type=product&#038;p=2359"},"modified":"2021-02-07T16:01:54","modified_gmt":"2021-02-07T16:01:54","slug":"tolva-fv100-lts-sermax","status":"publish","type":"product","link":"https:\/\/sermaxscales.com\/eu\/product\/tolva-fv100-lts-sermax\/","title":{"rendered":"TOLVA ALIMENTADORA VIBRADORA FV100 LTS SERMAX \u00ae"},"content":{"rendered":"<ul>\n<li>Tolva vibradora de capacidad 100 Lts , ideal para carga de productos granulados y\/o congelados.<\/li>\n<li><strong>Recomendaci\u00f3n<\/strong> : Inst\u00e1lala como tolva receptora <strong>para nuestras pesadoras <a href=\"https:\/\/sermaxscales.com\/eu\/eu\/product\/lw-01-pesadora-lineal-a-vibracion-1-cabezal-sermaxhasta-2-kg-7-10-dpm\/\">LW<\/a> y <a href=\"https:\/\/sermaxscales.com\/eu\/eu\/product\/lv-01-pesadora-lineal-a-vibracion-1-cabezal-sermaxhasta-2-kg-7-10-dpm\/\">LV<\/a> <\/strong>para ganar autonom\u00eda y optimizar el flujo de alimentaci\u00f3n producto. (Obt\u00e9n descuento adicional )<\/li>\n<li>Recomendada para dosificar el producto de forma regular a elevadores , o para ser incorporada como\u00a0tercer nivel de vibraci\u00f3n de otras pesadoras.<\/li>\n<li>Tolva contenedora y estructura fabricada en <strong>Inox-304.<\/strong><\/li>\n<li>Vibrador provisto de doble bobina recubierta , con nivel de protecci\u00f3n IP-65.<\/li>\n<li>Placa base de vibrador fabricada en <strong>F-111<\/strong> con recubrimiento de pintura polvo RAAL 3009 ( Gran adherencia )<\/li>\n<li>Fabricaci\u00f3n de la placa de Vibrador en <strong>Inox-304<\/strong> , bajo encargo.<\/li>\n<\/ul>\n","protected":false},"excerpt":{"rendered":"[video width=\"600\" height=\"480\" mp4=\"https:\/\/sermaxscales.com\/eu\/eu\/wp-content\/uploads\/2020\/11\/FV100-TOLVA-VIBRADORA-ALIMENTADOR-VIBRANTE-SERMAX.mp4\" loop=\"true\" autoplay=\"true\"][\/video]\n<p>Tolva vibradora INOX de capacidad 100 Lts para la carga a elevadores y otros dispositivos.<\/p>\n","protected":false},"featured_media":2360,"template":"","meta":[],"product_brand":[],"product_cat":[81],"product_tag":[106],"class_list":{"0":"post-2359","1":"product","2":"type-product","3":"status-publish","4":"has-post-thumbnail","6":"product_cat-auxiliares","7":"product_tag-tolva","9":"entry","10":"has-media","12":"first","13":"onbackorder","14":"taxable","15":"shipping-taxable","16":"purchasable","17":"product-type-simple","18":"has-product-nav","19":"col","20":"span_1_of_3","21":"owp-content-left","22":"owp-thumbs-layout-horizontal","23":"owp-btn-normal","24":"owp-tabs-layout-horizontal"},"_links":{"self":[{"href":"https:\/\/sermaxscales.com\/eu\/wp-json\/wp\/v2\/product\/2359","targetHints":{"allow":["GET"]}}],"collection":[{"href":"https:\/\/sermaxscales.com\/eu\/wp-json\/wp\/v2\/product"}],"about":[{"href":"https:\/\/sermaxscales.com\/eu\/wp-json\/wp\/v2\/types\/product"}],"wp:featuredmedia":[{"embeddable":true,"href":"https:\/\/sermaxscales.com\/eu\/wp-json\/wp\/v2\/media\/2360"}],"wp:attachment":[{"href":"https:\/\/sermaxscales.com\/eu\/wp-json\/wp\/v2\/media?parent=2359"}],"wp:term":[{"taxonomy":"product_brand","embeddable":true,"href":"https:\/\/sermaxscales.com\/eu\/wp-json\/wp\/v2\/product_brand?post=2359"},{"taxonomy":"product_cat","embeddable":true,"href":"https:\/\/sermaxscales.com\/eu\/wp-json\/wp\/v2\/product_cat?post=2359"},{"taxonomy":"product_tag","embeddable":true,"href":"https:\/\/sermaxscales.com\/eu\/wp-json\/wp\/v2\/product_tag?post=2359"}],"curies":[{"name":"wp","href":"https:\/\/api.w.org\/{rel}","templated":true}]}}