{"id":567,"date":"2020-04-13T11:45:21","date_gmt":"2020-04-13T11:45:21","guid":{"rendered":"https:\/\/sermaxscales.com\/eu\/eu\/?page_id=567"},"modified":"2020-04-13T11:45:21","modified_gmt":"2020-04-13T11:45:21","slug":"no-alimentarios","status":"publish","type":"page","link":"https:\/\/sermaxscales.com\/eu\/no-alimentarios\/","title":{"rendered":"No Alimentarios"},"content":{"rendered":"\n<div class=\"wp-block-columns is-layout-flex wp-container-core-columns-is-layout-9d6595d7 wp-block-columns-is-layout-flex\">\n<div class=\"wp-block-column is-layout-flow wp-block-column-is-layout-flow\">\n<p><a href=\"https:\/\/sermaxscales.com.es\/sermax\/?page_id=339\">LMS 1-4<\/a><\/p>\n\n\n\n<figure class=\"wp-block-image size-large is-resized\"><img decoding=\"async\" src=\"https:\/\/sermaxscales.com.es\/sermax\/wp-content\/uploads\/2020\/04\/DSCF7508-1024x768.jpg\" alt=\"\" class=\"wp-image-701\" width=\"232\" height=\"174\"\/><\/figure>\n\n\n\n<p><a href=\"https:\/\/sermaxscales.com\/eu\/productos\/lms-1-4\"><\/a>Pesadora lineal a vibraci\u00f3n dise\u00f1ada para todo tipo de productos hasta longitud \u00f3 \u00d8 30 mm \/ pieza unitaria.<\/p>\n\n\n\n<p>Especialmente dise\u00f1ada para productos adherentes y\/o fr\u00e1giles que requieren caidas reducidas y una alta precisi\u00f3n y fiabilidad en la pesada.&nbsp;<\/p>\n\n\n\n<p><strong>Especialmente indicada para dosificar sobre bandejas e incluso sobre otras multicabezales. <\/strong><\/p>\n\n\n\n<p>Recomendada para termoformadoras \/ termoselladoras&nbsp;<\/p>\n\n\n\n<p>Rangos de dosificaci\u00f3n:&nbsp;15-250Gr<\/p>\n\n\n\n<pre class=\"wp-block-preformatted\"><a href=\"https:\/\/sermaxscales.com.es\/sermax\/?page_id=339\">Ficha t\u00e9cnica<\/a><\/pre>\n<\/div>\n\n\n\n<div class=\"wp-block-column is-layout-flow wp-block-column-is-layout-flow\">\n<p><a href=\"https:\/\/sermaxscales.com.es\/sermax\/?page_id=353\">HWS 1 &#8211; 4<\/a><\/p>\n\n\n\n<figure class=\"wp-block-image size-large is-resized\"><img decoding=\"async\" src=\"https:\/\/sermaxscales.com\/eu\/eu\/wp-content\/uploads\/2020\/04\/HWS01_LOGO-ok-copia-480x1024.jpg\" alt=\"\" class=\"wp-image-730\" width=\"122\" height=\"259\" srcset=\"https:\/\/sermaxscales.com\/eu\/wp-content\/uploads\/2020\/04\/HWS01_LOGO-ok-copia-480x1024.jpg 480w, https:\/\/sermaxscales.com\/eu\/wp-content\/uploads\/2020\/04\/HWS01_LOGO-ok-copia-141x300.jpg 141w, https:\/\/sermaxscales.com\/eu\/wp-content\/uploads\/2020\/04\/HWS01_LOGO-ok-copia.jpg 522w\" sizes=\"(max-width: 122px) 100vw, 122px\" \/><\/figure>\n\n\n\n<p><a href=\"https:\/\/sermaxscales.com\/eu\/productos\/hws-1-4\"><\/a>Pesadora lineal de&nbsp;<strong>Alta Precisi\u00f3n<\/strong>&nbsp;dise\u00f1ada para productos granulados hasta una longitud m\u00e1xima o \u00d8 de 5 mm \/ pieza.&nbsp;<\/p>\n\n\n\n<p><strong>Especialmente indicada cuando se requiere la m\u00e1xima precisi\u00f3n en la pesada.<\/strong>&nbsp;<strong>Rango de pesos: 5 Miligramos &#8211; 100 Gr \/ Resoluci\u00f3n : 1 Mg ( 0.001<\/strong>)<\/p>\n\n\n\n<p>Rangos de dosificaci\u00f3n:&nbsp;5 mg a 100 Gr<\/p>\n\n\n\n<pre class=\"wp-block-preformatted\"><a href=\"https:\/\/sermaxscales.com.es\/sermax\/?page_id=353\">Ficha T\u00e9cnica<\/a><\/pre>\n<\/div>\n\n\n\n<div class=\"wp-block-column is-layout-flow wp-block-column-is-layout-flow\">\n<p><a href=\"https:\/\/sermaxscales.com.es\/sermax\/?page_id=310\">LWG -CONT<\/a><\/p>\n\n\n\n<figure class=\"wp-block-image size-large is-resized\"><img decoding=\"async\" src=\"https:\/\/sermaxscales.com\/eu\/eu\/wp-content\/uploads\/2020\/04\/contadoras-anterior.jpg\" alt=\"\" class=\"wp-image-737\" width=\"155\" height=\"232\" srcset=\"https:\/\/sermaxscales.com\/eu\/wp-content\/uploads\/2020\/04\/contadoras-anterior.jpg 380w, https:\/\/sermaxscales.com\/eu\/wp-content\/uploads\/2020\/04\/contadoras-anterior-200x300.jpg 200w\" sizes=\"(max-width: 155px) 100vw, 155px\" \/><\/figure>\n\n\n\n<p><a href=\"https:\/\/sermaxscales.com\/eu\/productos\/lwg-cont\"><\/a>Descubre nuestra nueva contadora- pesadora para tornilleria y productos met\u00e1licos con acabados de alta calidad y software programable con multiple descarga para el llenado autom\u00e1tico de cajas.<\/p>\n\n\n\n<p>Dise\u00f1amos&nbsp;<strong>soluciones a medida<\/strong>&nbsp;e integramos nuestro sistema de pesaje-contado en su linea completa.&nbsp;<\/p>\n\n\n\n<p>Rangos de dosificaci\u00f3n:&nbsp;10-6000<\/p>\n\n\n\n<pre class=\"wp-block-preformatted\"><a href=\"https:\/\/sermaxscales.com.es\/sermax\/?page_id=310\">Ficha t\u00e9cnica<\/a><\/pre>\n<\/div>\n<\/div>\n\n\n\n<div class=\"wp-block-columns is-layout-flex wp-container-core-columns-is-layout-9d6595d7 wp-block-columns-is-layout-flex\">\n<div class=\"wp-block-column is-layout-flow wp-block-column-is-layout-flow\">\n<p><a href=\"https:\/\/sermaxscales.com.es\/sermax\/?page_id=390\">CC8-16<\/a><\/p>\n\n\n\n<figure class=\"wp-block-image size-large is-resized\"><img loading=\"lazy\" decoding=\"async\" src=\"https:\/\/sermaxscales.com\/eu\/eu\/wp-content\/uploads\/2020\/04\/CLC8-16-PERSPEC.jpg\" alt=\"\" class=\"wp-image-713\" width=\"144\" height=\"174\" srcset=\"https:\/\/sermaxscales.com\/eu\/wp-content\/uploads\/2020\/04\/CLC8-16-PERSPEC.jpg 617w, https:\/\/sermaxscales.com\/eu\/wp-content\/uploads\/2020\/04\/CLC8-16-PERSPEC-248x300.jpg 248w, https:\/\/sermaxscales.com\/eu\/wp-content\/uploads\/2020\/04\/CLC8-16-PERSPEC-600x726.jpg 600w\" sizes=\"(max-width: 144px) 100vw, 144px\" \/><\/figure>\n\n\n\n<p><a href=\"https:\/\/sermaxscales.com\/eu\/productos\/cc8-16\"><\/a>Pesadora Multicabezal lineal a vibraci\u00f3n dise\u00f1ada para todo tipo de productos hasta longitud \u00f3 \u00d8 65 mm \/ pieza unitaria.&nbsp;<\/p>\n\n\n\n<p>Soluci\u00f3n recomendada para la mezcla de hasta 4 productos diferentes en un % variable, manteniendo un peso nominal fijo.<\/p>\n\n\n\n<p>Rangos de dosificaci\u00f3n:&nbsp;15-1000<\/p>\n\n\n\n<pre class=\"wp-block-preformatted\"><a href=\"https:\/\/sermaxscales.com.es\/sermax\/?page_id=390\">Ficha t\u00e9cnica<\/a><\/pre>\n<\/div>\n\n\n\n<div class=\"wp-block-column is-layout-flow wp-block-column-is-layout-flow\"><\/div>\n\n\n\n<div class=\"wp-block-column is-layout-flow wp-block-column-is-layout-flow\"><\/div>\n<\/div>\n","protected":false},"excerpt":{"rendered":"<p>LMS 1-4 Pesadora lineal a vibraci\u00f3n dise\u00f1ada para todo tipo de productos hasta longitud \u00f3 \u00d8 30 mm \/ pieza unitaria. Especialmente dise\u00f1ada para productos adherentes y\/o fr\u00e1giles que requieren caidas reducidas y una alta precisi\u00f3n y fiabilidad en la pesada.&nbsp; Especialmente indicada para dosificar sobre bandejas e incluso sobre otras multicabezales. Recomendada para termoformadoras [&hellip;]<\/p>\n","protected":false},"author":3,"featured_media":0,"parent":0,"menu_order":0,"comment_status":"closed","ping_status":"closed","template":"","meta":{"footnotes":""},"class_list":["post-567","page","type-page","status-publish","hentry","entry","owp-thumbs-layout-horizontal","owp-btn-normal","owp-tabs-layout-horizontal","has-no-thumbnails","has-product-nav"],"_links":{"self":[{"href":"https:\/\/sermaxscales.com\/eu\/wp-json\/wp\/v2\/pages\/567","targetHints":{"allow":["GET"]}}],"collection":[{"href":"https:\/\/sermaxscales.com\/eu\/wp-json\/wp\/v2\/pages"}],"about":[{"href":"https:\/\/sermaxscales.com\/eu\/wp-json\/wp\/v2\/types\/page"}],"author":[{"embeddable":true,"href":"https:\/\/sermaxscales.com\/eu\/wp-json\/wp\/v2\/users\/3"}],"replies":[{"embeddable":true,"href":"https:\/\/sermaxscales.com\/eu\/wp-json\/wp\/v2\/comments?post=567"}],"version-history":[{"count":0,"href":"https:\/\/sermaxscales.com\/eu\/wp-json\/wp\/v2\/pages\/567\/revisions"}],"wp:attachment":[{"href":"https:\/\/sermaxscales.com\/eu\/wp-json\/wp\/v2\/media?parent=567"}],"curies":[{"name":"wp","href":"https:\/\/api.w.org\/{rel}","templated":true}]}}