{"id":565,"date":"2020-04-13T11:44:58","date_gmt":"2020-04-13T11:44:58","guid":{"rendered":"https:\/\/sermaxscales.com\/eu\/eu\/?page_id=565"},"modified":"2020-04-13T11:44:58","modified_gmt":"2020-04-13T11:44:58","slug":"dulces","status":"publish","type":"page","link":"https:\/\/sermaxscales.com\/eu\/dulces\/","title":{"rendered":"Dulces"},"content":{"rendered":"\n<div class=\"wp-block-columns is-layout-flex wp-container-core-columns-is-layout-9d6595d7 wp-block-columns-is-layout-flex\">\n<div class=\"wp-block-column is-layout-flow wp-block-column-is-layout-flow\">\n<p><a href=\"https:\/\/sermaxscales.com.es\/sermax\/?page_id=259\">LV 1-10<\/a><\/p>\n\n\n\n<figure class=\"wp-block-image size-large\"><img fetchpriority=\"high\" decoding=\"async\" width=\"951\" height=\"679\" src=\"https:\/\/sermaxscales.com\/eu\/eu\/wp-content\/uploads\/2020\/04\/sermax-scales-lv10-pesadora-lineal.jpg\" alt=\"\" class=\"wp-image-724\" srcset=\"https:\/\/sermaxscales.com\/eu\/wp-content\/uploads\/2020\/04\/sermax-scales-lv10-pesadora-lineal.jpg 951w, https:\/\/sermaxscales.com\/eu\/wp-content\/uploads\/2020\/04\/sermax-scales-lv10-pesadora-lineal-800x571.jpg 800w, https:\/\/sermaxscales.com\/eu\/wp-content\/uploads\/2020\/04\/sermax-scales-lv10-pesadora-lineal-300x214.jpg 300w, https:\/\/sermaxscales.com\/eu\/wp-content\/uploads\/2020\/04\/sermax-scales-lv10-pesadora-lineal-768x548.jpg 768w\" sizes=\"(max-width: 951px) 100vw, 951px\" \/><\/figure>\n\n\n\n<p><a href=\"https:\/\/sermaxscales.com\/eu\/productos\/lv-1-10\"><\/a>Pesadora lineal a vibraci\u00f3n dise\u00f1ada para todo tipo de productos hasta longitud \u00f3 \u00d8 45 mm \/ pieza unitaria.<\/p>\n\n\n\n<p>OPCI\u00d3N Pesado &#8211; Contado y Mezcla &#8211; 10 Productos \/ Sistema de rechazo Opcional&nbsp;<\/p>\n\n\n\n<p>Rangos de dosificaci\u00f3n:&nbsp;15-1000Gr<\/p>\n\n\n\n<pre class=\"wp-block-preformatted\"><a href=\"https:\/\/sermaxscales.com.es\/sermax\/?page_id=259\">Ficha t\u00e9cnica<\/a><\/pre>\n<\/div>\n\n\n\n<div class=\"wp-block-column is-layout-flow wp-block-column-is-layout-flow\">\n<p><a href=\"https:\/\/sermaxscales.com.es\/sermax\/?page_id=339\">LMS 1-4<\/a><\/p>\n\n\n\n<figure class=\"wp-block-image size-large is-resized\"><img decoding=\"async\" src=\"https:\/\/sermaxscales.com.es\/sermax\/wp-content\/uploads\/2020\/04\/DSCF7508-1024x768.jpg\" alt=\"\" class=\"wp-image-701\" width=\"232\" height=\"174\"\/><\/figure>\n\n\n\n<p><a href=\"https:\/\/sermaxscales.com\/eu\/productos\/lms-1-4\"><\/a>Pesadora lineal a vibraci\u00f3n dise\u00f1ada para todo tipo de productos hasta longitud \u00f3 \u00d8 30 mm \/ pieza unitaria.<\/p>\n\n\n\n<p>Especialmente dise\u00f1ada para productos adherentes y\/o fr\u00e1giles que requieren caidas reducidas y una alta precisi\u00f3n y fiabilidad en la pesada.&nbsp;<\/p>\n\n\n\n<p><strong>Especialmente indicada para dosificar sobre bandejas e incluso sobre otras multicabezales. <\/strong><\/p>\n\n\n\n<p>Recomendada para termoformadoras \/ termoselladoras&nbsp;<\/p>\n\n\n\n<p>Rangos de dosificaci\u00f3n:&nbsp;15-250Gr<\/p>\n\n\n\n<pre class=\"wp-block-preformatted\"><a href=\"https:\/\/sermaxscales.com.es\/sermax\/?page_id=339\">Ficha t\u00e9cnica<\/a><\/pre>\n<\/div>\n\n\n\n<div class=\"wp-block-column is-layout-flow wp-block-column-is-layout-flow\">\n<p><a href=\"https:\/\/sermaxscales.com.es\/sermax\/?page_id=390\">CC8-16<\/a><\/p>\n\n\n\n<figure class=\"wp-block-image size-large is-resized\"><img decoding=\"async\" src=\"https:\/\/sermaxscales.com\/eu\/eu\/wp-content\/uploads\/2020\/04\/CLC8-16-PERSPEC.jpg\" alt=\"\" class=\"wp-image-713\" width=\"144\" height=\"174\" srcset=\"https:\/\/sermaxscales.com\/eu\/wp-content\/uploads\/2020\/04\/CLC8-16-PERSPEC.jpg 617w, https:\/\/sermaxscales.com\/eu\/wp-content\/uploads\/2020\/04\/CLC8-16-PERSPEC-248x300.jpg 248w, https:\/\/sermaxscales.com\/eu\/wp-content\/uploads\/2020\/04\/CLC8-16-PERSPEC-600x726.jpg 600w\" sizes=\"(max-width: 144px) 100vw, 144px\" \/><\/figure>\n\n\n\n<p><a href=\"https:\/\/sermaxscales.com\/eu\/productos\/cc8-16\"><\/a>Pesadora Multicabezal lineal a vibraci\u00f3n dise\u00f1ada para todo tipo de productos hasta longitud \u00f3 \u00d8 65 mm \/ pieza unitaria.&nbsp;<\/p>\n\n\n\n<p>Soluci\u00f3n recomendada para la mezcla de hasta 4 productos diferentes en un % variable, manteniendo un peso nominal fijo.<\/p>\n\n\n\n<p>Rangos de dosificaci\u00f3n:&nbsp;15-1000<\/p>\n\n\n\n<pre class=\"wp-block-preformatted\"><a href=\"https:\/\/sermaxscales.com.es\/sermax\/?page_id=390\">Ficha t\u00e9cnica<\/a><\/pre>\n<\/div>\n<\/div>\n\n\n\n<div class=\"wp-block-columns is-layout-flex wp-container-core-columns-is-layout-9d6595d7 wp-block-columns-is-layout-flex\">\n<div class=\"wp-block-column is-layout-flow wp-block-column-is-layout-flow\">\n<p><a href=\"https:\/\/sermaxscales.com.es\/sermax\/?page_id=491\">CRS 10-14-16 4-8L<\/a><\/p>\n\n\n\n<figure class=\"wp-block-image size-large is-resized\"><img loading=\"lazy\" decoding=\"async\" src=\"https:\/\/sermaxscales.com\/eu\/eu\/wp-content\/uploads\/2020\/04\/Sermax-Scales_-10-copia-MINI2-683x1024.jpg\" alt=\"\" class=\"wp-image-708\" width=\"171\" height=\"257\" srcset=\"https:\/\/sermaxscales.com\/eu\/wp-content\/uploads\/2020\/04\/Sermax-Scales_-10-copia-MINI2-683x1024.jpg 683w, https:\/\/sermaxscales.com\/eu\/wp-content\/uploads\/2020\/04\/Sermax-Scales_-10-copia-MINI2-800x1200.jpg 800w, https:\/\/sermaxscales.com\/eu\/wp-content\/uploads\/2020\/04\/Sermax-Scales_-10-copia-MINI2-200x300.jpg 200w, https:\/\/sermaxscales.com\/eu\/wp-content\/uploads\/2020\/04\/Sermax-Scales_-10-copia-MINI2-768x1152.jpg 768w, https:\/\/sermaxscales.com\/eu\/wp-content\/uploads\/2020\/04\/Sermax-Scales_-10-copia-MINI2.jpg 936w\" sizes=\"(max-width: 171px) 100vw, 171px\" \/><\/figure>\n\n\n\n<p><a href=\"https:\/\/sermaxscales.com\/eu\/productos\/crs-10-14-16-4-8l\"><\/a>Pesadora Multicabezal Circular dise\u00f1ada para todo tipo de productos hasta longitud 180 mm \u00f3 \u00d8 85 mm \/ pieza unitaria.&nbsp;<\/p>\n\n\n\n<p><a href=\"https:\/\/www.youtube.com\/watch?v=6QaNBpWwfBU\" target=\"_blank\" rel=\"noreferrer noopener\">Ver video &#8211; Pesado &#8211; Contado de Ajos<\/a><\/p>\n\n\n\n<p><a href=\"https:\/\/www.youtube.com\/watch?v=7ycKEeTfNCA\" target=\"_blank\" rel=\"noreferrer noopener\">Ver video &#8211; Pesado de Cebollas<\/a><\/p>\n\n\n\n<p><a href=\"https:\/\/www.youtube.com\/watch?v=ktqbMU73TOI&amp;t=2s\" target=\"_blank\" rel=\"noreferrer noopener\">Ver video &#8211; Pasta fresca L-180 mm<\/a><\/p>\n\n\n\n<p>Rangos de dosificaci\u00f3n:&nbsp;15-5000<\/p>\n\n\n\n<pre class=\"wp-block-preformatted\"><a href=\"https:\/\/sermaxscales.com.es\/sermax\/?page_id=491\">Ficha t\u00e9cnica<\/a><\/pre>\n<\/div>\n\n\n\n<div class=\"wp-block-column is-layout-flow wp-block-column-is-layout-flow\">\n<p><a href=\"https:\/\/sermaxscales.com.es\/sermax\/?page_id=518\">CR 10-12-14-16 2L<\/a><\/p>\n\n\n\n<figure class=\"wp-block-image size-large is-resized\"><img loading=\"lazy\" decoding=\"async\" src=\"https:\/\/sermaxscales.com.es\/sermax\/wp-content\/uploads\/2020\/04\/CR12-copia-768x1024.jpg\" alt=\"\" class=\"wp-image-715\" width=\"186\" height=\"247\"\/><\/figure>\n\n\n\n<p>Pesadora Multicabezal Circular dise\u00f1ada para todo tipo de productos hasta longitud 65 mm \u00f3 \u00d865 mm \/ pieza unitaria.<\/p>\n\n\n\n<p><a rel=\"noreferrer noopener\" href=\"https:\/\/www.youtube.com\/watch?v=ktqbMU73TOI&amp;t=2s\" target=\"_blank\"><\/a><a href=\"https:\/\/www.youtube.com\/watch?v=4seXvBXeSa4\">Ver video &#8211; At\u00fan desmigado<\/a><\/p>\n\n\n\n<p>Rangos de dosificaci\u00f3n:&nbsp;15-1000<\/p>\n\n\n\n<pre class=\"wp-block-preformatted\"><a href=\"https:\/\/sermaxscales.com.es\/sermax\/?page_id=518\">Ficha t\u00e9cnica<\/a><\/pre>\n<\/div>\n\n\n\n<div class=\"wp-block-column is-layout-flow wp-block-column-is-layout-flow\">\n<p><a href=\"#\">CR-32 L<\/a><\/p>\n\n\n\n<figure class=\"wp-block-image size-large is-resized\"><img loading=\"lazy\" decoding=\"async\" src=\"https:\/\/sermaxscales.com\/eu\/eu\/wp-content\/uploads\/2020\/04\/prueba-3207-1024x635.jpg\" alt=\"\" class=\"wp-image-731\" width=\"314\" height=\"194\" srcset=\"https:\/\/sermaxscales.com\/eu\/wp-content\/uploads\/2020\/04\/prueba-3207-1024x635.jpg 1024w, https:\/\/sermaxscales.com\/eu\/wp-content\/uploads\/2020\/04\/prueba-3207-800x496.jpg 800w, https:\/\/sermaxscales.com\/eu\/wp-content\/uploads\/2020\/04\/prueba-3207-300x186.jpg 300w, https:\/\/sermaxscales.com\/eu\/wp-content\/uploads\/2020\/04\/prueba-3207-768x476.jpg 768w, https:\/\/sermaxscales.com\/eu\/wp-content\/uploads\/2020\/04\/prueba-3207.jpg 1529w\" sizes=\"(max-width: 314px) 100vw, 314px\" \/><\/figure>\n\n\n\n<p>Pesadora Multicabezal Circular&nbsp;<strong>dise\u00f1ada para altas producciones<\/strong>&nbsp;adecuada para todo tipo de productos hasta longitud 45 mm \u00f3 \u00d8 45 mm \/ pieza unitaria.<\/p>\n\n\n\n<p>Rangos de dosificaci\u00f3n:&nbsp;10 &#8211; 500 Gr<\/p>\n\n\n\n<pre class=\"wp-block-preformatted\"><a href=\"#\">Ficha t\u00e9cnica<\/a><\/pre>\n<\/div>\n<\/div>\n\n\n\n<p><\/p>\n","protected":false},"excerpt":{"rendered":"<p>LV 1-10 Pesadora lineal a vibraci\u00f3n dise\u00f1ada para todo tipo de productos hasta longitud \u00f3 \u00d8 45 mm \/ pieza unitaria. OPCI\u00d3N Pesado &#8211; Contado y Mezcla &#8211; 10 Productos \/ Sistema de rechazo Opcional&nbsp; Rangos de dosificaci\u00f3n:&nbsp;15-1000Gr Ficha t\u00e9cnica LMS 1-4 Pesadora lineal a vibraci\u00f3n dise\u00f1ada para todo tipo de productos hasta longitud \u00f3 [&hellip;]<\/p>\n","protected":false},"author":3,"featured_media":0,"parent":0,"menu_order":0,"comment_status":"closed","ping_status":"closed","template":"","meta":{"footnotes":""},"class_list":["post-565","page","type-page","status-publish","hentry","entry","owp-thumbs-layout-horizontal","owp-btn-normal","owp-tabs-layout-horizontal","has-no-thumbnails","has-product-nav"],"_links":{"self":[{"href":"https:\/\/sermaxscales.com\/eu\/wp-json\/wp\/v2\/pages\/565","targetHints":{"allow":["GET"]}}],"collection":[{"href":"https:\/\/sermaxscales.com\/eu\/wp-json\/wp\/v2\/pages"}],"about":[{"href":"https:\/\/sermaxscales.com\/eu\/wp-json\/wp\/v2\/types\/page"}],"author":[{"embeddable":true,"href":"https:\/\/sermaxscales.com\/eu\/wp-json\/wp\/v2\/users\/3"}],"replies":[{"embeddable":true,"href":"https:\/\/sermaxscales.com\/eu\/wp-json\/wp\/v2\/comments?post=565"}],"version-history":[{"count":0,"href":"https:\/\/sermaxscales.com\/eu\/wp-json\/wp\/v2\/pages\/565\/revisions"}],"wp:attachment":[{"href":"https:\/\/sermaxscales.com\/eu\/wp-json\/wp\/v2\/media?parent=565"}],"curies":[{"name":"wp","href":"https:\/\/api.w.org\/{rel}","templated":true}]}}