{"id":549,"date":"2020-04-13T11:42:12","date_gmt":"2020-04-13T11:42:12","guid":{"rendered":"https:\/\/sermaxscales.com\/eu\/eu\/?page_id=549"},"modified":"2020-04-13T11:42:12","modified_gmt":"2020-04-13T11:42:12","slug":"carne","status":"publish","type":"page","link":"https:\/\/sermaxscales.com\/eu\/carne\/","title":{"rendered":"Carne"},"content":{"rendered":"\n<div class=\"wp-block-columns is-layout-flex wp-container-core-columns-is-layout-9d6595d7 wp-block-columns-is-layout-flex\">\n<div class=\"wp-block-column is-layout-flow wp-block-column-is-layout-flow\">\n<p><a href=\"https:\/\/sermaxscales.com.es\/sermax\/?page_id=331\">LWB 1-4<\/a><\/p>\n\n\n\n<figure class=\"wp-block-image size-large is-resized\"><img decoding=\"async\" src=\"https:\/\/sermaxscales.com.es\/sermax\/wp-content\/uploads\/2020\/04\/LWB-01-800x1024.jpg\" alt=\"\" class=\"wp-image-700\" width=\"140\" height=\"179\"\/><\/figure>\n\n\n\n<p><a href=\"https:\/\/sermaxscales.com\/eu\/productos\/lwb-1-4\"><\/a>Pesadora lineal mediante cintas transportadoras para todo tipo de productos hasta longitud 350 \u00f3 \u00d8 120 mm \/ pieza unitaria.<\/p>\n\n\n\n<p><strong>Especialmente dise\u00f1ada para todos aquellos productos que no pueden ser transportados mediante vibradores.<\/strong>&nbsp;<\/p>\n\n\n\n<p>Recomendada para termoformadoras \/ termoselladoras&nbsp;<\/p>\n\n\n\n<p>Rangos de dosificaci\u00f3n:&nbsp;0.1-20Kg<\/p>\n\n\n\n<pre class=\"wp-block-preformatted\"><a href=\"https:\/\/sermaxscales.com.es\/sermax\/?page_id=331\">Ficha t\u00e9cnica<\/a><\/pre>\n<\/div>\n\n\n\n<div class=\"wp-block-column is-layout-flow wp-block-column-is-layout-flow\">\n<p><a href=\"https:\/\/sermaxscales.com.es\/sermax\/?page_id=339\">LMS 1-4<\/a><\/p>\n\n\n\n<figure class=\"wp-block-image size-large is-resized\"><img decoding=\"async\" src=\"https:\/\/sermaxscales.com.es\/sermax\/wp-content\/uploads\/2020\/04\/DSCF7508-1024x768.jpg\" alt=\"\" class=\"wp-image-701\" width=\"232\" height=\"174\"\/><\/figure>\n\n\n\n<p><a href=\"https:\/\/sermaxscales.com\/eu\/productos\/lms-1-4\"><\/a>Pesadora lineal a vibraci\u00f3n dise\u00f1ada para todo tipo de productos hasta longitud \u00f3 \u00d8 30 mm \/ pieza unitaria.<\/p>\n\n\n\n<p>Especialmente dise\u00f1ada para productos adherentes y\/o fr\u00e1giles que requieren caidas reducidas y una alta precisi\u00f3n y fiabilidad en la pesada.&nbsp;<\/p>\n\n\n\n<p><strong>Especialmente indicada para dosificar sobre bandejas e incluso sobre otras multicabezales. <\/strong><\/p>\n\n\n\n<p>Recomendada para termoformadoras \/ termoselladoras&nbsp;<\/p>\n\n\n\n<p>Rangos de dosificaci\u00f3n:&nbsp;15-250Gr<\/p>\n\n\n\n<pre class=\"wp-block-preformatted\"><a href=\"https:\/\/sermaxscales.com.es\/sermax\/?page_id=339\">Ficha t\u00e9cnica<\/a><\/pre>\n<\/div>\n\n\n\n<div class=\"wp-block-column is-layout-flow wp-block-column-is-layout-flow\">\n<p><a href=\"https:\/\/sermaxscales.com.es\/sermax\/?page_id=414\">CLF 8-16<\/a><\/p>\n\n\n\n<figure class=\"wp-block-image size-large is-resized\"><img decoding=\"async\" src=\"https:\/\/sermaxscales.com\/eu\/eu\/wp-content\/uploads\/2020\/04\/CLF-8-16-PERSPECT2.jpg\" alt=\"\" class=\"wp-image-702\" width=\"206\" height=\"166\"\/><\/figure>\n\n\n\n<p><a href=\"https:\/\/sermaxscales.com\/eu\/productos\/clf-8-16\"><\/a>Pesadora Multicabezal lineal con cintas transportadoras para todo tipo de productos frescos y\/o fr\u00e1giles&nbsp; hasta longitud 140 mm \u00f3 \u00d8 85 mm \/ pieza unitaria. <\/p>\n\n\n\n<p>Soluci\u00f3n recomendada tambi\u00e9n para productos adherentes que no pueden ser transportados mediante vibraci\u00f3n.<\/p>\n\n\n\n<p>Rangos de dosificaci\u00f3n:&nbsp;15-1000<\/p>\n\n\n\n<pre class=\"wp-block-preformatted\"><a href=\"https:\/\/sermaxscales.com.es\/sermax\/?page_id=414\">Ficha t\u00e9cnica<\/a><\/pre>\n<\/div>\n<\/div>\n\n\n\n<div class=\"wp-block-columns is-layout-flex wp-container-core-columns-is-layout-9d6595d7 wp-block-columns-is-layout-flex\">\n<div class=\"wp-block-column is-layout-flow wp-block-column-is-layout-flow\">\n<p><a href=\"https:\/\/sermaxscales.com.es\/sermax\/?page_id=430\">LM16-B<\/a><\/p>\n\n\n\n<figure class=\"wp-block-image size-large\"><img loading=\"lazy\" decoding=\"async\" width=\"768\" height=\"1024\" src=\"https:\/\/sermaxscales.com\/eu\/eu\/wp-content\/uploads\/2020\/04\/general-OK-lm16c-mini-768x1024.png\" alt=\"\" class=\"wp-image-703\" srcset=\"https:\/\/sermaxscales.com\/eu\/wp-content\/uploads\/2020\/04\/general-OK-lm16c-mini-768x1023.png 768w, https:\/\/sermaxscales.com\/eu\/wp-content\/uploads\/2020\/04\/general-OK-lm16c-mini-800x1066.png 800w, https:\/\/sermaxscales.com\/eu\/wp-content\/uploads\/2020\/04\/general-OK-lm16c-mini-225x300.png 225w, https:\/\/sermaxscales.com\/eu\/wp-content\/uploads\/2020\/04\/general-OK-lm16c-mini.png 851w\" sizes=\"(max-width: 768px) 100vw, 768px\" \/><\/figure>\n\n\n\n<p><a href=\"https:\/\/sermaxscales.com\/eu\/productos\/lm16-b\"><\/a>Pesadora Multicabezal lineal con cintas transportadoras para todo tipo de productos frescos y\/o fr\u00e1giles&nbsp; hasta longitud 220 mm \u00f3 \u00d8 120 mm \/ pieza unitaria. <\/p>\n\n\n\n<p>Soluci\u00f3n recomendada tambi\u00e9n para productos adherentes que no pueden ser transportados mediante vibraci\u00f3n.&nbsp;<\/p>\n\n\n\n<p>Rangos de dosificaci\u00f3n:&nbsp;1-5 Kg <\/p>\n\n\n\n<pre class=\"wp-block-preformatted\"><a href=\"https:\/\/sermaxscales.com.es\/sermax\/?page_id=430\">Ficha t\u00e9cnica<\/a><\/pre>\n<\/div>\n\n\n\n<div class=\"wp-block-column is-layout-flow wp-block-column-is-layout-flow\">\n<p><a href=\"https:\/\/sermaxscales.com.es\/sermax\/?page_id=445\">CLS 16<\/a><\/p>\n\n\n\n<figure class=\"wp-block-image size-large\"><img loading=\"lazy\" decoding=\"async\" width=\"640\" height=\"480\" src=\"https:\/\/sermaxscales.com\/eu\/eu\/wp-content\/uploads\/2020\/04\/IMG_9326.jpg\" alt=\"\" class=\"wp-image-704\" srcset=\"https:\/\/sermaxscales.com\/eu\/wp-content\/uploads\/2020\/04\/IMG_9326.jpg 640w, https:\/\/sermaxscales.com\/eu\/wp-content\/uploads\/2020\/04\/IMG_9326-300x225.jpg 300w, https:\/\/sermaxscales.com\/eu\/wp-content\/uploads\/2020\/04\/IMG_9326-600x450.jpg 600w\" sizes=\"(max-width: 640px) 100vw, 640px\" \/><\/figure>\n\n\n\n<p><a href=\"https:\/\/sermaxscales.com\/eu\/productos\/cls-16\"><\/a>Pesadora Multicabezal lineal de carga manual para todo tipo de productos frescos, congelados&nbsp; hasta longitud 400 mm \u00f3 \u00d8 120 mm \/ pieza unitaria.Soluci\u00f3n especialmente indicada&nbsp; para productos de longitudes entre&nbsp; 180 a 400 mm en los que se requiere la descarga de un feso fijo.&nbsp;<\/p>\n\n\n\n<p><a href=\"https:\/\/www.youtube.com\/watch?v=Bs_s_i0Lb-I\" target=\"_blank\" rel=\"noreferrer noopener\">Ver video<\/a>&nbsp;<\/p>\n\n\n\n<p><strong>NUEVA Versi\u00f3n&nbsp;disponible !<\/strong>&nbsp;<\/p>\n\n\n\n<p>Dise\u00f1o m\u00e1s higi\u00e9nico&nbsp;Sistema de carga de f\u00e1cil acceso<\/p>\n\n\n\n<p><a href=\"https:\/\/sermaxscales.com.es\/sermax\/?page_id=537\">Bandas desmontables Easy Clean<\/a><\/p>\n\n\n\n<p>Doble velocidad de producci\u00f3n (&nbsp; 8 + 8 )&nbsp;<\/p>\n\n\n\n<p>Rangos de dosificaci\u00f3n:&nbsp;1 &#8211; 5 &#8211; 10 Kg<\/p>\n\n\n\n<pre class=\"wp-block-preformatted\"><a href=\"https:\/\/sermaxscales.com.es\/sermax\/?page_id=445\">Ficha T\u00e9cnica<\/a><\/pre>\n<\/div>\n\n\n\n<div class=\"wp-block-column is-layout-flow wp-block-column-is-layout-flow\">\n<p><a href=\"https:\/\/sermaxscales.com.es\/sermax\/?page_id=464\">CLM-16 Pesadora Combinatoria COMPACTA &#8211; Productos largos<\/a><\/p>\n\n\n\n<figure class=\"wp-block-image size-large\"><img loading=\"lazy\" decoding=\"async\" width=\"708\" height=\"704\" src=\"https:\/\/sermaxscales.com\/eu\/eu\/wp-content\/uploads\/2020\/04\/CLM16-SERMAX-MULTHEAD-LONG-PRODUCTS_0.jpg\" alt=\"\" class=\"wp-image-705\" srcset=\"https:\/\/sermaxscales.com\/eu\/wp-content\/uploads\/2020\/04\/CLM16-SERMAX-MULTHEAD-LONG-PRODUCTS_0.jpg 708w, https:\/\/sermaxscales.com\/eu\/wp-content\/uploads\/2020\/04\/CLM16-SERMAX-MULTHEAD-LONG-PRODUCTS_0-100x100.jpg 100w, https:\/\/sermaxscales.com\/eu\/wp-content\/uploads\/2020\/04\/CLM16-SERMAX-MULTHEAD-LONG-PRODUCTS_0-300x298.jpg 300w, https:\/\/sermaxscales.com\/eu\/wp-content\/uploads\/2020\/04\/CLM16-SERMAX-MULTHEAD-LONG-PRODUCTS_0-150x150.jpg 150w, https:\/\/sermaxscales.com\/eu\/wp-content\/uploads\/2020\/04\/CLM16-SERMAX-MULTHEAD-LONG-PRODUCTS_0-600x597.jpg 600w\" sizes=\"(max-width: 708px) 100vw, 708px\" \/><\/figure>\n\n\n\n<p><a href=\"https:\/\/sermaxscales.com\/eu\/productos\/clf-8-16\"><\/a><\/p>\n\n\n\n<p>Pesadora Multicabezal lineal de carga manual para todo tipo de productos frescos, congelados&nbsp; hasta longitud 300 mm \u00f3 \u00d8 80 mm \/ pieza unitaria.<\/p>\n\n\n\n<p>Soluci\u00f3n especialmente indicada&nbsp; para productos de longitudes entre&nbsp; 180 a 300 mm en los que se requiere la descarga de un feso fijo.<\/p>\n\n\n\n<p>\u00danicamente 8 recipientes de precarga , proporcionar\u00e1n 16 muestras de peso v\u00e1lidas para entrar en combinaci\u00f3n.<\/p>\n\n\n\n<p>Se consigue la velocidad de producci\u00f3n de una 16 Cabezales, con una dimensi\u00f3n de la zona de carga de producto extremadamente reducida, que facilita al operario trabajar con la misma y aporta a su vez,&nbsp; mayor velocidad de producci\u00f3n.<\/p>\n\n\n\n<p>Rangos de dosificaci\u00f3n:&nbsp;50- 5Kg<\/p>\n\n\n\n<pre class=\"wp-block-preformatted\"><a href=\"https:\/\/sermaxscales.com.es\/sermax\/?page_id=464\">Ficha t\u00e9cnica<\/a><\/pre>\n<\/div>\n<\/div>\n\n\n\n<p><\/p>\n","protected":false},"excerpt":{"rendered":"<p>LWB 1-4 Pesadora lineal mediante cintas transportadoras para todo tipo de productos hasta longitud 350 \u00f3 \u00d8 120 mm \/ pieza unitaria. Especialmente dise\u00f1ada para todos aquellos productos que no pueden ser transportados mediante vibradores.&nbsp; Recomendada para termoformadoras \/ termoselladoras&nbsp; Rangos de dosificaci\u00f3n:&nbsp;0.1-20Kg Ficha t\u00e9cnica LMS 1-4 Pesadora lineal a vibraci\u00f3n dise\u00f1ada para todo tipo [&hellip;]<\/p>\n","protected":false},"author":3,"featured_media":0,"parent":0,"menu_order":0,"comment_status":"closed","ping_status":"closed","template":"","meta":{"footnotes":""},"class_list":["post-549","page","type-page","status-publish","hentry","entry","owp-thumbs-layout-horizontal","owp-btn-normal","owp-tabs-layout-horizontal","has-no-thumbnails","has-product-nav"],"_links":{"self":[{"href":"https:\/\/sermaxscales.com\/eu\/wp-json\/wp\/v2\/pages\/549","targetHints":{"allow":["GET"]}}],"collection":[{"href":"https:\/\/sermaxscales.com\/eu\/wp-json\/wp\/v2\/pages"}],"about":[{"href":"https:\/\/sermaxscales.com\/eu\/wp-json\/wp\/v2\/types\/page"}],"author":[{"embeddable":true,"href":"https:\/\/sermaxscales.com\/eu\/wp-json\/wp\/v2\/users\/3"}],"replies":[{"embeddable":true,"href":"https:\/\/sermaxscales.com\/eu\/wp-json\/wp\/v2\/comments?post=549"}],"version-history":[{"count":0,"href":"https:\/\/sermaxscales.com\/eu\/wp-json\/wp\/v2\/pages\/549\/revisions"}],"wp:attachment":[{"href":"https:\/\/sermaxscales.com\/eu\/wp-json\/wp\/v2\/media?parent=549"}],"curies":[{"name":"wp","href":"https:\/\/api.w.org\/{rel}","templated":true}]}}