{"id":537,"date":"2020-04-13T10:20:17","date_gmt":"2020-04-13T10:20:17","guid":{"rendered":"https:\/\/sermaxscales.com\/eu\/eu\/?page_id=537"},"modified":"2020-04-13T10:20:17","modified_gmt":"2020-04-13T10:20:17","slug":"transportadores-easy-clean","status":"publish","type":"page","link":"https:\/\/sermaxscales.com\/eu\/transportadores-easy-clean\/","title":{"rendered":"TRANSPORTADORES EASY CLEAN"},"content":{"rendered":"\n<p>Imagen accesorios:&nbsp;<\/p>\n\n\n\n<figure class=\"wp-block-image\"><img decoding=\"async\" src=\"https:\/\/sermaxscales.com\/eu\/sites\/default\/files\/easy%20clean%20sermax%20scales%20_0.jpg?1539020948\" alt=\"\"\/><\/figure>\n\n\n\n<p><strong><u>Nuevos elevadores y transportadores&nbsp; Sermax Easy Clean \u00ae<\/u><\/strong><\/p>\n\n\n\n<p>Una soluci\u00f3n de pesaje de calidad, precisa un sistema de trasporte adecuado.<\/p>\n\n\n\n<p><strong>Sermax Scales \u00ae<\/strong>&nbsp;presenta su nueva gama de elevadores y transportadores con un dise\u00f1o extremadamente higi\u00e9nico y 100% desmontable.<\/p>\n\n\n\n<ul class=\"wp-block-list\"><li>Banda de transmisi\u00f3n positiva.<\/li><li>Resistencia y eficacia en los entronos m\u00e1s agresivos.<\/li><li>Sin Vibraciones.<\/li><li>Silenciosa.<\/li><li>Auto-centrado.<\/li><li>Ajuste con baja tensi\u00f3n.<\/li><li>-40% promedio de AHORRO en consumo de agua en comparaci\u00f3n con bandas modulares.<\/li><\/ul>\n\n\n\n<p>HP COMPACT DRIVE ( Chiorino )<\/p>\n\n\n\n<p>FDA (Food and Drug Administration)<\/p>\n\n\n\n<p>REGULATION EC 1935\/2004 and amendments<br>REGULATION EC 2023\/2006 and amendments<br>REGULATION EU 10\/2011 and amendments<br>&nbsp;<\/p>\n\n\n\n<p>Entrega en 15 d\u00edas h\u00e1biles.<\/p>\n\n\n\n<p><em><strong><u>Env\u00edanos tu solicitud indicando dimensiones y velocidad necesaria.<\/u><\/strong><\/em><\/p>\n\n\n\n<p><em><strong><u><a href=\"https:\/\/sermaxscales.com\/eu\/contact\"><u><strong>Haz click aqui<\/strong><\/u>.<\/a><\/u><\/strong><\/em><\/p>\n","protected":false},"excerpt":{"rendered":"<p>Imagen accesorios:&nbsp; Nuevos elevadores y transportadores&nbsp; Sermax Easy Clean \u00ae Una soluci\u00f3n de pesaje de calidad, precisa un sistema de trasporte adecuado. Sermax Scales \u00ae&nbsp;presenta su nueva gama de elevadores y transportadores con un dise\u00f1o extremadamente higi\u00e9nico y 100% desmontable. Banda de transmisi\u00f3n positiva. Resistencia y eficacia en los entronos m\u00e1s agresivos. Sin Vibraciones. Silenciosa. [&hellip;]<\/p>\n","protected":false},"author":3,"featured_media":0,"parent":0,"menu_order":0,"comment_status":"closed","ping_status":"closed","template":"","meta":{"footnotes":""},"class_list":["post-537","page","type-page","status-publish","hentry","entry","owp-thumbs-layout-horizontal","owp-btn-normal","owp-tabs-layout-horizontal","has-no-thumbnails","has-product-nav"],"_links":{"self":[{"href":"https:\/\/sermaxscales.com\/eu\/wp-json\/wp\/v2\/pages\/537","targetHints":{"allow":["GET"]}}],"collection":[{"href":"https:\/\/sermaxscales.com\/eu\/wp-json\/wp\/v2\/pages"}],"about":[{"href":"https:\/\/sermaxscales.com\/eu\/wp-json\/wp\/v2\/types\/page"}],"author":[{"embeddable":true,"href":"https:\/\/sermaxscales.com\/eu\/wp-json\/wp\/v2\/users\/3"}],"replies":[{"embeddable":true,"href":"https:\/\/sermaxscales.com\/eu\/wp-json\/wp\/v2\/comments?post=537"}],"version-history":[{"count":0,"href":"https:\/\/sermaxscales.com\/eu\/wp-json\/wp\/v2\/pages\/537\/revisions"}],"wp:attachment":[{"href":"https:\/\/sermaxscales.com\/eu\/wp-json\/wp\/v2\/media?parent=537"}],"curies":[{"name":"wp","href":"https:\/\/api.w.org\/{rel}","templated":true}]}}