{"id":491,"date":"2020-04-13T09:20:37","date_gmt":"2020-04-13T09:20:37","guid":{"rendered":"https:\/\/sermaxscales.com\/eu\/eu\/?page_id=491"},"modified":"2020-04-13T09:20:37","modified_gmt":"2020-04-13T09:20:37","slug":"crs-10-14-16-4-8l","status":"publish","type":"page","link":"https:\/\/sermaxscales.com\/eu\/crs-10-14-16-4-8l\/","title":{"rendered":"CRS 10-14-16 4-8L"},"content":{"rendered":"\n<p><img fetchpriority=\"high\" decoding=\"async\" width=\"380\" height=\"570\" src=\"https:\/\/sermaxscales.com\/eu\/sites\/default\/files\/imagecache\/imagen_pesadora\/Sermax%20Scales_%2010_6_0.jpg\" alt=\"\"><\/p>\n\n\n\n<figure class=\"wp-block-gallery columns-8 wp-block-gallery-1 is-layout-flex wp-block-gallery-is-layout-flex\"><ul class=\"blocks-gallery-grid\"><li class=\"blocks-gallery-item\"><figure><img decoding=\"async\" src=\"https:\/\/sermaxscales.com\/eu\/eu\/wp-content\/uploads\/2020\/04\/07-granulados-1.png\" alt=\"Granulados\" data-id=\"274\" data-full-url=\"https:\/\/sermaxscales.com\/eu\/eu\/wp-content\/uploads\/2020\/04\/07-granulados-1.png\" data-link=\"https:\/\/sermaxscales.com\/eu\/eu\/?attachment_id=274\" class=\"wp-image-274\"\/><\/figure><\/li><li class=\"blocks-gallery-item\"><figure><img decoding=\"async\" src=\"https:\/\/sermaxscales.com\/eu\/eu\/wp-content\/uploads\/2020\/04\/06-panaderia-1.png\" alt=\"\" data-id=\"275\" data-full-url=\"https:\/\/sermaxscales.com\/eu\/eu\/wp-content\/uploads\/2020\/04\/06-panaderia-1.png\" data-link=\"https:\/\/sermaxscales.com\/eu\/eu\/?attachment_id=275\" class=\"wp-image-275\"\/><\/figure><\/li><li class=\"blocks-gallery-item\"><figure><img decoding=\"async\" src=\"https:\/\/sermaxscales.com\/eu\/eu\/wp-content\/uploads\/2020\/04\/05-pescado.png\" alt=\"Pescado\" data-id=\"264\" data-full-url=\"https:\/\/sermaxscales.com\/eu\/eu\/wp-content\/uploads\/2020\/04\/05-pescado.png\" data-link=\"https:\/\/sermaxscales.com\/eu\/eu\/?attachment_id=264\" class=\"wp-image-264\"\/><\/figure><\/li><li class=\"blocks-gallery-item\"><figure><img decoding=\"async\" src=\"https:\/\/sermaxscales.com\/eu\/eu\/wp-content\/uploads\/2020\/04\/04-arroz.png\" alt=\"Arroz\" data-id=\"263\" data-full-url=\"https:\/\/sermaxscales.com\/eu\/eu\/wp-content\/uploads\/2020\/04\/04-arroz.png\" data-link=\"https:\/\/sermaxscales.com\/eu\/eu\/?attachment_id=263\" class=\"wp-image-263\"\/><\/figure><\/li><li class=\"blocks-gallery-item\"><figure><img decoding=\"async\" src=\"https:\/\/sermaxscales.com\/eu\/eu\/wp-content\/uploads\/2020\/04\/03-golosinas-1.png\" alt=\"Golosinas - Candies , sweets\" data-id=\"276\" data-full-url=\"https:\/\/sermaxscales.com\/eu\/eu\/wp-content\/uploads\/2020\/04\/03-golosinas-1.png\" data-link=\"https:\/\/sermaxscales.com\/eu\/eu\/?attachment_id=276\" class=\"wp-image-276\"\/><\/figure><\/li><li class=\"blocks-gallery-item\"><figure><img decoding=\"async\" src=\"https:\/\/sermaxscales.com\/eu\/eu\/wp-content\/uploads\/2020\/04\/02-congelados-1.png\" alt=\"Congelados - Frozen products\" data-id=\"277\" data-full-url=\"https:\/\/sermaxscales.com\/eu\/eu\/wp-content\/uploads\/2020\/04\/02-congelados-1.png\" data-link=\"https:\/\/sermaxscales.com\/eu\/eu\/?attachment_id=277\" class=\"wp-image-277\"\/><\/figure><\/li><li class=\"blocks-gallery-item\"><figure><img decoding=\"async\" src=\"https:\/\/sermaxscales.com\/eu\/eu\/wp-content\/uploads\/2020\/04\/12-polvos-1.png\" alt=\"Polvos\" data-id=\"273\" data-full-url=\"https:\/\/sermaxscales.com\/eu\/eu\/wp-content\/uploads\/2020\/04\/12-polvos-1.png\" data-link=\"https:\/\/sermaxscales.com\/eu\/eu\/?attachment_id=273\" class=\"wp-image-273\"\/><\/figure><\/li><li class=\"blocks-gallery-item\"><figure><img decoding=\"async\" src=\"https:\/\/sermaxscales.com\/eu\/eu\/wp-content\/uploads\/2020\/04\/11-hortalizas.png\" alt=\"Hortalizas\" data-id=\"270\" data-full-url=\"https:\/\/sermaxscales.com\/eu\/eu\/wp-content\/uploads\/2020\/04\/11-hortalizas.png\" data-link=\"https:\/\/sermaxscales.com\/eu\/eu\/?attachment_id=270\" class=\"wp-image-270\"\/><\/figure><\/li><li class=\"blocks-gallery-item\"><figure><img decoding=\"async\" src=\"https:\/\/sermaxscales.com\/eu\/eu\/wp-content\/uploads\/2020\/04\/09-citricos.png\" alt=\"C\u00edtricos\" data-id=\"268\" data-full-url=\"https:\/\/sermaxscales.com\/eu\/eu\/wp-content\/uploads\/2020\/04\/09-citricos.png\" data-link=\"https:\/\/sermaxscales.com\/eu\/eu\/?attachment_id=268\" class=\"wp-image-268\"\/><\/figure><\/li><li class=\"blocks-gallery-item\"><figure><img decoding=\"async\" src=\"https:\/\/sermaxscales.com\/eu\/eu\/wp-content\/uploads\/2020\/04\/08-vegetales-frescos.png\" alt=\"Vegetales\" data-id=\"267\" data-full-url=\"https:\/\/sermaxscales.com\/eu\/eu\/wp-content\/uploads\/2020\/04\/08-vegetales-frescos.png\" data-link=\"https:\/\/sermaxscales.com\/eu\/eu\/?attachment_id=267\" class=\"wp-image-267\"\/><\/figure><\/li><\/ul><\/figure>\n\n\n\n<figure class=\"wp-block-gallery columns-3 is-cropped wp-block-gallery-2 is-layout-flex wp-block-gallery-is-layout-flex\"><ul class=\"blocks-gallery-grid\"><li class=\"blocks-gallery-item\"><figure><img decoding=\"async\" src=\"https:\/\/sermaxscales.com\/eu\/eu\/wp-content\/uploads\/2020\/04\/prueba-3207-2.jpg\" alt=\"\" data-id=\"492\" data-link=\"https:\/\/sermaxscales.com\/eu\/eu\/?attachment_id=492\" class=\"wp-image-492\"\/><\/figure><\/li><li class=\"blocks-gallery-item\"><figure><img decoding=\"async\" src=\"https:\/\/sermaxscales.com\/eu\/eu\/wp-content\/uploads\/2020\/04\/CR16-8L-GRIS-DETAIL-1024x692.jpg\" alt=\"\" data-id=\"493\" data-link=\"https:\/\/sermaxscales.com\/eu\/eu\/?attachment_id=493\" class=\"wp-image-493\"\/><\/figure><\/li><li class=\"blocks-gallery-item\"><figure><img decoding=\"async\" src=\"https:\/\/sermaxscales.com\/eu\/eu\/wp-content\/uploads\/2020\/04\/CR16-8L-GRIS-TOP-1024x692.jpg\" alt=\"\" data-id=\"494\" data-link=\"https:\/\/sermaxscales.com\/eu\/eu\/?attachment_id=494\" class=\"wp-image-494\"\/><\/figure><\/li><li class=\"blocks-gallery-item\"><figure><img decoding=\"async\" src=\"https:\/\/sermaxscales.com\/eu\/eu\/wp-content\/uploads\/2020\/04\/IMG_3111.jpg\" alt=\"\" data-id=\"495\" data-link=\"https:\/\/sermaxscales.com\/eu\/eu\/?attachment_id=495\" class=\"wp-image-495\"\/><figcaption class=\"blocks-gallery-item__caption\">Back Camera<\/figcaption><\/figure><\/li><li class=\"blocks-gallery-item\"><figure><img decoding=\"async\" src=\"https:\/\/sermaxscales.com\/eu\/eu\/wp-content\/uploads\/2020\/04\/Sermax-Scales_-10-copia-MINI2_1-683x1024.jpg\" alt=\"\" data-id=\"496\" data-link=\"https:\/\/sermaxscales.com\/eu\/eu\/?attachment_id=496\" class=\"wp-image-496\"\/><\/figure><\/li><li class=\"blocks-gallery-item\"><figure><img decoding=\"async\" src=\"https:\/\/sermaxscales.com\/eu\/eu\/wp-content\/uploads\/2020\/04\/Sermax-Scales_-6-1024x683.jpg\" alt=\"\" data-id=\"497\" data-link=\"https:\/\/sermaxscales.com\/eu\/eu\/?attachment_id=497\" class=\"wp-image-497\"\/><\/figure><\/li><li class=\"blocks-gallery-item\"><figure><img decoding=\"async\" src=\"https:\/\/sermaxscales.com\/eu\/eu\/wp-content\/uploads\/2020\/04\/CRS16-GEN_INF-683x1024.jpg\" alt=\"\" data-id=\"498\" data-link=\"https:\/\/sermaxscales.com\/eu\/eu\/?attachment_id=498\" class=\"wp-image-498\"\/><\/figure><\/li><li class=\"blocks-gallery-item\"><figure><img decoding=\"async\" src=\"https:\/\/sermaxscales.com\/eu\/eu\/wp-content\/uploads\/2020\/04\/IMG_4585.jpg\" alt=\"\" data-id=\"500\" data-link=\"https:\/\/sermaxscales.com\/eu\/eu\/?attachment_id=500\" class=\"wp-image-500\"\/><\/figure><\/li><li class=\"blocks-gallery-item\"><figure><img decoding=\"async\" src=\"https:\/\/sermaxscales.com\/eu\/eu\/wp-content\/uploads\/2020\/04\/IMG_4581_2.jpg\" alt=\"\" data-id=\"502\" data-full-url=\"https:\/\/sermaxscales.com\/eu\/eu\/wp-content\/uploads\/2020\/04\/IMG_4581_2.jpg\" data-link=\"https:\/\/sermaxscales.com\/eu\/eu\/?attachment_id=502\" class=\"wp-image-502\"\/><\/figure><\/li><\/ul><\/figure>\n\n\n\n<p>Descripci\u00f3n:<\/p>\n\n\n\n<p>Pesadora Multicabezal Circular dise\u00f1ada para todo tipo de productos hasta longitud 180 mm \u00f3 \u00d8 85 mm \/ pieza unitaria.<\/p>\n\n\n\n<p><a href=\"https:\/\/www.youtube.com\/watch?v=6QaNBpWwfBU\" target=\"_blank\" rel=\"noreferrer noopener\">Ver v\u00eddeo &#8211; Pesado &#8211; Contado de Ajos<\/a><\/p>\n\n\n\n<p><a href=\"https:\/\/www.youtube.com\/watch?v=7ycKEeTfNCA\" target=\"_blank\" rel=\"noreferrer noopener\">Ver v\u00eddeo &#8211; Pesado de Cebollas<\/a><\/p>\n\n\n\n<p><a href=\"https:\/\/www.youtube.com\/watch?v=ktqbMU73TOI&amp;t=2s\" target=\"_blank\" rel=\"noreferrer noopener\">Ver video &#8211; Pasta fresca L-180 mm<\/a><\/p>\n\n\n\n<p><strong>Especificaciones:<\/strong><\/p>\n\n\n\n<figure class=\"wp-block-table\"><table><tbody><tr><th>Longitud m\u00e1xima de producto:<\/th><td>180<\/td><td>mm<\/td><\/tr><tr><th>Rangos de dosificaci\u00f3n:<\/th><td>15-5000<\/td><td>gr<\/td><\/tr><tr><th>Velocidad de producci\u00f3n:<\/th><td>35-70<\/td><td>dpm<\/td><\/tr><tr><th>Precisi\u00f3n:<\/th><td>+\/- 1<\/td><td>&#8211;<\/td><\/tr><tr><th>Capacidad en recipientes:<\/th><td>4-8-10<\/td><td>L<\/td><\/tr><tr><th>N\u00ba Cabezales:<\/th><td>10-14-16<\/td><td>&#8211;<\/td><\/tr><tr><th>N\u00ba de niveles:<\/th><td>1<\/td><td>&#8211;<\/td><\/tr><tr><th>Capacidad tolva recepci\u00f3n:<\/th><td>35<\/td><td>L<\/td><\/tr><tr><th>Consumo de aire:<\/th><td>0<\/td><td>L\/min<\/td><\/tr><tr><th>Alimentaci\u00f3n el\u00e9ctrica:<\/th><td>380<\/td><td>V<\/td><\/tr><tr><th>Potencia Instalada:<\/th><td>640<\/td><td>va<\/td><\/tr><tr><th>Frecuencias:<\/th><td>50-60<\/td><td>Hz<\/td><\/tr><tr><th>Peso:<\/th><td>650<\/td><td>Kg<\/td><\/tr><tr><th>Dimensiones:<\/th><td>1600 x 1600 x 1600<\/td><td>(W \/ H \/ L mm)<\/td><\/tr><\/tbody><\/table><\/figure>\n\n\n\n<p>Caracter\u00edsticas:&nbsp;<\/p>\n\n\n\n<ul class=\"wp-block-list\"><li>Estructura compacta con nivel de protecci\u00f3n IP-67.<\/li><li>Accionamiento mediante motores paso a paso.<\/li><li>Inclinaci\u00f3n configurable en las canales de vibraci\u00f3n y tolvas de descarga.<\/li><li>Todos los recipientes y canales completamente intercambiables.<\/li><li>Recipientes y tolvas con radios de pliegue.<\/li><li>Las tapas de los recipientes se mantienen abiertas para facilitar la limpieza.<\/li><li>Sistema de asociaci\u00f3n de pesos.<\/li><li>C\u00e9lulas de pesaje en Acero Inoxidable.<\/li><li>Elementos en contacto con el producto fabricados en Acero Inox.<\/li><li>Pantalla t\u00e1ctil Color TFT 10.4&#8243;<\/li><li>Armarios electr\u00f3nicos totalmente estancos.<\/li><\/ul>\n","protected":false},"excerpt":{"rendered":"<p>Descripci\u00f3n: Pesadora Multicabezal Circular dise\u00f1ada para todo tipo de productos hasta longitud 180 mm \u00f3 \u00d8 85 mm \/ pieza unitaria. Ver v\u00eddeo &#8211; Pesado &#8211; Contado de Ajos Ver v\u00eddeo &#8211; Pesado de Cebollas Ver video &#8211; Pasta fresca L-180 mm Especificaciones: Longitud m\u00e1xima de producto: 180 mm Rangos de dosificaci\u00f3n: 15-5000 gr Velocidad [&hellip;]<\/p>\n","protected":false},"author":3,"featured_media":708,"parent":0,"menu_order":0,"comment_status":"closed","ping_status":"closed","template":"","meta":{"footnotes":""},"class_list":["post-491","page","type-page","status-publish","has-post-thumbnail","hentry","entry","has-media","owp-thumbs-layout-horizontal","owp-btn-normal","owp-tabs-layout-horizontal","has-no-thumbnails","has-product-nav"],"_links":{"self":[{"href":"https:\/\/sermaxscales.com\/eu\/wp-json\/wp\/v2\/pages\/491","targetHints":{"allow":["GET"]}}],"collection":[{"href":"https:\/\/sermaxscales.com\/eu\/wp-json\/wp\/v2\/pages"}],"about":[{"href":"https:\/\/sermaxscales.com\/eu\/wp-json\/wp\/v2\/types\/page"}],"author":[{"embeddable":true,"href":"https:\/\/sermaxscales.com\/eu\/wp-json\/wp\/v2\/users\/3"}],"replies":[{"embeddable":true,"href":"https:\/\/sermaxscales.com\/eu\/wp-json\/wp\/v2\/comments?post=491"}],"version-history":[{"count":0,"href":"https:\/\/sermaxscales.com\/eu\/wp-json\/wp\/v2\/pages\/491\/revisions"}],"wp:featuredmedia":[{"embeddable":true,"href":"https:\/\/sermaxscales.com\/eu\/wp-json\/wp\/v2\/media\/708"}],"wp:attachment":[{"href":"https:\/\/sermaxscales.com\/eu\/wp-json\/wp\/v2\/media?parent=491"}],"curies":[{"name":"wp","href":"https:\/\/api.w.org\/{rel}","templated":true}]}}