{"id":471,"date":"2020-04-13T08:04:47","date_gmt":"2020-04-13T08:04:47","guid":{"rendered":"https:\/\/sermaxscales.com\/eu\/eu\/?page_id=471"},"modified":"2020-04-13T08:04:47","modified_gmt":"2020-04-13T08:04:47","slug":"multicabezales-circulares","status":"publish","type":"page","link":"https:\/\/sermaxscales.com\/eu\/multicabezales-circulares\/","title":{"rendered":"MULTICABEZALES CIRCULARES"},"content":{"rendered":"\n<div class=\"wp-block-columns is-layout-flex wp-container-core-columns-is-layout-9d6595d7 wp-block-columns-is-layout-flex\">\n<div class=\"wp-block-column is-layout-flow wp-block-column-is-layout-flow\">\n<h2 class=\"wp-block-heading\">CRS 10-14-16 4-8L<\/h2>\n\n\n\n<figure class=\"wp-block-image size-large is-resized\"><img fetchpriority=\"high\" decoding=\"async\" src=\"https:\/\/sermaxscales.com\/eu\/eu\/wp-content\/uploads\/2020\/04\/Sermax-Scales_-10_2-683x1024.jpg\" alt=\"\" class=\"wp-image-474\" width=\"284\" height=\"426\" title=\"\"\/><\/figure>\n\n\n\n<pre class=\"wp-block-preformatted\"><a href=\"https:\/\/sermaxscales.com\/eu\/eu\/?page_id=491\">Ficha T\u00e9cnica<\/a><\/pre>\n\n\n\n<p>Pesadora Multicabezal Circular dise\u00f1ada para todo tipo de productos hasta longitud 180 mm \u00f3 \u00d8 85 mm \/ pieza unitaria.<\/p>\n\n\n\n<p><a rel=\"noreferrer noopener\" href=\"https:\/\/www.youtube.com\/watch?v=6QaNBpWwfBU\" target=\"_blank\">Ver v\u00eddeo &#8211; Pesado &#8211; Contado de Ajos<\/a><\/p>\n\n\n\n<p><a rel=\"noreferrer noopener\" href=\"https:\/\/www.youtube.com\/watch?v=7ycKEeTfNCA\" target=\"_blank\">Ver v\u00eddeo &#8211; Pesado de Cebollas<\/a><\/p>\n\n\n\n<p><a href=\"https:\/\/www.youtube.com\/watch?v=ktqbMU73TOI&amp;t=2s\" target=\"_blank\" rel=\"noreferrer noopener\">Ver video &#8211; Pasta fresca L-180 mm<\/a><\/p>\n\n\n\n<p>Rangos de dosificaci\u00f3n:&nbsp;15-5000<\/p>\n\n\n\n<p><\/p>\n\n\n\n<p><\/p>\n\n\n\n<p><\/p>\n\n\n\n<p><\/p>\n\n\n\n<p><\/p>\n\n\n\n<p><\/p>\n\n\n\n<p><\/p>\n\n\n\n<p><\/p>\n\n\n\n<pre class=\"wp-block-preformatted\"><\/pre>\n\n\n\n<h2 class=\"wp-block-heading\">CR-32 1L<\/h2>\n\n\n\n<p><\/p>\n\n\n\n<p><\/p>\n\n\n\n<div class=\"wp-block-image\"><figure class=\"alignleft size-large is-resized\"><img decoding=\"async\" src=\"https:\/\/sermaxscales.com\/eu\/eu\/wp-content\/uploads\/2020\/04\/prueba-3207-1.jpg\" alt=\"\" class=\"wp-image-479\" width=\"642\" height=\"398\" title=\"\"\/><\/figure><\/div>\n\n\n\n<p><\/p>\n\n\n\n<p><\/p>\n\n\n\n<p><\/p>\n\n\n\n<p>Pesadora Multicabezal Circular&nbsp;<strong>dise\u00f1ada para altas producciones<\/strong>&nbsp;adecuada para todo tipo de productos hasta longitud 45 mm \u00f3 \u00d8 45 mm \/ pieza unitaria.<\/p>\n\n\n\n<p>Rangos de dosificaci\u00f3n:&nbsp;10 &#8211; 500 Gr<\/p>\n\n\n\n<p><\/p>\n<\/div>\n\n\n\n<div class=\"wp-block-column is-layout-flow wp-block-column-is-layout-flow\">\n<h2 class=\"wp-block-heading\">CR 10-12-14-16 2L<\/h2>\n\n\n\n<figure class=\"wp-block-image size-large is-resized\"><img decoding=\"async\" src=\"https:\/\/sermaxscales.com\/eu\/eu\/wp-content\/uploads\/2020\/04\/CR12-copia-768x1024.jpg\" alt=\"\" class=\"wp-image-475\" width=\"305\" height=\"406\" title=\"\"\/><\/figure>\n\n\n\n<pre class=\"wp-block-preformatted\"><a href=\"https:\/\/sermaxscales.com\/eu\/eu\/?page_id=518\">Ficha T\u00e9cnica<\/a><\/pre>\n\n\n\n<p>Pesadora Multicabezal Circular dise\u00f1ada para todo tipo de productos hasta longitud 65 mm \u00f3 \u00d865 mm \/ pieza unitaria.<\/p>\n\n\n\n<p><a href=\"https:\/\/www.youtube.com\/watch?v=4seXvBXeSa4\" target=\"_blank\" rel=\"noreferrer noopener\">Ver v\u00eddeo &#8211; At\u00fan desmigado<\/a><\/p>\n\n\n\n<p>Rangos de dosificaci\u00f3n:&nbsp;15-1000<\/p>\n\n\n\n<p><\/p>\n<\/div>\n<\/div>\n\n\n\n<p><\/p>\n","protected":false},"excerpt":{"rendered":"<p>CRS 10-14-16 4-8L Ficha T\u00e9cnica Pesadora Multicabezal Circular dise\u00f1ada para todo tipo de productos hasta longitud 180 mm \u00f3 \u00d8 85 mm \/ pieza unitaria. Ver v\u00eddeo &#8211; Pesado &#8211; Contado de Ajos Ver v\u00eddeo &#8211; Pesado de Cebollas Ver video &#8211; Pasta fresca L-180 mm Rangos de dosificaci\u00f3n:&nbsp;15-5000 CR-32 1L Pesadora Multicabezal Circular&nbsp;dise\u00f1ada para [&hellip;]<\/p>\n","protected":false},"author":3,"featured_media":0,"parent":0,"menu_order":0,"comment_status":"closed","ping_status":"closed","template":"","meta":{"footnotes":""},"class_list":["post-471","page","type-page","status-publish","hentry","entry","owp-thumbs-layout-horizontal","owp-btn-normal","owp-tabs-layout-horizontal","has-no-thumbnails","has-product-nav"],"_links":{"self":[{"href":"https:\/\/sermaxscales.com\/eu\/wp-json\/wp\/v2\/pages\/471","targetHints":{"allow":["GET"]}}],"collection":[{"href":"https:\/\/sermaxscales.com\/eu\/wp-json\/wp\/v2\/pages"}],"about":[{"href":"https:\/\/sermaxscales.com\/eu\/wp-json\/wp\/v2\/types\/page"}],"author":[{"embeddable":true,"href":"https:\/\/sermaxscales.com\/eu\/wp-json\/wp\/v2\/users\/3"}],"replies":[{"embeddable":true,"href":"https:\/\/sermaxscales.com\/eu\/wp-json\/wp\/v2\/comments?post=471"}],"version-history":[{"count":0,"href":"https:\/\/sermaxscales.com\/eu\/wp-json\/wp\/v2\/pages\/471\/revisions"}],"wp:attachment":[{"href":"https:\/\/sermaxscales.com\/eu\/wp-json\/wp\/v2\/media?parent=471"}],"curies":[{"name":"wp","href":"https:\/\/api.w.org\/{rel}","templated":true}]}}