{"id":445,"date":"2020-04-13T07:51:49","date_gmt":"2020-04-13T07:51:49","guid":{"rendered":"https:\/\/sermaxscales.com\/eu\/eu\/?page_id=445"},"modified":"2020-04-13T07:51:49","modified_gmt":"2020-04-13T07:51:49","slug":"cls-16","status":"publish","type":"page","link":"https:\/\/sermaxscales.com\/eu\/cls-16\/","title":{"rendered":"CLS 16"},"content":{"rendered":"\n<div class=\"wp-block-soliloquy-soliloquywp\">[soliloquy id=&#8217;865&#8242; type=&#8217;gutenberg&#8217;]<\/div>\n\n\n\n<p><\/p>\n\n\n\n<div style=\"height:100px\" aria-hidden=\"true\" class=\"wp-block-spacer\"><\/div>\n\n\n\n<p><\/p>\n\n\n\n<p><img fetchpriority=\"high\" decoding=\"async\" width=\"380\" height=\"285\" src=\"https:\/\/sermaxscales.com\/eu\/sites\/default\/files\/imagecache\/imagen_pesadora\/IMG_9326.jpg\" alt=\"\"><\/p>\n\n\n\n<figure class=\"wp-block-gallery columns-4 wp-block-gallery-1 is-layout-flex wp-block-gallery-is-layout-flex\"><ul class=\"blocks-gallery-grid\"><li class=\"blocks-gallery-item\"><figure><img decoding=\"async\" src=\"https:\/\/sermaxscales.com\/eu\/eu\/wp-content\/uploads\/2020\/04\/11-hortalizas.png\" alt=\"Hortalizas\" data-id=\"270\" data-full-url=\"https:\/\/sermaxscales.com\/eu\/eu\/wp-content\/uploads\/2020\/04\/11-hortalizas.png\" data-link=\"https:\/\/sermaxscales.com\/eu\/eu\/?attachment_id=270\" class=\"wp-image-270\"\/><\/figure><\/li><li class=\"blocks-gallery-item\"><figure><img decoding=\"async\" src=\"https:\/\/sermaxscales.com\/eu\/eu\/wp-content\/uploads\/2020\/04\/10-carne.png\" alt=\"Carne\" data-id=\"269\" data-full-url=\"https:\/\/sermaxscales.com\/eu\/eu\/wp-content\/uploads\/2020\/04\/10-carne.png\" data-link=\"https:\/\/sermaxscales.com\/eu\/eu\/?attachment_id=269\" class=\"wp-image-269\"\/><\/figure><\/li><li class=\"blocks-gallery-item\"><figure><img decoding=\"async\" src=\"https:\/\/sermaxscales.com\/eu\/eu\/wp-content\/uploads\/2020\/04\/05-pescado.png\" alt=\"Pescado\" data-id=\"264\" data-full-url=\"https:\/\/sermaxscales.com\/eu\/eu\/wp-content\/uploads\/2020\/04\/05-pescado.png\" data-link=\"https:\/\/sermaxscales.com\/eu\/eu\/?attachment_id=264\" class=\"wp-image-264\"\/><\/figure><\/li><li class=\"blocks-gallery-item\"><figure><img decoding=\"async\" src=\"https:\/\/sermaxscales.com\/eu\/eu\/wp-content\/uploads\/2020\/04\/02-congelados-1.png\" alt=\"Congelados - Frozen products\" data-id=\"277\" data-full-url=\"https:\/\/sermaxscales.com\/eu\/eu\/wp-content\/uploads\/2020\/04\/02-congelados-1.png\" data-link=\"https:\/\/sermaxscales.com\/eu\/eu\/?attachment_id=277\" class=\"wp-image-277\"\/><\/figure><\/li><\/ul><\/figure>\n\n\n\n<figure class=\"wp-block-gallery columns-3 is-cropped wp-block-gallery-2 is-layout-flex wp-block-gallery-is-layout-flex\"><ul class=\"blocks-gallery-grid\"><li class=\"blocks-gallery-item\"><figure><img decoding=\"async\" src=\"https:\/\/sermaxscales.com\/eu\/eu\/wp-content\/uploads\/2020\/04\/IMG_7533.jpg\" alt=\"\" data-id=\"447\" data-link=\"https:\/\/sermaxscales.com\/eu\/eu\/?attachment_id=447\" class=\"wp-image-447\"\/><\/figure><\/li><li class=\"blocks-gallery-item\"><figure><img decoding=\"async\" src=\"https:\/\/sermaxscales.com\/eu\/eu\/wp-content\/uploads\/2020\/04\/IMG_7545.jpg\" alt=\"\" data-id=\"448\" data-link=\"https:\/\/sermaxscales.com\/eu\/eu\/?attachment_id=448\" class=\"wp-image-448\"\/><\/figure><\/li><li class=\"blocks-gallery-item\"><figure><img decoding=\"async\" src=\"https:\/\/sermaxscales.com\/eu\/eu\/wp-content\/uploads\/2020\/04\/IMG_9332.jpg\" alt=\"\" data-id=\"449\" data-link=\"https:\/\/sermaxscales.com\/eu\/eu\/?attachment_id=449\" class=\"wp-image-449\"\/><\/figure><\/li><li class=\"blocks-gallery-item\"><figure><img decoding=\"async\" src=\"https:\/\/sermaxscales.com\/eu\/eu\/wp-content\/uploads\/2020\/04\/IMG_7523.jpg\" alt=\"\" data-id=\"450\" data-link=\"https:\/\/sermaxscales.com\/eu\/eu\/?attachment_id=450\" class=\"wp-image-450\"\/><\/figure><\/li><li class=\"blocks-gallery-item\"><figure><img decoding=\"async\" src=\"https:\/\/sermaxscales.com\/eu\/eu\/wp-content\/uploads\/2020\/04\/IMG_7516.jpg\" alt=\"\" data-id=\"451\" data-link=\"https:\/\/sermaxscales.com\/eu\/eu\/?attachment_id=451\" class=\"wp-image-451\"\/><\/figure><\/li><li class=\"blocks-gallery-item\"><figure><img decoding=\"async\" src=\"https:\/\/sermaxscales.com\/eu\/eu\/wp-content\/uploads\/2020\/04\/CLS-16-PREVIEW_0.jpg\" alt=\"\" data-id=\"452\" data-link=\"https:\/\/sermaxscales.com\/eu\/eu\/?attachment_id=452\" class=\"wp-image-452\"\/><\/figure><\/li><li class=\"blocks-gallery-item\"><figure><img decoding=\"async\" src=\"https:\/\/sermaxscales.com\/eu\/eu\/wp-content\/uploads\/2020\/04\/IMG_7511.jpg\" alt=\"\" data-id=\"453\" data-link=\"https:\/\/sermaxscales.com\/eu\/eu\/?attachment_id=453\" class=\"wp-image-453\"\/><\/figure><\/li><li class=\"blocks-gallery-item\"><figure><img decoding=\"async\" src=\"https:\/\/sermaxscales.com\/eu\/eu\/wp-content\/uploads\/2020\/04\/20140507_085739-1024x768.jpg\" alt=\"\" data-id=\"454\" data-link=\"https:\/\/sermaxscales.com\/eu\/eu\/?attachment_id=454\" class=\"wp-image-454\"\/><\/figure><\/li><li class=\"blocks-gallery-item\"><figure><img decoding=\"async\" src=\"https:\/\/sermaxscales.com\/eu\/eu\/wp-content\/uploads\/2020\/04\/2014-04-26-18.52.31-1024x768.jpg\" alt=\"\" data-id=\"455\" data-link=\"https:\/\/sermaxscales.com\/eu\/eu\/?attachment_id=455\" class=\"wp-image-455\"\/><\/figure><\/li><li class=\"blocks-gallery-item\"><figure><img decoding=\"async\" src=\"https:\/\/sermaxscales.com\/eu\/eu\/wp-content\/uploads\/2020\/04\/CLS-12_14_16-PERSP-1024x619.jpg\" alt=\"\" data-id=\"456\" data-link=\"https:\/\/sermaxscales.com\/eu\/eu\/?attachment_id=456\" class=\"wp-image-456\"\/><\/figure><\/li><li class=\"blocks-gallery-item\"><figure><img decoding=\"async\" src=\"https:\/\/sermaxscales.com\/eu\/eu\/wp-content\/uploads\/2020\/04\/CLS-12_14_16-DETAILED-1024x592.jpg\" alt=\"\" data-id=\"457\" data-link=\"https:\/\/sermaxscales.com\/eu\/eu\/?attachment_id=457\" class=\"wp-image-457\"\/><\/figure><\/li><li class=\"blocks-gallery-item\"><figure><img decoding=\"async\" src=\"https:\/\/sermaxscales.com\/eu\/eu\/wp-content\/uploads\/2020\/04\/CLS-12_14_16-FRONT-1024x619.jpg\" alt=\"\" data-id=\"458\" data-link=\"https:\/\/sermaxscales.com\/eu\/eu\/?attachment_id=458\" class=\"wp-image-458\"\/><\/figure><\/li><li class=\"blocks-gallery-item\"><figure><img decoding=\"async\" src=\"https:\/\/sermaxscales.com\/eu\/eu\/wp-content\/uploads\/2020\/04\/CLS-12_14_16-TOP_0-1024x619.jpg\" alt=\"\" data-id=\"459\" data-full-url=\"https:\/\/sermaxscales.com\/eu\/eu\/wp-content\/uploads\/2020\/04\/CLS-12_14_16-TOP_0.jpg\" data-link=\"https:\/\/sermaxscales.com\/eu\/eu\/?attachment_id=459\" class=\"wp-image-459\"\/><\/figure><\/li><\/ul><\/figure>\n\n\n\n<p>Descripci\u00f3n:<\/p>\n\n\n\n<p>Pesadora Multicabezal lineal de carga manual para todo tipo de productos frescos, congelados&nbsp; hasta longitud 400 mm \u00f3 \u00d8 120 mm \/ pieza unitaria.<\/p>\n\n\n\n<p>Soluci\u00f3n especialmente indicada&nbsp; para productos de longitudes entre&nbsp; 180 a 400 mm en los que se requiere la descarga de un feso fijo.<\/p>\n\n\n\n<pre class=\"wp-block-preformatted\"><a href=\"https:\/\/www.youtube.com\/watch?v=Bs_s_i0Lb-I\" target=\"_blank\" rel=\"noreferrer noopener\">Ver video<\/a><\/pre>\n\n\n\n<p><strong>NUEVA Versi\u00f3n&nbsp;<\/strong><strong>disponible !<\/strong><\/p>\n\n\n\n<p>Dise\u00f1o m\u00e1s higi\u00e9nico&nbsp;<\/p>\n\n\n\n<p>Sistema de carga de f\u00e1cil acceso<\/p>\n\n\n\n<pre class=\"wp-block-preformatted\"><a href=\"https:\/\/sermaxscales.com\/eu\/transportadores-easy-clean\">Bandas desmontables Easy Clean<\/a><\/pre>\n\n\n\n<p>Doble velocidad de producci\u00f3n (&nbsp; 8 + 8 )<\/p>\n\n\n\n<pre class=\"wp-block-preformatted\"><a href=\"https:\/\/sermaxscales.com\/eu\/contact\">CONTACTAR PARA MAS INFORMACI\u00d3N<\/a><\/pre>\n\n\n\n<p><strong>Especificaciones:<\/strong><\/p>\n\n\n\n<figure class=\"wp-block-table\"><table><tbody><tr><th>Longitud m\u00e1xima de producto:<\/th><td>400<\/td><td>mm<\/td><\/tr><tr><th>Rangos de dosificaci\u00f3n:<\/th><td>1 &#8211; 5 &#8211; 10 Kg<\/td><td>gr<\/td><\/tr><tr><th>Velocidad de producci\u00f3n:<\/th><td>10 &#8211; 25<\/td><td>dpm<\/td><\/tr><tr><th>Precisi\u00f3n:<\/th><td>+\/- 0.3% por cabezal en cobinaci\u00f3n.<\/td><td>&#8211;<\/td><\/tr><tr><th>Capacidad en recipientes:<\/th><td>3 \/ 5 \/ 10<\/td><td>L<\/td><\/tr><tr><th>N\u00ba Cabezales:<\/th><td>12 \/ 14 \/ 16<\/td><td>&#8211;<\/td><\/tr><tr><th>N\u00ba de niveles:<\/th><td>1<\/td><td>&#8211;<\/td><\/tr><tr><th>Capacidad tolva recepci\u00f3n:<\/th><td>0<\/td><td>L<\/td><\/tr><tr><th>Consumo de aire:<\/th><td>1.6<\/td><td>L\/min<\/td><\/tr><tr><th>Presi\u00f3n del aire:<\/th><td>6<\/td><td>Kg\/cm3<\/td><\/tr><tr><th>Alimentaci\u00f3n el\u00e9ctrica:<\/th><td>380<\/td><td>V<\/td><\/tr><tr><th>Potencia Instalada:<\/th><td>1.2<\/td><td>va<\/td><\/tr><tr><th>Frecuencias:<\/th><td>50-60<\/td><td>Hz<\/td><\/tr><tr><th>Peso:<\/th><td>850<\/td><td>Kg<\/td><\/tr><tr><th>Dimensiones:<\/th><td>1400x1800x2300<\/td><td>(W \/ H \/ L mm)<\/td><\/tr><\/tbody><\/table><\/figure>\n\n\n\n<p>Caracter\u00edsticas:&nbsp;<\/p>\n\n\n\n<ul class=\"wp-block-list\"><li>Dise\u00f1ada para reducir caidas o roturas de producto.<\/li><li><strong>Dise\u00f1o de canal de pesaje a medida de cada producto.<\/strong><\/li><li>Cintas transportadoras desmontables sin herramientas.<\/li><li>Accionamiento de recipientes y cintas mediante motores paso a paso.<\/li><li>Dispositivo de Auto-alineaci\u00f3n de producto neum\u00e1tico.<\/li><li>Sistema de asociaci\u00f3n de pesos.<\/li><li>Recipientes de peso de extracci\u00f3n r\u00e1pida y doble o simple abertura.<\/li><li>Todas las piezas son desmontables para facilitar la limpieza.<\/li><li>Celulas de pesaje en Acero Inoxidable.<\/li><li>Detecci\u00f3n de nivel de producto regulable.<\/li><li>Pantalla t\u00e1ctil Color TFT 10.4&#8243;.<\/li><li>Armarios electr\u00f3nicos totalmente estancos.<\/li><\/ul>\n\n\n\n<p><\/p>\n\n\n\n<p><\/p>\n\n\n\n<p><\/p>\n","protected":false},"excerpt":{"rendered":"<p>Descripci\u00f3n: Pesadora Multicabezal lineal de carga manual para todo tipo de productos frescos, congelados&nbsp; hasta longitud 400 mm \u00f3 \u00d8 120 mm \/ pieza unitaria. Soluci\u00f3n especialmente indicada&nbsp; para productos de longitudes entre&nbsp; 180 a 400 mm en los que se requiere la descarga de un feso fijo. Ver video NUEVA Versi\u00f3n&nbsp;disponible ! Dise\u00f1o m\u00e1s [&hellip;]<\/p>\n","protected":false},"author":3,"featured_media":0,"parent":0,"menu_order":0,"comment_status":"closed","ping_status":"closed","template":"","meta":{"footnotes":""},"class_list":["post-445","page","type-page","status-publish","hentry","entry","owp-thumbs-layout-horizontal","owp-btn-normal","owp-tabs-layout-horizontal","has-no-thumbnails","has-product-nav"],"_links":{"self":[{"href":"https:\/\/sermaxscales.com\/eu\/wp-json\/wp\/v2\/pages\/445","targetHints":{"allow":["GET"]}}],"collection":[{"href":"https:\/\/sermaxscales.com\/eu\/wp-json\/wp\/v2\/pages"}],"about":[{"href":"https:\/\/sermaxscales.com\/eu\/wp-json\/wp\/v2\/types\/page"}],"author":[{"embeddable":true,"href":"https:\/\/sermaxscales.com\/eu\/wp-json\/wp\/v2\/users\/3"}],"replies":[{"embeddable":true,"href":"https:\/\/sermaxscales.com\/eu\/wp-json\/wp\/v2\/comments?post=445"}],"version-history":[{"count":0,"href":"https:\/\/sermaxscales.com\/eu\/wp-json\/wp\/v2\/pages\/445\/revisions"}],"wp:attachment":[{"href":"https:\/\/sermaxscales.com\/eu\/wp-json\/wp\/v2\/media?parent=445"}],"curies":[{"name":"wp","href":"https:\/\/api.w.org\/{rel}","templated":true}]}}