{"id":430,"date":"2020-04-13T07:34:34","date_gmt":"2020-04-13T07:34:34","guid":{"rendered":"https:\/\/sermaxscales.com\/eu\/eu\/?page_id=430"},"modified":"2020-04-13T07:34:34","modified_gmt":"2020-04-13T07:34:34","slug":"lm16-b","status":"publish","type":"page","link":"https:\/\/sermaxscales.com\/eu\/lm16-b\/","title":{"rendered":"LM16-B"},"content":{"rendered":"\n<p><img fetchpriority=\"high\" decoding=\"async\" width=\"380\" height=\"506\" src=\"https:\/\/sermaxscales.com\/eu\/sites\/default\/files\/imagecache\/imagen_pesadora\/lm16%20recorte%20principal%20web_5.jpg\" alt=\"\"><\/p>\n\n\n\n<figure class=\"wp-block-gallery columns-7 is-cropped wp-block-gallery-1 is-layout-flex wp-block-gallery-is-layout-flex\"><ul class=\"blocks-gallery-grid\"><li class=\"blocks-gallery-item\"><figure><img decoding=\"async\" src=\"https:\/\/sermaxscales.com\/eu\/eu\/wp-content\/uploads\/2020\/04\/10-carne.png\" alt=\"Carne\" data-id=\"269\" data-full-url=\"https:\/\/sermaxscales.com\/eu\/eu\/wp-content\/uploads\/2020\/04\/10-carne.png\" data-link=\"https:\/\/sermaxscales.com\/eu\/eu\/?attachment_id=269\" class=\"wp-image-269\"\/><\/figure><\/li><li class=\"blocks-gallery-item\"><figure><img decoding=\"async\" src=\"https:\/\/sermaxscales.com\/eu\/eu\/wp-content\/uploads\/2020\/04\/09-citricos.png\" alt=\"C\u00edtricos\" data-id=\"268\" data-full-url=\"https:\/\/sermaxscales.com\/eu\/eu\/wp-content\/uploads\/2020\/04\/09-citricos.png\" data-link=\"https:\/\/sermaxscales.com\/eu\/eu\/?attachment_id=268\" class=\"wp-image-268\"\/><\/figure><\/li><li class=\"blocks-gallery-item\"><figure><img decoding=\"async\" src=\"https:\/\/sermaxscales.com\/eu\/eu\/wp-content\/uploads\/2020\/04\/08-vegetales-frescos.png\" alt=\"Vegetales\" data-id=\"267\" data-full-url=\"https:\/\/sermaxscales.com\/eu\/eu\/wp-content\/uploads\/2020\/04\/08-vegetales-frescos.png\" data-link=\"https:\/\/sermaxscales.com\/eu\/eu\/?attachment_id=267\" class=\"wp-image-267\"\/><\/figure><\/li><li class=\"blocks-gallery-item\"><figure><img decoding=\"async\" src=\"https:\/\/sermaxscales.com\/eu\/eu\/wp-content\/uploads\/2020\/04\/06-panaderia-1.png\" alt=\"\" data-id=\"275\" data-full-url=\"https:\/\/sermaxscales.com\/eu\/eu\/wp-content\/uploads\/2020\/04\/06-panaderia-1.png\" data-link=\"https:\/\/sermaxscales.com\/eu\/eu\/?attachment_id=275\" class=\"wp-image-275\"\/><\/figure><\/li><li class=\"blocks-gallery-item\"><figure><img decoding=\"async\" src=\"https:\/\/sermaxscales.com\/eu\/eu\/wp-content\/uploads\/2020\/04\/05-pescado.png\" alt=\"Pescado\" data-id=\"264\" data-full-url=\"https:\/\/sermaxscales.com\/eu\/eu\/wp-content\/uploads\/2020\/04\/05-pescado.png\" data-link=\"https:\/\/sermaxscales.com\/eu\/eu\/?attachment_id=264\" class=\"wp-image-264\"\/><\/figure><\/li><li class=\"blocks-gallery-item\"><figure><img decoding=\"async\" src=\"https:\/\/sermaxscales.com\/eu\/eu\/wp-content\/uploads\/2020\/04\/02-congelados-1.png\" alt=\"Congelados - Frozen products\" data-id=\"277\" data-full-url=\"https:\/\/sermaxscales.com\/eu\/eu\/wp-content\/uploads\/2020\/04\/02-congelados-1.png\" data-link=\"https:\/\/sermaxscales.com\/eu\/eu\/?attachment_id=277\" class=\"wp-image-277\"\/><\/figure><\/li><li class=\"blocks-gallery-item\"><figure><img decoding=\"async\" src=\"https:\/\/sermaxscales.com\/eu\/eu\/wp-content\/uploads\/2020\/04\/11-hortalizas.png\" alt=\"Hortalizas\" data-id=\"270\" data-full-url=\"https:\/\/sermaxscales.com\/eu\/eu\/wp-content\/uploads\/2020\/04\/11-hortalizas.png\" data-link=\"https:\/\/sermaxscales.com\/eu\/eu\/?attachment_id=270\" class=\"wp-image-270\"\/><\/figure><\/li><\/ul><\/figure>\n\n\n\n<figure class=\"wp-block-gallery columns-3 is-cropped wp-block-gallery-2 is-layout-flex wp-block-gallery-is-layout-flex\"><ul class=\"blocks-gallery-grid\"><li class=\"blocks-gallery-item\"><figure><img decoding=\"async\" src=\"https:\/\/sermaxscales.com\/eu\/eu\/wp-content\/uploads\/2020\/04\/lm16b-2-768x1024.jpg\" alt=\"\" data-id=\"431\" data-link=\"https:\/\/sermaxscales.com\/eu\/eu\/?attachment_id=431\" class=\"wp-image-431\"\/><\/figure><\/li><li class=\"blocks-gallery-item\"><figure><img decoding=\"async\" src=\"https:\/\/sermaxscales.com\/eu\/eu\/wp-content\/uploads\/2020\/04\/easy-clean-hp-compact-drive-sermax_1.png\" alt=\"\" data-id=\"432\" data-link=\"https:\/\/sermaxscales.com\/eu\/eu\/?attachment_id=432\" class=\"wp-image-432\"\/><\/figure><\/li><li class=\"blocks-gallery-item\"><figure><img decoding=\"async\" src=\"https:\/\/sermaxscales.com\/eu\/eu\/wp-content\/uploads\/2020\/04\/IMG_4404_mini-zanahorias-3-768x1024.jpg\" alt=\"\" data-id=\"433\" data-link=\"https:\/\/sermaxscales.com\/eu\/eu\/?attachment_id=433\" class=\"wp-image-433\"\/><\/figure><\/li><li class=\"blocks-gallery-item\"><figure><img decoding=\"async\" src=\"https:\/\/sermaxscales.com\/eu\/eu\/wp-content\/uploads\/2020\/04\/IMG_4406-copia_mini-zanahorias-1.jpg\" alt=\"\" data-id=\"434\" data-link=\"https:\/\/sermaxscales.com\/eu\/eu\/?attachment_id=434\" class=\"wp-image-434\"\/><\/figure><\/li><li class=\"blocks-gallery-item\"><figure><img decoding=\"async\" src=\"https:\/\/sermaxscales.com\/eu\/eu\/wp-content\/uploads\/2020\/04\/IMG_4400-copia_mini-patatas-1-768x1024.jpg\" alt=\"\" data-id=\"435\" data-link=\"https:\/\/sermaxscales.com\/eu\/eu\/?attachment_id=435\" class=\"wp-image-435\"\/><\/figure><\/li><li class=\"blocks-gallery-item\"><figure><img decoding=\"async\" src=\"https:\/\/sermaxscales.com\/eu\/eu\/wp-content\/uploads\/2020\/04\/IMG_4395-copia_mini-judias-1-768x1024.jpg\" alt=\"\" data-id=\"436\" data-link=\"https:\/\/sermaxscales.com\/eu\/eu\/?attachment_id=436\" class=\"wp-image-436\"\/><\/figure><\/li><li class=\"blocks-gallery-item\"><figure><img decoding=\"async\" src=\"https:\/\/sermaxscales.com\/eu\/eu\/wp-content\/uploads\/2020\/04\/IMG_4416-mini_naranjas-768x1024.jpg\" alt=\"\" data-id=\"437\" data-link=\"https:\/\/sermaxscales.com\/eu\/eu\/?attachment_id=437\" class=\"wp-image-437\"\/><\/figure><\/li><li class=\"blocks-gallery-item\"><figure><img decoding=\"async\" src=\"https:\/\/sermaxscales.com\/eu\/eu\/wp-content\/uploads\/2020\/04\/IMG_4408-copia_mini-zanahorias-2.jpg\" alt=\"\" data-id=\"438\" data-link=\"https:\/\/sermaxscales.com\/eu\/eu\/?attachment_id=438\" class=\"wp-image-438\"\/><\/figure><\/li><li class=\"blocks-gallery-item\"><figure><img decoding=\"async\" src=\"https:\/\/sermaxscales.com\/eu\/eu\/wp-content\/uploads\/2020\/04\/IMG_5362-768x1024.jpg\" alt=\"\" data-id=\"439\" data-full-url=\"https:\/\/sermaxscales.com\/eu\/eu\/wp-content\/uploads\/2020\/04\/IMG_5362-scaled.jpg\" data-link=\"https:\/\/sermaxscales.com\/eu\/eu\/?attachment_id=439\" class=\"wp-image-439\"\/><\/figure><\/li><\/ul><\/figure>\n\n\n\n<p>Descripci\u00f3n:<\/p>\n\n\n\n<p>Pesadora Multicabezal lineal con cintas transportadoras para todo tipo de productos frescos y\/o fr\u00e1giles&nbsp; hasta longitud 220 mm \u00f3 \u00d8 120 mm \/ pieza unitaria.<\/p>\n\n\n\n<p>Soluci\u00f3n recomendada tambi\u00e9n para productos adherentes que no pueden ser transportados mediante vibraci\u00f3n.<\/p>\n\n\n\n<p><a href=\"https:\/\/youtu.be\/jU9joNO_0OY\" target=\"_blank\" rel=\"noreferrer noopener\">Ver v\u00eddeo<\/a><\/p>\n\n\n\n<p><strong>Especificaciones:<\/strong><\/p>\n\n\n\n<figure class=\"wp-block-table\"><table><tbody><tr><th>Longitud m\u00e1xima de producto:<\/th><td>260<\/td><td>mm<\/td><\/tr><tr><th>Rangos de dosificaci\u00f3n:<\/th><td>1-5 Kg<\/td><td>gr<\/td><\/tr><tr><th>Velocidad de producci\u00f3n:<\/th><td>30-55<\/td><td>dpm<\/td><\/tr><tr><th>Precisi\u00f3n:<\/th><td>+\/- 1 Gr<\/td><td>&#8211;<\/td><\/tr><tr><th>Capacidad en recipientes:<\/th><td>4 &#8211; 6 &#8211; 8 &#8211; 10 &#8211; 12<\/td><td>L<\/td><\/tr><tr><th>N\u00ba Cabezales:<\/th><td>8-10-12-14-16<\/td><td>&#8211;<\/td><\/tr><tr><th>N\u00ba de niveles:<\/th><td>2<\/td><td>&#8211;<\/td><\/tr><tr><th>Capacidad tolva recepci\u00f3n:<\/th><td>25<\/td><td>L<\/td><\/tr><tr><th>Consumo de aire:<\/th><td>0<\/td><td>L\/min<\/td><\/tr><tr><th>Presi\u00f3n del aire:<\/th><td>0<\/td><td>Kg\/cm3<\/td><\/tr><tr><th>Alimentaci\u00f3n el\u00e9ctrica:<\/th><td>380<\/td><td>V<\/td><\/tr><tr><th>Potencia Instalada:<\/th><td>4<\/td><td>va<\/td><\/tr><tr><th>Frecuencias:<\/th><td>50-60<\/td><td>Hz<\/td><\/tr><tr><th>Peso:<\/th><td>800<\/td><td>Kg<\/td><\/tr><tr><th>Dimensiones:<\/th><td>2800X1600X1600<\/td><td>(W \/ H \/ L mm)<\/td><\/tr><\/tbody><\/table><\/figure>\n\n\n\n<p>Caracter\u00edsticas:&nbsp;<\/p>\n\n\n\n<ul class=\"wp-block-list\"><li>Dise\u00f1ada para reducir caidas o roturas de producto.<\/li><li>Cintas transportadoras desmontables sin herramientas.<\/li><li>Accionamiento de recipientes y cintas mediante motores paso a paso.<\/li><li>Dispositivo de Auto-alineaci\u00f3n de producto neum\u00e1tico.<\/li><li>Sistema de asociaci\u00f3n de pesos.<\/li><li>Recipientes de peso de extracci\u00f3n r\u00e1pida y doble o simple abertura.<\/li><li>Todas las piezas son desmontables para facilitar la limpieza.<\/li><li>Celulas de pesaje en Acero Inoxidable.<\/li><li>Detecci\u00f3n de nivel de producto regulable.<\/li><li>Pantalla t\u00e1ctil Color TFT 10.4&#8243;.<\/li><li>Armarios electr\u00f3nicos totalmente estancos.<\/li><li>Triple salida de producto mediante 3 cintas de descarga y 2 deflectores<\/li><\/ul>\n","protected":false},"excerpt":{"rendered":"<p>Descripci\u00f3n: Pesadora Multicabezal lineal con cintas transportadoras para todo tipo de productos frescos y\/o fr\u00e1giles&nbsp; hasta longitud 220 mm \u00f3 \u00d8 120 mm \/ pieza unitaria. Soluci\u00f3n recomendada tambi\u00e9n para productos adherentes que no pueden ser transportados mediante vibraci\u00f3n. Ver v\u00eddeo Especificaciones: Longitud m\u00e1xima de producto: 260 mm Rangos de dosificaci\u00f3n: 1-5 Kg gr Velocidad [&hellip;]<\/p>\n","protected":false},"author":3,"featured_media":0,"parent":0,"menu_order":0,"comment_status":"closed","ping_status":"closed","template":"","meta":{"footnotes":""},"class_list":["post-430","page","type-page","status-publish","hentry","entry","owp-thumbs-layout-horizontal","owp-btn-normal","owp-tabs-layout-horizontal","has-no-thumbnails","has-product-nav"],"_links":{"self":[{"href":"https:\/\/sermaxscales.com\/eu\/wp-json\/wp\/v2\/pages\/430","targetHints":{"allow":["GET"]}}],"collection":[{"href":"https:\/\/sermaxscales.com\/eu\/wp-json\/wp\/v2\/pages"}],"about":[{"href":"https:\/\/sermaxscales.com\/eu\/wp-json\/wp\/v2\/types\/page"}],"author":[{"embeddable":true,"href":"https:\/\/sermaxscales.com\/eu\/wp-json\/wp\/v2\/users\/3"}],"replies":[{"embeddable":true,"href":"https:\/\/sermaxscales.com\/eu\/wp-json\/wp\/v2\/comments?post=430"}],"version-history":[{"count":0,"href":"https:\/\/sermaxscales.com\/eu\/wp-json\/wp\/v2\/pages\/430\/revisions"}],"wp:attachment":[{"href":"https:\/\/sermaxscales.com\/eu\/wp-json\/wp\/v2\/media?parent=430"}],"curies":[{"name":"wp","href":"https:\/\/api.w.org\/{rel}","templated":true}]}}