{"id":397,"date":"2020-04-13T06:52:53","date_gmt":"2020-04-13T06:52:53","guid":{"rendered":"https:\/\/sermaxscales.com\/eu\/eu\/?page_id=397"},"modified":"2020-04-13T06:52:53","modified_gmt":"2020-04-13T06:52:53","slug":"cl9-10l","status":"publish","type":"page","link":"https:\/\/sermaxscales.com\/eu\/cl9-10l\/","title":{"rendered":"CL9-10L"},"content":{"rendered":"\n<p><img fetchpriority=\"high\" decoding=\"async\" width=\"400\" height=\"527\" src=\"https:\/\/sermaxscales.com\/eu\/eu\/wp-content\/uploads\/2020\/04\/CL10-10L-PERSPECT.jpg\" class=\"wp-image-659\" style=\"width: 400px;\" alt=\"\" srcset=\"https:\/\/sermaxscales.com\/eu\/wp-content\/uploads\/2020\/04\/CL10-10L-PERSPECT.jpg 653w, https:\/\/sermaxscales.com\/eu\/wp-content\/uploads\/2020\/04\/CL10-10L-PERSPECT-228x300.jpg 228w, https:\/\/sermaxscales.com\/eu\/wp-content\/uploads\/2020\/04\/CL10-10L-PERSPECT-600x791.jpg 600w\" sizes=\"(max-width: 400px) 100vw, 400px\" \/><\/p>\n\n\n\n<figure class=\"wp-block-gallery columns-5 wp-block-gallery-1 is-layout-flex wp-block-gallery-is-layout-flex\"><ul class=\"blocks-gallery-grid\"><li class=\"blocks-gallery-item\"><figure><img decoding=\"async\" width=\"60\" height=\"60\" src=\"https:\/\/sermaxscales.com\/eu\/eu\/wp-content\/uploads\/2020\/04\/02-congelados.png\" alt=\"\" data-id=\"667\" data-full-url=\"https:\/\/sermaxscales.com\/eu\/eu\/wp-content\/uploads\/2020\/04\/02-congelados.png\" data-link=\"https:\/\/sermaxscales.com.es\/sermax\/?attachment_id=667\" class=\"wp-image-667\"\/><\/figure><\/li><li class=\"blocks-gallery-item\"><figure><img decoding=\"async\" width=\"60\" height=\"60\" src=\"https:\/\/sermaxscales.com\/eu\/eu\/wp-content\/uploads\/2020\/04\/05-pescado.png\" alt=\"\" data-id=\"670\" data-full-url=\"https:\/\/sermaxscales.com\/eu\/eu\/wp-content\/uploads\/2020\/04\/05-pescado.png\" data-link=\"https:\/\/sermaxscales.com.es\/sermax\/?attachment_id=670\" class=\"wp-image-670\"\/><\/figure><\/li><li class=\"blocks-gallery-item\"><figure><img loading=\"lazy\" decoding=\"async\" width=\"60\" height=\"60\" src=\"https:\/\/sermaxscales.com\/eu\/eu\/wp-content\/uploads\/2020\/04\/06-panaderia.png\" alt=\"\" data-id=\"671\" data-full-url=\"https:\/\/sermaxscales.com\/eu\/eu\/wp-content\/uploads\/2020\/04\/06-panaderia.png\" data-link=\"https:\/\/sermaxscales.com.es\/sermax\/?attachment_id=671\" class=\"wp-image-671\"\/><\/figure><\/li><li class=\"blocks-gallery-item\"><figure><img loading=\"lazy\" decoding=\"async\" width=\"60\" height=\"60\" src=\"https:\/\/sermaxscales.com\/eu\/eu\/wp-content\/uploads\/2020\/04\/09-citricos.png\" alt=\"\" data-id=\"674\" data-full-url=\"https:\/\/sermaxscales.com\/eu\/eu\/wp-content\/uploads\/2020\/04\/09-citricos.png\" data-link=\"https:\/\/sermaxscales.com.es\/sermax\/?attachment_id=674\" class=\"wp-image-674\"\/><\/figure><\/li><li class=\"blocks-gallery-item\"><figure><img loading=\"lazy\" decoding=\"async\" width=\"60\" height=\"60\" src=\"https:\/\/sermaxscales.com\/eu\/eu\/wp-content\/uploads\/2020\/04\/11-hortalizas.png\" alt=\"\" data-id=\"676\" data-full-url=\"https:\/\/sermaxscales.com\/eu\/eu\/wp-content\/uploads\/2020\/04\/11-hortalizas.png\" data-link=\"https:\/\/sermaxscales.com.es\/sermax\/?attachment_id=676\" class=\"wp-image-676\"\/><\/figure><\/li><\/ul><\/figure>\n\n\n\n<figure class=\"wp-block-gallery columns-4 is-cropped wp-block-gallery-2 is-layout-flex wp-block-gallery-is-layout-flex\"><ul class=\"blocks-gallery-grid\"><li class=\"blocks-gallery-item\"><figure><img loading=\"lazy\" decoding=\"async\" width=\"1024\" height=\"672\" src=\"https:\/\/sermaxscales.com\/eu\/eu\/wp-content\/uploads\/2020\/04\/CL10-10L-DETAIL-1024x672.jpg\" alt=\"\" data-id=\"661\" data-full-url=\"https:\/\/sermaxscales.com\/eu\/eu\/wp-content\/uploads\/2020\/04\/CL10-10L-DETAIL.jpg\" data-link=\"https:\/\/sermaxscales.com.es\/sermax\/?attachment_id=661\" class=\"wp-image-661\" srcset=\"https:\/\/sermaxscales.com\/eu\/wp-content\/uploads\/2020\/04\/CL10-10L-DETAIL-1024x672.jpg 1024w, https:\/\/sermaxscales.com\/eu\/wp-content\/uploads\/2020\/04\/CL10-10L-DETAIL-800x525.jpg 800w, https:\/\/sermaxscales.com\/eu\/wp-content\/uploads\/2020\/04\/CL10-10L-DETAIL-300x197.jpg 300w, https:\/\/sermaxscales.com\/eu\/wp-content\/uploads\/2020\/04\/CL10-10L-DETAIL-768x504.jpg 768w, https:\/\/sermaxscales.com\/eu\/wp-content\/uploads\/2020\/04\/CL10-10L-DETAIL.jpg 1399w\" sizes=\"(max-width: 1024px) 100vw, 1024px\" \/><\/figure><\/li><li class=\"blocks-gallery-item\"><figure><img loading=\"lazy\" decoding=\"async\" width=\"1024\" height=\"672\" src=\"https:\/\/sermaxscales.com\/eu\/eu\/wp-content\/uploads\/2020\/04\/CL10-10L-FRONT_1-1024x672.jpg\" alt=\"\" data-id=\"662\" data-full-url=\"https:\/\/sermaxscales.com\/eu\/eu\/wp-content\/uploads\/2020\/04\/CL10-10L-FRONT_1.jpg\" data-link=\"https:\/\/sermaxscales.com.es\/sermax\/?attachment_id=662\" class=\"wp-image-662\" srcset=\"https:\/\/sermaxscales.com\/eu\/wp-content\/uploads\/2020\/04\/CL10-10L-FRONT_1-1024x672.jpg 1024w, https:\/\/sermaxscales.com\/eu\/wp-content\/uploads\/2020\/04\/CL10-10L-FRONT_1-800x525.jpg 800w, https:\/\/sermaxscales.com\/eu\/wp-content\/uploads\/2020\/04\/CL10-10L-FRONT_1-300x197.jpg 300w, https:\/\/sermaxscales.com\/eu\/wp-content\/uploads\/2020\/04\/CL10-10L-FRONT_1-768x504.jpg 768w, https:\/\/sermaxscales.com\/eu\/wp-content\/uploads\/2020\/04\/CL10-10L-FRONT_1.jpg 1399w\" sizes=\"(max-width: 1024px) 100vw, 1024px\" \/><\/figure><\/li><li class=\"blocks-gallery-item\"><figure><img loading=\"lazy\" decoding=\"async\" width=\"1024\" height=\"672\" src=\"https:\/\/sermaxscales.com\/eu\/eu\/wp-content\/uploads\/2020\/04\/CL10-10L-SIDE-1024x672.jpg\" alt=\"\" data-id=\"663\" data-full-url=\"https:\/\/sermaxscales.com\/eu\/eu\/wp-content\/uploads\/2020\/04\/CL10-10L-SIDE.jpg\" data-link=\"https:\/\/sermaxscales.com.es\/sermax\/?attachment_id=663\" class=\"wp-image-663\" srcset=\"https:\/\/sermaxscales.com\/eu\/wp-content\/uploads\/2020\/04\/CL10-10L-SIDE-1024x672.jpg 1024w, https:\/\/sermaxscales.com\/eu\/wp-content\/uploads\/2020\/04\/CL10-10L-SIDE-800x525.jpg 800w, https:\/\/sermaxscales.com\/eu\/wp-content\/uploads\/2020\/04\/CL10-10L-SIDE-300x197.jpg 300w, https:\/\/sermaxscales.com\/eu\/wp-content\/uploads\/2020\/04\/CL10-10L-SIDE-768x504.jpg 768w, https:\/\/sermaxscales.com\/eu\/wp-content\/uploads\/2020\/04\/CL10-10L-SIDE.jpg 1399w\" sizes=\"(max-width: 1024px) 100vw, 1024px\" \/><\/figure><\/li><li class=\"blocks-gallery-item\"><figure><img loading=\"lazy\" decoding=\"async\" width=\"1024\" height=\"672\" src=\"https:\/\/sermaxscales.com\/eu\/eu\/wp-content\/uploads\/2020\/04\/CL10-10L-TOP-1024x672.jpg\" alt=\"\" data-id=\"664\" data-full-url=\"https:\/\/sermaxscales.com\/eu\/eu\/wp-content\/uploads\/2020\/04\/CL10-10L-TOP.jpg\" data-link=\"https:\/\/sermaxscales.com.es\/sermax\/?attachment_id=664\" class=\"wp-image-664\" srcset=\"https:\/\/sermaxscales.com\/eu\/wp-content\/uploads\/2020\/04\/CL10-10L-TOP-1024x672.jpg 1024w, https:\/\/sermaxscales.com\/eu\/wp-content\/uploads\/2020\/04\/CL10-10L-TOP-800x525.jpg 800w, https:\/\/sermaxscales.com\/eu\/wp-content\/uploads\/2020\/04\/CL10-10L-TOP-300x197.jpg 300w, https:\/\/sermaxscales.com\/eu\/wp-content\/uploads\/2020\/04\/CL10-10L-TOP-768x504.jpg 768w, https:\/\/sermaxscales.com\/eu\/wp-content\/uploads\/2020\/04\/CL10-10L-TOP.jpg 1399w\" sizes=\"(max-width: 1024px) 100vw, 1024px\" \/><\/figure><\/li><\/ul><\/figure>\n\n\n\n<p>Descripci\u00f3n:<\/p>\n\n\n\n<p>Pesadora Multicabezal lineal a vibraci\u00f3n dise\u00f1ada para todo tipo de productos fr\u00e1giles y\/o voluminosos hasta longitud 250 mm \u00f3 \u00d8 85 mm \/ pieza unitaria.<\/p>\n\n\n\n<p>Soluci\u00f3n recomendada para productos fr\u00e1giles que no deban ser acumulados por gravedad, y requieran alturas de ca\u00edda muy reducidas.<\/p>\n\n\n\n<p><strong>Especificaciones:<\/strong><\/p>\n\n\n\n<figure class=\"wp-block-table\"><table><tbody><tr><th>Longitud m\u00e1xima de producto:<\/th><td>250<\/td><td>mm<\/td><\/tr><tr><th>Rangos de dosificaci\u00f3n:<\/th><td>100-3000<\/td><td>gr<\/td><\/tr><tr><th>Velocidad de producci\u00f3n:<\/th><td>20-75<\/td><td>dpm<\/td><\/tr><tr><th>Precisi\u00f3n:<\/th><td>+\/- 1<\/td><td>&#8211;<\/td><\/tr><tr><th>Capacidad en recipientes:<\/th><td>10<\/td><td>L<\/td><\/tr><tr><th>N\u00ba Cabezales:<\/th><td>10-16<\/td><td>&#8211;<\/td><\/tr><tr><th>Capacidad tolva recepci\u00f3n:<\/th><td>10<\/td><td>L<\/td><\/tr><tr><th>Consumo de aire:<\/th><td>20<\/td><td>L\/min<\/td><\/tr><tr><th>Presi\u00f3n del aire:<\/th><td>6<\/td><td>Kg\/cm3<\/td><\/tr><tr><th>Alimentaci\u00f3n el\u00e9ctrica:<\/th><td>380<\/td><td>V<\/td><\/tr><tr><th>Potencia Instalada:<\/th><td>640<\/td><td>va<\/td><\/tr><tr><th>Frecuencias:<\/th><td>50-60<\/td><td>Hz<\/td><\/tr><tr><th>Peso:<\/th><td>950<\/td><td>Kg<\/td><\/tr><tr><th>Dimensiones:<\/th><td>1670 x 1500 x 1800<\/td><td>(W \/ H \/ L mm)<\/td><\/tr><\/tbody><\/table><\/figure>\n\n\n\n<p>Caracter\u00edsticas:&nbsp;<\/p>\n\n\n\n<ul class=\"wp-block-list\"><li>Tolva distribuidora de producto mediante fotoc\u00e9lulas.<\/li><li>Dise\u00f1ada para reducir caidas o roturas de producto.<\/li><li>Vibradores montados en l\u00ednea.<\/li><li>Dispositivo de Auto-alineaci\u00f3n de producto neum\u00e1tico.<\/li><li>Sistema de asociaci\u00f3n de pesos.<\/li><li>Recipientes de peso de extracci\u00f3n r\u00e1pida y doble o simple abertura.<\/li><li>Todas las piezas son desmontables para facilitar la limpieza.<\/li><li>Celulas de pesaje en Acero Inoxidable.<\/li><li>Detecci\u00f3n de nivel de producto regulable.<\/li><li>Pantalla t\u00e1ctil Color TFT 10.4&#8243;.<\/li><li>Armarios electr\u00f3nicos totalmente estancos.<\/li><\/ul>\n","protected":false},"excerpt":{"rendered":"<p>Descripci\u00f3n: Pesadora Multicabezal lineal a vibraci\u00f3n dise\u00f1ada para todo tipo de productos fr\u00e1giles y\/o voluminosos hasta longitud 250 mm \u00f3 \u00d8 85 mm \/ pieza unitaria. Soluci\u00f3n recomendada para productos fr\u00e1giles que no deban ser acumulados por gravedad, y requieran alturas de ca\u00edda muy reducidas. Especificaciones: Longitud m\u00e1xima de producto: 250 mm Rangos de dosificaci\u00f3n: [&hellip;]<\/p>\n","protected":false},"author":3,"featured_media":0,"parent":0,"menu_order":0,"comment_status":"closed","ping_status":"closed","template":"","meta":{"footnotes":""},"class_list":["post-397","page","type-page","status-publish","hentry","entry","owp-thumbs-layout-horizontal","owp-btn-normal","owp-tabs-layout-horizontal","has-no-thumbnails","has-product-nav"],"_links":{"self":[{"href":"https:\/\/sermaxscales.com\/eu\/wp-json\/wp\/v2\/pages\/397","targetHints":{"allow":["GET"]}}],"collection":[{"href":"https:\/\/sermaxscales.com\/eu\/wp-json\/wp\/v2\/pages"}],"about":[{"href":"https:\/\/sermaxscales.com\/eu\/wp-json\/wp\/v2\/types\/page"}],"author":[{"embeddable":true,"href":"https:\/\/sermaxscales.com\/eu\/wp-json\/wp\/v2\/users\/3"}],"replies":[{"embeddable":true,"href":"https:\/\/sermaxscales.com\/eu\/wp-json\/wp\/v2\/comments?post=397"}],"version-history":[{"count":0,"href":"https:\/\/sermaxscales.com\/eu\/wp-json\/wp\/v2\/pages\/397\/revisions"}],"wp:attachment":[{"href":"https:\/\/sermaxscales.com\/eu\/wp-json\/wp\/v2\/media?parent=397"}],"curies":[{"name":"wp","href":"https:\/\/api.w.org\/{rel}","templated":true}]}}