{"id":390,"date":"2020-04-13T06:27:15","date_gmt":"2020-04-13T06:27:15","guid":{"rendered":"https:\/\/sermaxscales.com\/eu\/eu\/?page_id=390"},"modified":"2020-04-13T06:27:15","modified_gmt":"2020-04-13T06:27:15","slug":"cc8-16","status":"publish","type":"page","link":"https:\/\/sermaxscales.com\/eu\/cc8-16\/","title":{"rendered":"CC8-16"},"content":{"rendered":"\n<p><img fetchpriority=\"high\" decoding=\"async\" width=\"380\" height=\"460\" src=\"https:\/\/sermaxscales.com\/eu\/sites\/default\/files\/imagecache\/imagen_pesadora\/CLC8%2016%20PERSPEC_0.JPG\" alt=\"\"><\/p>\n\n\n\n<figure class=\"wp-block-gallery columns-8 is-cropped wp-block-gallery-1 is-layout-flex wp-block-gallery-is-layout-flex\"><ul class=\"blocks-gallery-grid\"><li class=\"blocks-gallery-item\"><figure><img decoding=\"async\" src=\"https:\/\/sermaxscales.com\/eu\/eu\/wp-content\/uploads\/2020\/04\/09-citricos.png\" alt=\"C\u00edtricos\" data-id=\"268\" data-full-url=\"https:\/\/sermaxscales.com\/eu\/eu\/wp-content\/uploads\/2020\/04\/09-citricos.png\" data-link=\"https:\/\/sermaxscales.com\/eu\/eu\/?attachment_id=268\" class=\"wp-image-268\"\/><\/figure><\/li><li class=\"blocks-gallery-item\"><figure><img decoding=\"async\" src=\"https:\/\/sermaxscales.com\/eu\/eu\/wp-content\/uploads\/2020\/04\/07-granulados-1.png\" alt=\"Granulados\" data-id=\"274\" data-full-url=\"https:\/\/sermaxscales.com\/eu\/eu\/wp-content\/uploads\/2020\/04\/07-granulados-1.png\" data-link=\"https:\/\/sermaxscales.com\/eu\/eu\/?attachment_id=274\" class=\"wp-image-274\"\/><\/figure><\/li><li class=\"blocks-gallery-item\"><figure><img decoding=\"async\" src=\"https:\/\/sermaxscales.com\/eu\/eu\/wp-content\/uploads\/2020\/04\/06-panaderia-1.png\" alt=\"\" data-id=\"275\" data-full-url=\"https:\/\/sermaxscales.com\/eu\/eu\/wp-content\/uploads\/2020\/04\/06-panaderia-1.png\" data-link=\"https:\/\/sermaxscales.com\/eu\/eu\/?attachment_id=275\" class=\"wp-image-275\"\/><\/figure><\/li><li class=\"blocks-gallery-item\"><figure><img decoding=\"async\" src=\"https:\/\/sermaxscales.com\/eu\/eu\/wp-content\/uploads\/2020\/04\/03-golosinas-1.png\" alt=\"Golosinas - Candies , sweets\" data-id=\"276\" data-full-url=\"https:\/\/sermaxscales.com\/eu\/eu\/wp-content\/uploads\/2020\/04\/03-golosinas-1.png\" data-link=\"https:\/\/sermaxscales.com\/eu\/eu\/?attachment_id=276\" class=\"wp-image-276\"\/><\/figure><\/li><li class=\"blocks-gallery-item\"><figure><img decoding=\"async\" src=\"https:\/\/sermaxscales.com\/eu\/eu\/wp-content\/uploads\/2020\/04\/02-congelados.png\" alt=\"\" data-id=\"261\" data-full-url=\"https:\/\/sermaxscales.com\/eu\/eu\/wp-content\/uploads\/2020\/04\/02-congelados.png\" data-link=\"https:\/\/sermaxscales.com\/eu\/eu\/?attachment_id=261\" class=\"wp-image-261\"\/><\/figure><\/li><li class=\"blocks-gallery-item\"><figure><img decoding=\"async\" src=\"https:\/\/sermaxscales.com\/eu\/eu\/wp-content\/uploads\/2020\/04\/01-nofood.png\" alt=\"No alimentos - No food\" data-id=\"260\" data-full-url=\"https:\/\/sermaxscales.com\/eu\/eu\/wp-content\/uploads\/2020\/04\/01-nofood.png\" data-link=\"https:\/\/sermaxscales.com\/eu\/eu\/?attachment_id=260\" class=\"wp-image-260\"\/><\/figure><\/li><li class=\"blocks-gallery-item\"><figure><img decoding=\"async\" src=\"https:\/\/sermaxscales.com\/eu\/eu\/wp-content\/uploads\/2020\/04\/12-polvos.png\" alt=\"\" data-id=\"271\" data-full-url=\"https:\/\/sermaxscales.com\/eu\/eu\/wp-content\/uploads\/2020\/04\/12-polvos.png\" data-link=\"https:\/\/sermaxscales.com\/eu\/eu\/?attachment_id=271\" class=\"wp-image-271\"\/><\/figure><\/li><li class=\"blocks-gallery-item\"><figure><img decoding=\"async\" src=\"https:\/\/sermaxscales.com\/eu\/eu\/wp-content\/uploads\/2020\/04\/11-hortalizas.png\" alt=\"Hortalizas\" data-id=\"270\" data-full-url=\"https:\/\/sermaxscales.com\/eu\/eu\/wp-content\/uploads\/2020\/04\/11-hortalizas.png\" data-link=\"https:\/\/sermaxscales.com\/eu\/eu\/?attachment_id=270\" class=\"wp-image-270\"\/><\/figure><\/li><\/ul><\/figure>\n\n\n\n<p>Descripci\u00f3n:<\/p>\n\n\n\n<p>Pesadora Multicabezal lineal a vibraci\u00f3n dise\u00f1ada para todo tipo de productos hasta longitud \u00f3 \u00d8 65 mm \/ pieza unitaria.<\/p>\n\n\n\n<p>Soluci\u00f3n recomendada para la mezcla de hasta 4 productos diferentes en un % variable, manteniendo un peso nominal fijo.<\/p>\n\n\n\n<p><strong>Especificaciones:<\/strong><\/p>\n\n\n\n<figure class=\"wp-block-table\"><table><tbody><tr><th>Longitud m\u00e1xima de producto:<\/th><td>65<\/td><td>mm<\/td><\/tr><tr><th>Rangos de dosificaci\u00f3n:<\/th><td>15-1000<\/td><td>gr<\/td><\/tr><tr><th>Velocidad de producci\u00f3n:<\/th><td>35-75<\/td><td>dpm<\/td><\/tr><tr><th>Precisi\u00f3n:<\/th><td>+\/- 1 gr.<\/td><td>&#8211;<\/td><\/tr><tr><th>Capacidad en recipientes:<\/th><td>2<\/td><td>L<\/td><\/tr><tr><th>N\u00ba Cabezales:<\/th><td>8-16<\/td><td>&#8211;<\/td><\/tr><tr><th>N\u00ba de niveles:<\/th><td>1<\/td><td>&#8211;<\/td><\/tr><tr><th>Capacidad tolva recepci\u00f3n:<\/th><td>45<\/td><td>L<\/td><\/tr><tr><th>Consumo de aire:<\/th><td>0<\/td><td>L\/min<\/td><\/tr><tr><th>Presi\u00f3n del aire:<\/th><td>0<\/td><td>Kg\/cm3<\/td><\/tr><tr><th>Alimentaci\u00f3n el\u00e9ctrica:<\/th><td>380<\/td><td>V<\/td><\/tr><tr><th>Potencia Instalada:<\/th><td>640<\/td><td>va<\/td><\/tr><tr><th>Frecuencias:<\/th><td>50-60<\/td><td>Hz<\/td><\/tr><tr><th>Peso:<\/th><td>750<\/td><td>Kg<\/td><\/tr><tr><th>Dimensiones:<\/th><td>1170 x 1100 x 1400<\/td><td>(W \/ H \/ L mm)<\/td><\/tr><\/tbody><\/table><\/figure>\n\n\n\n<p>Caracter\u00edsticas:&nbsp;<\/p>\n\n\n\n<ul class=\"wp-block-list\"><li>Estructura compacta optima para mezcla de productos<\/li><li>Todos los recipientes y canales son completamente intercambiables &nbsp;<\/li><li>Recipientes y tolvas con radios de pliegue<\/li><li>Las tapas de los recipientes se mantienen abiertas para facilitar la limpieza<\/li><li>Sistema de asociaci\u00f3n de pesos<\/li><li>Celulas de pesaje en Acero Inoxidable<\/li><li>Elementos en contacto con el producto fabricados&nbsp; en&nbsp; Acero Inox<\/li><li>Pantalla t\u00e1ctil&nbsp; Color TFT 10.4&#8243;<\/li><li>Armarios electr\u00f3nicos totalmente estancos<\/li><\/ul>\n","protected":false},"excerpt":{"rendered":"<p>Descripci\u00f3n: Pesadora Multicabezal lineal a vibraci\u00f3n dise\u00f1ada para todo tipo de productos hasta longitud \u00f3 \u00d8 65 mm \/ pieza unitaria. Soluci\u00f3n recomendada para la mezcla de hasta 4 productos diferentes en un % variable, manteniendo un peso nominal fijo. Especificaciones: Longitud m\u00e1xima de producto: 65 mm Rangos de dosificaci\u00f3n: 15-1000 gr Velocidad de producci\u00f3n: [&hellip;]<\/p>\n","protected":false},"author":3,"featured_media":0,"parent":0,"menu_order":0,"comment_status":"closed","ping_status":"closed","template":"","meta":{"footnotes":""},"class_list":["post-390","page","type-page","status-publish","hentry","entry","owp-thumbs-layout-horizontal","owp-btn-normal","owp-tabs-layout-horizontal","has-no-thumbnails","has-product-nav"],"_links":{"self":[{"href":"https:\/\/sermaxscales.com\/eu\/wp-json\/wp\/v2\/pages\/390","targetHints":{"allow":["GET"]}}],"collection":[{"href":"https:\/\/sermaxscales.com\/eu\/wp-json\/wp\/v2\/pages"}],"about":[{"href":"https:\/\/sermaxscales.com\/eu\/wp-json\/wp\/v2\/types\/page"}],"author":[{"embeddable":true,"href":"https:\/\/sermaxscales.com\/eu\/wp-json\/wp\/v2\/users\/3"}],"replies":[{"embeddable":true,"href":"https:\/\/sermaxscales.com\/eu\/wp-json\/wp\/v2\/comments?post=390"}],"version-history":[{"count":0,"href":"https:\/\/sermaxscales.com\/eu\/wp-json\/wp\/v2\/pages\/390\/revisions"}],"wp:attachment":[{"href":"https:\/\/sermaxscales.com\/eu\/wp-json\/wp\/v2\/media?parent=390"}],"curies":[{"name":"wp","href":"https:\/\/api.w.org\/{rel}","templated":true}]}}