{"id":353,"date":"2020-04-12T01:06:24","date_gmt":"2020-04-12T01:06:24","guid":{"rendered":"https:\/\/sermaxscales.com\/eu\/eu\/?page_id=353"},"modified":"2020-04-12T01:06:24","modified_gmt":"2020-04-12T01:06:24","slug":"hws-1-4","status":"publish","type":"page","link":"https:\/\/sermaxscales.com\/eu\/hws-1-4\/","title":{"rendered":"HWS 1-4"},"content":{"rendered":"\n<p><img decoding=\"async\" class=\"wp-image-304\" style=\"width: 300px;\" src=\"https:\/\/sermaxscales.com\/eu\/eu\/wp-content\/uploads\/2020\/04\/HWS01_LOGO-ok-copia.jpg\" alt=\"HWS 1-4\"><\/p>\n\n\n\n<div class=\"wp-block-group\"><div class=\"wp-block-group__inner-container is-layout-flow wp-block-group-is-layout-flow\">\n<div class=\"wp-block-group\"><div class=\"wp-block-group__inner-container is-layout-flow wp-block-group-is-layout-flow\">\n<div class=\"wp-block-columns is-layout-flex wp-container-core-columns-is-layout-9d6595d7 wp-block-columns-is-layout-flex\">\n<div class=\"wp-block-column is-layout-flow wp-block-column-is-layout-flow\" style=\"flex-basis:14.3%\">\n<div class=\"wp-block-group\"><div class=\"wp-block-group__inner-container is-layout-flow wp-block-group-is-layout-flow\">\n<div class=\"wp-block-group\"><div class=\"wp-block-group__inner-container is-layout-flow wp-block-group-is-layout-flow\">\n<figure class=\"wp-block-image size-large\"><img decoding=\"async\" src=\"https:\/\/sermaxscales.com\/eu\/eu\/wp-content\/uploads\/2020\/04\/12-polvos-1.png\" alt=\"Polvos\" class=\"wp-image-273\"\/><\/figure>\n<\/div><\/div>\n<\/div><\/div>\n<\/div>\n\n\n\n<div class=\"wp-block-column is-layout-flow wp-block-column-is-layout-flow\">\n<div class=\"wp-block-group\"><div class=\"wp-block-group__inner-container is-layout-flow wp-block-group-is-layout-flow\">\n<figure class=\"wp-block-image size-large\"><img decoding=\"async\" src=\"https:\/\/sermaxscales.com\/eu\/eu\/wp-content\/uploads\/2020\/04\/07-granulados-1.png\" alt=\"Granulados\" class=\"wp-image-274\"\/><\/figure>\n<\/div><\/div>\n<\/div>\n\n\n\n<div class=\"wp-block-column is-layout-flow wp-block-column-is-layout-flow\">\n<div class=\"wp-block-group\"><div class=\"wp-block-group__inner-container is-layout-flow wp-block-group-is-layout-flow\">\n<figure class=\"wp-block-image size-large\"><img decoding=\"async\" src=\"https:\/\/sermaxscales.com\/eu\/eu\/wp-content\/uploads\/2020\/04\/01-nofood.png\" alt=\"No alimentos - No food\" class=\"wp-image-260\"\/><\/figure>\n<\/div><\/div>\n<\/div>\n\n\n\n<div class=\"wp-block-column is-layout-flow wp-block-column-is-layout-flow\">\n<div class=\"wp-block-group is-layout-flow wp-block-group-is-layout-flow\"><div class=\"wp-block-group__inner-container\"><\/div><\/div>\n<\/div>\n\n\n\n<div class=\"wp-block-column is-layout-flow wp-block-column-is-layout-flow\">\n<div class=\"wp-block-group is-layout-flow wp-block-group-is-layout-flow\"><div class=\"wp-block-group__inner-container\"><\/div><\/div>\n<\/div>\n<\/div>\n<\/div><\/div>\n<\/div><\/div>\n\n\n\n<p>Descripci\u00f3n:<\/p>\n\n\n\n<p>Pesadora lineal de\u00a0<strong>Alta Precisi\u00f3n<\/strong>\u00a0dise\u00f1ada para productos granulados hasta una longitud m\u00e1xima o \u00d8 de 5 mm \/ pieza.<\/p>\n\n\n\n<p><strong><strong>Especialmente indicada cuando se requiere la m\u00e1xima precisi\u00f3n en la pesada.<\/strong><\/strong><\/p>\n\n\n\n<p><strong>Rango de pesos: 5 Miligramos &#8211; 100 Gr \/ Resoluci\u00f3n : 1 Mg ( 0.001<\/strong>)<\/p>\n\n\n\n<p><strong>Especificaciones:<\/strong><\/p>\n\n\n\n<figure class=\"wp-block-table\"><table><tbody><tr><th>Longitud m\u00e1xima de producto:<\/th><td>0.5<\/td><td>mm<\/td><\/tr><tr><th>Rangos de dosificaci\u00f3n:<\/th><td>5 mg a 100 Gr<\/td><td>gr<\/td><\/tr><tr><th>Velocidad de producci\u00f3n:<\/th><td>10-40<\/td><td>dpm<\/td><\/tr><tr><th>Precisi\u00f3n:<\/th><td>+0.003<\/td><td>&#8211;<\/td><\/tr><tr><th>Capacidad en recipientes:<\/th><td>0.2 \/ 0.5 \/ 1<\/td><td>L<\/td><\/tr><tr><th>N\u00ba Cabezales:<\/th><td>1 &#8211; 4<\/td><td>&#8211;<\/td><\/tr><tr><th>N\u00ba de niveles:<\/th><td>2<\/td><td>&#8211;<\/td><\/tr><tr><th>Capacidad tolva recepci\u00f3n:<\/th><td>20<\/td><td>L<\/td><\/tr><tr><th>Consumo de aire:<\/th><td>0.5<\/td><td>L\/min<\/td><\/tr><tr><th>Presi\u00f3n del aire:<\/th><td>6<\/td><td>Kg\/cm3<\/td><\/tr><tr><th>Alimentaci\u00f3n el\u00e9ctrica:<\/th><td>380<\/td><td>V<\/td><\/tr><tr><th>Potencia Instalada:<\/th><td>1.2<\/td><td>va<\/td><\/tr><tr><th>Frecuencias:<\/th><td>50-60<\/td><td>Hz<\/td><\/tr><tr><th>Peso:<\/th><td>350<\/td><td>Kg<\/td><\/tr><\/tbody><\/table><\/figure>\n\n\n\n<p>Caracter\u00edsticas:&nbsp;<\/p>\n\n\n\n<p>Tipos de productos:<\/p>\n\n\n\n<p>\u2013 polvo, granulados<br>\u2013 c\u00e1psulas, pastillas<br>\u2013 explosivos en gr\u00e1nulos y en polvo<br>\u2013 piezas met\u00e1licas miniatura<br>\u2013 semillas, especias , hierbas<br>\u2013 t\u00e9, caf\u00e9<br>\u2013 cereales<br>\u2013 medicina veterinaria y alimento para animales<\/p>\n\n\n\n<p><\/p>\n\n\n\n<p>Caracter\u00edsticas:&nbsp;<\/p>\n\n\n\n<p><strong>OPCIONALES<\/strong><\/p>\n\n\n\n<ul class=\"wp-block-list\"><li>Ensablaje multiple hasta 4 m\u00f3dulos de pesaje.<\/li><li>Dise\u00f1o a medida y adaptaci\u00f3n.<\/li><li>Diferentes tipos de chapa para las canales vibradoras.<\/li><li>Dispositivo de rechazo y alarma de sobrepeso.<\/li><li>Teflonado<\/li><li>Lavable<\/li><li>Impresora de estad\u00edsticas.<\/li><li>Sincronizaci\u00f3n con elevadores y envasadoras verticales\/horizontales.<\/li><\/ul>\n\n\n\n<p><\/p>\n","protected":false},"excerpt":{"rendered":"<p>Descripci\u00f3n: Pesadora lineal de\u00a0Alta Precisi\u00f3n\u00a0dise\u00f1ada para productos granulados hasta una longitud m\u00e1xima o \u00d8 de 5 mm \/ pieza. Especialmente indicada cuando se requiere la m\u00e1xima precisi\u00f3n en la pesada. Rango de pesos: 5 Miligramos &#8211; 100 Gr \/ Resoluci\u00f3n : 1 Mg ( 0.001) Especificaciones: Longitud m\u00e1xima de producto: 0.5 mm Rangos de dosificaci\u00f3n: [&hellip;]<\/p>\n","protected":false},"author":3,"featured_media":0,"parent":0,"menu_order":0,"comment_status":"closed","ping_status":"closed","template":"","meta":{"footnotes":""},"class_list":["post-353","page","type-page","status-publish","hentry","entry","owp-thumbs-layout-horizontal","owp-btn-normal","owp-tabs-layout-horizontal","has-no-thumbnails","has-product-nav"],"_links":{"self":[{"href":"https:\/\/sermaxscales.com\/eu\/wp-json\/wp\/v2\/pages\/353","targetHints":{"allow":["GET"]}}],"collection":[{"href":"https:\/\/sermaxscales.com\/eu\/wp-json\/wp\/v2\/pages"}],"about":[{"href":"https:\/\/sermaxscales.com\/eu\/wp-json\/wp\/v2\/types\/page"}],"author":[{"embeddable":true,"href":"https:\/\/sermaxscales.com\/eu\/wp-json\/wp\/v2\/users\/3"}],"replies":[{"embeddable":true,"href":"https:\/\/sermaxscales.com\/eu\/wp-json\/wp\/v2\/comments?post=353"}],"version-history":[{"count":0,"href":"https:\/\/sermaxscales.com\/eu\/wp-json\/wp\/v2\/pages\/353\/revisions"}],"wp:attachment":[{"href":"https:\/\/sermaxscales.com\/eu\/wp-json\/wp\/v2\/media?parent=353"}],"curies":[{"name":"wp","href":"https:\/\/api.w.org\/{rel}","templated":true}]}}