{"id":345,"date":"2020-04-12T00:39:50","date_gmt":"2020-04-12T00:39:50","guid":{"rendered":"https:\/\/sermaxscales.com\/eu\/eu\/?page_id=345"},"modified":"2020-04-12T00:39:50","modified_gmt":"2020-04-12T00:39:50","slug":"lmb-1-4","status":"publish","type":"page","link":"https:\/\/sermaxscales.com\/eu\/lmb-1-4\/","title":{"rendered":"LMB 1-4"},"content":{"rendered":"\n<div class=\"wp-block-soliloquy-soliloquywp\">[soliloquy id=&#8217;812&#8242; type=&#8217;gutenberg&#8217;]<\/div>\n\n\n\n<p><img fetchpriority=\"high\" decoding=\"async\" width=\"400\" height=\"502\" class=\"wp-image-711\" style=\"width: 400px;\" src=\"https:\/\/sermaxscales.com\/eu\/eu\/wp-content\/uploads\/2020\/04\/20191115_231130.jpg\" alt=\"SermaxScales \u00ae\" srcset=\"https:\/\/sermaxscales.com\/eu\/wp-content\/uploads\/2020\/04\/20191115_231130.jpg 861w, https:\/\/sermaxscales.com\/eu\/wp-content\/uploads\/2020\/04\/20191115_231130-800x1003.jpg 800w, https:\/\/sermaxscales.com\/eu\/wp-content\/uploads\/2020\/04\/20191115_231130-239x300.jpg 239w, https:\/\/sermaxscales.com\/eu\/wp-content\/uploads\/2020\/04\/20191115_231130-816x1024.jpg 816w, https:\/\/sermaxscales.com\/eu\/wp-content\/uploads\/2020\/04\/20191115_231130-768x963.jpg 768w\" sizes=\"(max-width: 400px) 100vw, 400px\" \/><\/p>\n\n\n\n<div class=\"wp-block-group\"><div class=\"wp-block-group__inner-container is-layout-flow wp-block-group-is-layout-flow\">\n<div class=\"wp-block-group\"><div class=\"wp-block-group__inner-container is-layout-flow wp-block-group-is-layout-flow\">\n<div class=\"wp-block-columns is-layout-flex wp-container-core-columns-is-layout-9d6595d7 wp-block-columns-is-layout-flex\">\n<div class=\"wp-block-column is-layout-flow wp-block-column-is-layout-flow\" style=\"flex-basis:14.3%\">\n<div class=\"wp-block-group\"><div class=\"wp-block-group__inner-container is-layout-flow wp-block-group-is-layout-flow\">\n<div class=\"wp-block-group\"><div class=\"wp-block-group__inner-container is-layout-flow wp-block-group-is-layout-flow\">\n<figure class=\"wp-block-image size-large\"><img decoding=\"async\" width=\"60\" height=\"60\" src=\"https:\/\/sermaxscales.com\/eu\/eu\/wp-content\/uploads\/2020\/04\/10-carne.png\" alt=\"\" class=\"wp-image-675\"\/><\/figure>\n\n\n\n<figure class=\"wp-block-image size-large\"><img decoding=\"async\" width=\"60\" height=\"60\" src=\"https:\/\/sermaxscales.com\/eu\/eu\/wp-content\/uploads\/2020\/04\/04-arroz.png\" alt=\"\" class=\"wp-image-669\"\/><\/figure>\n<\/div><\/div>\n<\/div><\/div>\n<\/div>\n\n\n\n<div class=\"wp-block-column is-layout-flow wp-block-column-is-layout-flow\">\n<div class=\"wp-block-group\"><div class=\"wp-block-group__inner-container is-layout-flow wp-block-group-is-layout-flow\">\n<figure class=\"wp-block-image size-large\"><img loading=\"lazy\" decoding=\"async\" width=\"60\" height=\"60\" src=\"https:\/\/sermaxscales.com\/eu\/eu\/wp-content\/uploads\/2020\/04\/09-citricos.png\" alt=\"\" class=\"wp-image-674\"\/><\/figure>\n\n\n\n<figure class=\"wp-block-image size-large\"><img loading=\"lazy\" decoding=\"async\" width=\"60\" height=\"60\" src=\"https:\/\/sermaxscales.com\/eu\/eu\/wp-content\/uploads\/2020\/04\/11-hortalizas.png\" alt=\"\" class=\"wp-image-676\"\/><\/figure>\n<\/div><\/div>\n<\/div>\n\n\n\n<div class=\"wp-block-column is-layout-flow wp-block-column-is-layout-flow\">\n<div class=\"wp-block-group\"><div class=\"wp-block-group__inner-container is-layout-flow wp-block-group-is-layout-flow\">\n<figure class=\"wp-block-image size-large\"><img loading=\"lazy\" decoding=\"async\" width=\"60\" height=\"60\" src=\"https:\/\/sermaxscales.com\/eu\/eu\/wp-content\/uploads\/2020\/04\/08-vegetales-frescos.png\" alt=\"\" class=\"wp-image-673\"\/><\/figure>\n<\/div><\/div>\n<\/div>\n\n\n\n<div class=\"wp-block-column is-layout-flow wp-block-column-is-layout-flow\">\n<div class=\"wp-block-group\"><div class=\"wp-block-group__inner-container is-layout-flow wp-block-group-is-layout-flow\">\n<figure class=\"wp-block-image size-large\"><img loading=\"lazy\" decoding=\"async\" width=\"60\" height=\"60\" src=\"https:\/\/sermaxscales.com\/eu\/eu\/wp-content\/uploads\/2020\/04\/05-pescado.png\" alt=\"\" class=\"wp-image-670\"\/><\/figure>\n<\/div><\/div>\n<\/div>\n\n\n\n<div class=\"wp-block-column is-layout-flow wp-block-column-is-layout-flow\">\n<div class=\"wp-block-group\"><div class=\"wp-block-group__inner-container is-layout-flow wp-block-group-is-layout-flow\">\n<figure class=\"wp-block-image size-large\"><img loading=\"lazy\" decoding=\"async\" width=\"60\" height=\"60\" src=\"https:\/\/sermaxscales.com\/eu\/eu\/wp-content\/uploads\/2020\/04\/02-congelados.png\" alt=\"\" class=\"wp-image-667\"\/><\/figure>\n<\/div><\/div>\n<\/div>\n<\/div>\n<\/div><\/div>\n<\/div><\/div>\n\n\n\n<p>Descripci\u00f3n:<\/p>\n\n\n\n<p>Pesadora lineal&nbsp;<strong>mediante cintas transportadoras<\/strong>&nbsp;dise\u00f1ada para todo tipo de productos hasta longitud \u00f3 \u00d8 30 mm \/ pieza unitaria.<\/p>\n\n\n\n<p>Especialmente dise\u00f1ada<strong>&nbsp;para productos adherentes, frescos y\/o fr\u00e1giles que no pueden ser transportados con vibradores&nbsp;<\/strong>y que requieren caidas reducidas , alta precisi\u00f3n y fiabilidad en la pesada.<\/p>\n\n\n\n<p>Recomendada para termoformadoras \/ termoselladoras<\/p>\n\n\n\n<pre class=\"wp-block-preformatted\"><a rel=\"noreferrer noopener\" href=\"https:\/\/www.youtube.com\/watch?v=J5X1pLvNxhQ&amp;feature=youtu.be&amp;t=88\" target=\"_blank\"><strong><\/strong><\/a><strong><a href=\"https:\/\/www.youtube.com\/watch?v=SSQfiqeplCI\">Video -&nbsp; Cous Cous<\/a>\n<a href=\"https:\/\/www.youtube.com\/watch?v=Ovy4iT3Ptzo\">Video -&nbsp; Salmon<\/a>\n<a href=\"https:\/\/www.youtube.com\/watch?v=SHqThfKd2Z0&amp;t=3s\">Video - Arroz cocido - Steam rice<\/a><\/strong><\/pre>\n\n\n\n<p><strong>Especificaciones:<\/strong><\/p>\n\n\n\n<figure class=\"wp-block-table\"><table><tbody><tr><th>Longitud m\u00e1xima de producto:<\/th><td>30&#215;30<\/td><td>mm<\/td><\/tr><tr><th>Rangos de dosificaci\u00f3n:<\/th><td>5 a 150Gr<\/td><td>gr<\/td><\/tr><tr><th>Velocidad de producci\u00f3n:<\/th><td>15 &#8211; 60 dpm<\/td><td>dpm<\/td><\/tr><tr><th>Precisi\u00f3n:<\/th><td>+ \/ &#8211; 1 pieza<\/td><td>&#8211;<\/td><\/tr><tr><th>Capacidad en recipientes:<\/th><td>0.2 \/ 0.5 \/ 1<\/td><td>L<\/td><\/tr><tr><th>N\u00ba Cabezales:<\/th><td>1-4<\/td><td>&#8211;<\/td><\/tr><tr><th>N\u00ba de niveles:<\/th><td>2<\/td><td>&#8211;<\/td><\/tr><tr><th>Capacidad tolva recepci\u00f3n:<\/th><td>25<\/td><td>L<\/td><\/tr><tr><th>Consumo de aire:<\/th><td>2<\/td><td>L\/min<\/td><\/tr><tr><th>Presi\u00f3n del aire:<\/th><td>4.5<\/td><td>Kg\/cm3<\/td><\/tr><tr><th>Alimentaci\u00f3n el\u00e9ctrica:<\/th><td>380<\/td><td>V<\/td><\/tr><tr><th>Potencia Instalada:<\/th><td>0.5<\/td><td>va<\/td><\/tr><tr><th>Frecuencias:<\/th><td>&#8211;<\/td><td>Hz<\/td><\/tr><tr><th>Peso:<\/th><td>400<\/td><td>Kg<\/td><\/tr><tr><th>Dimensiones:<\/th><td>500x430x600<\/td><td>(W \/ H \/ L mm)<\/td><\/tr><\/tbody><\/table><\/figure>\n\n\n\n<p><strong>Especificaciones:<\/strong><\/p>\n\n\n\n<p>Caracter\u00edsticas:&nbsp;<\/p>\n\n\n\n<ul class=\"wp-block-list\"><li>Tolva de recepci\u00f3n de capacidad: 25 litros.<\/li><li>Recipiente de peso de extracci\u00f3n r\u00e1pida.<\/li><li>Celulas de pesaje en Acero Inoxidable.<\/li><li>Detecci\u00f3n de nivel de producto regulable.<\/li><li>Dos niveles de cintas transportadoras desmontables.<\/li><li>Accionamiento de las cintas mediante motores paso a paso IP65.<\/li><li>Cintas: Recepci\u00f3n + Intermedia + Pre-dosis + Afinado.<\/li><li>Elementos en contacto con el producto fabricados en Acero Inox.<\/li><li>Pantalla t\u00e1ctil Color TFT 10.4&#8243;.<\/li><li>Armarios electr\u00f3nicos totalmente estancos<\/li><li>Hasta&nbsp; 4 pesadoras en un mismo Control.<\/li><\/ul>\n\n\n\n<div class=\"wp-block-group\"><div class=\"wp-block-group__inner-container is-layout-flow wp-block-group-is-layout-flow\">\n<div class=\"wp-block-group is-layout-flow wp-block-group-is-layout-flow\"><div class=\"wp-block-group__inner-container\"><\/div><\/div>\n<\/div><\/div>\n\n\n\n<p><strong>OPCIONALES<\/strong><\/p>\n\n\n\n<ul class=\"wp-block-list\"><li>Versi\u00f3n IP-65 con cintas desmontables para su limpieza.&nbsp;<\/li><li>Nivel de carga para el control de elevador<\/li><li>Pies de apoyo o plataforma elevadora.<\/li><li>Sistema de distribuci\u00f3n e introducci\u00f3n del producto en el envase definitivo.<\/li><li>Elevador.<\/li><li>Tolva de carga autom\u00e1tica<\/li><li><strong>La pesadora se puede fabricar a medida para hacer coincidir con la distancia entre centros de envases de cada proyecto<\/strong>.<\/li><\/ul>\n\n\n\n<p><\/p>\n","protected":false},"excerpt":{"rendered":"<p>Descripci\u00f3n: Pesadora lineal&nbsp;mediante cintas transportadoras&nbsp;dise\u00f1ada para todo tipo de productos hasta longitud \u00f3 \u00d8 30 mm \/ pieza unitaria. Especialmente dise\u00f1ada&nbsp;para productos adherentes, frescos y\/o fr\u00e1giles que no pueden ser transportados con vibradores&nbsp;y que requieren caidas reducidas , alta precisi\u00f3n y fiabilidad en la pesada. Recomendada para termoformadoras \/ termoselladoras Video &#8211;&nbsp; Cous Cous Video [&hellip;]<\/p>\n","protected":false},"author":3,"featured_media":13,"parent":0,"menu_order":0,"comment_status":"closed","ping_status":"closed","template":"","meta":{"footnotes":""},"class_list":["post-345","page","type-page","status-publish","has-post-thumbnail","hentry","entry","has-media","owp-thumbs-layout-horizontal","owp-btn-normal","owp-tabs-layout-horizontal","has-no-thumbnails","has-product-nav"],"_links":{"self":[{"href":"https:\/\/sermaxscales.com\/eu\/wp-json\/wp\/v2\/pages\/345","targetHints":{"allow":["GET"]}}],"collection":[{"href":"https:\/\/sermaxscales.com\/eu\/wp-json\/wp\/v2\/pages"}],"about":[{"href":"https:\/\/sermaxscales.com\/eu\/wp-json\/wp\/v2\/types\/page"}],"author":[{"embeddable":true,"href":"https:\/\/sermaxscales.com\/eu\/wp-json\/wp\/v2\/users\/3"}],"replies":[{"embeddable":true,"href":"https:\/\/sermaxscales.com\/eu\/wp-json\/wp\/v2\/comments?post=345"}],"version-history":[{"count":0,"href":"https:\/\/sermaxscales.com\/eu\/wp-json\/wp\/v2\/pages\/345\/revisions"}],"wp:featuredmedia":[{"embeddable":true,"href":"https:\/\/sermaxscales.com\/eu\/wp-json\/wp\/v2\/media\/13"}],"wp:attachment":[{"href":"https:\/\/sermaxscales.com\/eu\/wp-json\/wp\/v2\/media?parent=345"}],"curies":[{"name":"wp","href":"https:\/\/api.w.org\/{rel}","templated":true}]}}