{"id":339,"date":"2020-04-11T18:20:07","date_gmt":"2020-04-11T18:20:07","guid":{"rendered":"https:\/\/sermaxscales.com\/eu\/eu\/?page_id=339"},"modified":"2020-04-11T18:20:07","modified_gmt":"2020-04-11T18:20:07","slug":"lms-1-4","status":"publish","type":"page","link":"https:\/\/sermaxscales.com\/eu\/lms-1-4\/","title":{"rendered":"LMS 1-4"},"content":{"rendered":"\n<p><img decoding=\"async\" class=\"wp-image-290\" style=\"width: 500px;\" src=\"https:\/\/sermaxscales.com\/eu\/eu\/wp-content\/uploads\/2020\/04\/DSCF7508-scaled.jpg\" alt=\"\"><\/p>\n\n\n\n<div class=\"wp-block-group\"><div class=\"wp-block-group__inner-container is-layout-flow wp-block-group-is-layout-flow\">\n<div class=\"wp-block-group\"><div class=\"wp-block-group__inner-container is-layout-flow wp-block-group-is-layout-flow\">\n<div class=\"wp-block-columns is-layout-flex wp-container-core-columns-is-layout-9d6595d7 wp-block-columns-is-layout-flex\">\n<div class=\"wp-block-column is-layout-flow wp-block-column-is-layout-flow\" style=\"flex-basis:14.3%\">\n<div class=\"wp-block-group\"><div class=\"wp-block-group__inner-container is-layout-flow wp-block-group-is-layout-flow\">\n<div class=\"wp-block-group\"><div class=\"wp-block-group__inner-container is-layout-flow wp-block-group-is-layout-flow\">\n<figure class=\"wp-block-image size-large\"><img decoding=\"async\" src=\"https:\/\/sermaxscales.com\/eu\/eu\/wp-content\/uploads\/2020\/04\/12-polvos-1.png\" alt=\"Polvos\" class=\"wp-image-273\"\/><\/figure>\n\n\n\n<figure class=\"wp-block-image size-large\"><img decoding=\"async\" src=\"https:\/\/sermaxscales.com\/eu\/eu\/wp-content\/uploads\/2020\/04\/01-nofood.png\" alt=\"No alimentos - No food\" class=\"wp-image-260\"\/><\/figure>\n<\/div><\/div>\n<\/div><\/div>\n<\/div>\n\n\n\n<div class=\"wp-block-column is-layout-flow wp-block-column-is-layout-flow\">\n<div class=\"wp-block-group\"><div class=\"wp-block-group__inner-container is-layout-flow wp-block-group-is-layout-flow\">\n<figure class=\"wp-block-image size-large\"><img decoding=\"async\" src=\"https:\/\/sermaxscales.com\/eu\/eu\/wp-content\/uploads\/2020\/04\/09-citricos.png\" alt=\"C\u00edtricos\" class=\"wp-image-268\"\/><\/figure>\n<\/div><\/div>\n<\/div>\n\n\n\n<div class=\"wp-block-column is-layout-flow wp-block-column-is-layout-flow\">\n<div class=\"wp-block-group\"><div class=\"wp-block-group__inner-container is-layout-flow wp-block-group-is-layout-flow\">\n<figure class=\"wp-block-image size-large\"><img decoding=\"async\" src=\"https:\/\/sermaxscales.com\/eu\/eu\/wp-content\/uploads\/2020\/04\/07-granulados-1.png\" alt=\"Granulados\" class=\"wp-image-274\"\/><\/figure>\n<\/div><\/div>\n<\/div>\n\n\n\n<div class=\"wp-block-column is-layout-flow wp-block-column-is-layout-flow\">\n<div class=\"wp-block-group\"><div class=\"wp-block-group__inner-container is-layout-flow wp-block-group-is-layout-flow\">\n<figure class=\"wp-block-image size-large\"><img decoding=\"async\" src=\"https:\/\/sermaxscales.com\/eu\/eu\/wp-content\/uploads\/2020\/04\/03-golosinas-1.png\" alt=\"Golosinas - Candies , sweets\" class=\"wp-image-276\"\/><\/figure>\n<\/div><\/div>\n<\/div>\n\n\n\n<div class=\"wp-block-column is-layout-flow wp-block-column-is-layout-flow\">\n<div class=\"wp-block-group\"><div class=\"wp-block-group__inner-container is-layout-flow wp-block-group-is-layout-flow\">\n<figure class=\"wp-block-image size-large\"><img decoding=\"async\" src=\"https:\/\/sermaxscales.com\/eu\/eu\/wp-content\/uploads\/2020\/04\/02-congelados-1.png\" alt=\"Congelados - Frozen products\" class=\"wp-image-277\"\/><\/figure>\n<\/div><\/div>\n<\/div>\n<\/div>\n<\/div><\/div>\n<\/div><\/div>\n\n\n\n<p>Descripci\u00f3n:<\/p>\n\n\n\n<p>Pesadora lineal a vibraci\u00f3n dise\u00f1ada para todo tipo de productos hasta longitud \u00f3 \u00d8 30 mm \/ pieza unitaria.<\/p>\n\n\n\n<p>Especialmente dise\u00f1ada para productos adherentes y\/o fr\u00e1giles que requieren caidas reducidas y una alta precisi\u00f3n y fiabilidad en la pesada.<\/p>\n\n\n\n<p>Recomendada para termoformadoras \/ termoselladoras<\/p>\n\n\n\n<pre class=\"wp-block-preformatted\"><a rel=\"noreferrer noopener\" href=\"https:\/\/www.youtube.com\/watch?v=J5X1pLvNxhQ&amp;feature=youtu.be&amp;t=88\" target=\"_blank\"><strong>Ver <\/strong><\/a><a href=\"https:\/\/www.youtube.com\/watch?v=J5X1pLvNxhQ&amp;feature=youtu.be&amp;t=36\" target=\"_blank\" rel=\"noreferrer noopener\"><strong>v\u00eddeo<\/strong><\/a><\/pre>\n\n\n\n<p><strong>Especificaciones:<\/strong><\/p>\n\n\n\n<p><strong>Especificaciones:<\/strong><\/p>\n\n\n\n<figure class=\"wp-block-table\"><table><tbody><tr><th>Longitud m\u00e1xima de producto:<\/th><td>30<\/td><td>mm<\/td><\/tr><tr><th>Rangos de dosificaci\u00f3n:<\/th><td>15-250Gr<\/td><td>gr<\/td><\/tr><tr><th>Velocidad de producci\u00f3n:<\/th><td>8-45<\/td><td>dpm<\/td><\/tr><tr><th>Precisi\u00f3n:<\/th><td>+\/-1 Pieza<\/td><td>&#8211;<\/td><\/tr><tr><th>Capacidad en recipientes:<\/th><td>0.5<\/td><td>L<\/td><\/tr><tr><th>N\u00ba Cabezales:<\/th><td>1-4<\/td><td>&#8211;<\/td><\/tr><tr><th>N\u00ba de niveles:<\/th><td>2<\/td><td>&#8211;<\/td><\/tr><tr><th>Capacidad tolva recepci\u00f3n:<\/th><td>25<\/td><td>L<\/td><\/tr><tr><th>Consumo de aire:<\/th><td>6<\/td><td>L\/min<\/td><\/tr><tr><th>Presi\u00f3n del aire:<\/th><td>4.5<\/td><td>Kg\/cm3<\/td><\/tr><tr><th>Alimentaci\u00f3n el\u00e9ctrica:<\/th><td>380<\/td><td>V<\/td><\/tr><tr><th>Potencia Instalada:<\/th><td>2<\/td><td>va<\/td><\/tr><tr><th>Frecuencias:<\/th><td>50-60<\/td><td>Hz<\/td><\/tr><tr><th>Peso:<\/th><td>450<\/td><td>Kg<\/td><\/tr><tr><th>Dimensiones:<\/th><td>450x600x750<\/td><td>(W \/ H \/ L mm)<\/td><\/tr><\/tbody><\/table><\/figure>\n\n\n\n<p>Caracter\u00edsticas:&nbsp;<\/p>\n\n\n\n<ul class=\"wp-block-list\"><li>Tolva de recepci\u00f3n de capacidad: 25 litros.<\/li><li>Recipiente de peso de extracci\u00f3n r\u00e1pida.<\/li><li>Celulas de pesaje en Acero Inoxidable.<\/li><li>Detecci\u00f3n de nivel de producto regulable.<\/li><li>Dos de canales de vibraci\u00f3n.<\/li><li>Inclinaci\u00f3n de las canales configurable a 3 &#8211; 5 &#8211; 10\u00ba (productos adherentes).&nbsp;<\/li><li>Recepci\u00f3n + Intermedia + Pre-dosis + Afinado.<\/li><li>Elementos en contacto con el producto fabricados en Acero Inox.<\/li><li>Pantalla t\u00e1ctil Color TFT 10.4&#8243;.<\/li><li>Armarios electr\u00f3nicos totalmente estancos<\/li><li>Hasta&nbsp; 4 pesadoras en un mismo Control.<\/li><\/ul>\n\n\n\n<p><strong>OPCIONALES<\/strong><\/p>\n\n\n\n<ul class=\"wp-block-list\"><li>Canales y tolvas en chapa grabada \/ teflonada para productos adherentes.<\/li><li>Versi\u00f3n&nbsp; IP-65 con canales desmontables para su limpieza.<\/li><li>Vibradores completamente fabricados en Inox -304.<\/li><li>Nivel de carga para el control de elevador<\/li><li>Pies de apoyo o plataforma elevadora.<\/li><li>Sistema de distribuci\u00f3n e introducci\u00f3n del producto en el envase definitivo.<\/li><li>Elevador.<\/li><\/ul>\n\n\n\n<p><\/p>\n","protected":false},"excerpt":{"rendered":"<p>Descripci\u00f3n: Pesadora lineal a vibraci\u00f3n dise\u00f1ada para todo tipo de productos hasta longitud \u00f3 \u00d8 30 mm \/ pieza unitaria. Especialmente dise\u00f1ada para productos adherentes y\/o fr\u00e1giles que requieren caidas reducidas y una alta precisi\u00f3n y fiabilidad en la pesada. Recomendada para termoformadoras \/ termoselladoras Ver v\u00eddeo Especificaciones: Especificaciones: Longitud m\u00e1xima de producto: 30 mm [&hellip;]<\/p>\n","protected":false},"author":3,"featured_media":0,"parent":0,"menu_order":0,"comment_status":"closed","ping_status":"closed","template":"","meta":{"footnotes":""},"class_list":["post-339","page","type-page","status-publish","hentry","entry","owp-thumbs-layout-horizontal","owp-btn-normal","owp-tabs-layout-horizontal","has-no-thumbnails","has-product-nav"],"_links":{"self":[{"href":"https:\/\/sermaxscales.com\/eu\/wp-json\/wp\/v2\/pages\/339","targetHints":{"allow":["GET"]}}],"collection":[{"href":"https:\/\/sermaxscales.com\/eu\/wp-json\/wp\/v2\/pages"}],"about":[{"href":"https:\/\/sermaxscales.com\/eu\/wp-json\/wp\/v2\/types\/page"}],"author":[{"embeddable":true,"href":"https:\/\/sermaxscales.com\/eu\/wp-json\/wp\/v2\/users\/3"}],"replies":[{"embeddable":true,"href":"https:\/\/sermaxscales.com\/eu\/wp-json\/wp\/v2\/comments?post=339"}],"version-history":[{"count":0,"href":"https:\/\/sermaxscales.com\/eu\/wp-json\/wp\/v2\/pages\/339\/revisions"}],"wp:attachment":[{"href":"https:\/\/sermaxscales.com\/eu\/wp-json\/wp\/v2\/media?parent=339"}],"curies":[{"name":"wp","href":"https:\/\/api.w.org\/{rel}","templated":true}]}}