{"id":331,"date":"2020-04-11T11:17:27","date_gmt":"2020-04-11T11:17:27","guid":{"rendered":"https:\/\/sermaxscales.com\/eu\/eu\/?page_id=331"},"modified":"2020-04-11T11:17:27","modified_gmt":"2020-04-11T11:17:27","slug":"lwb-1-4","status":"publish","type":"page","link":"https:\/\/sermaxscales.com\/eu\/lwb-1-4\/","title":{"rendered":"LWB 1-4"},"content":{"rendered":"\n<p><img fetchpriority=\"high\" decoding=\"async\" width=\"380\" height=\"487\" src=\"https:\/\/sermaxscales.com\/eu\/sites\/default\/files\/imagecache\/imagen_pesadora\/LWB%2001.jpg\" alt=\"\"><\/p>\n\n\n\n<div class=\"wp-block-group\"><div class=\"wp-block-group__inner-container is-layout-flow wp-block-group-is-layout-flow\">\n<div class=\"wp-block-group\"><div class=\"wp-block-group__inner-container is-layout-flow wp-block-group-is-layout-flow\">\n<div class=\"wp-block-columns is-layout-flex wp-container-core-columns-is-layout-9d6595d7 wp-block-columns-is-layout-flex\">\n<div class=\"wp-block-column is-layout-flow wp-block-column-is-layout-flow\" style=\"flex-basis:14.3%\">\n<div class=\"wp-block-group\"><div class=\"wp-block-group__inner-container is-layout-flow wp-block-group-is-layout-flow\">\n<div class=\"wp-block-group\"><div class=\"wp-block-group__inner-container is-layout-flow wp-block-group-is-layout-flow\">\n<figure class=\"wp-block-image size-large\"><img decoding=\"async\" src=\"https:\/\/sermaxscales.com\/eu\/eu\/wp-content\/uploads\/2020\/04\/02-congelados-1.png\" alt=\"\" class=\"wp-image-277\"\/><\/figure>\n\n\n\n<figure class=\"wp-block-image size-large\"><img decoding=\"async\" src=\"https:\/\/sermaxscales.com\/eu\/eu\/wp-content\/uploads\/2020\/04\/09-citricos.png\" alt=\"\" class=\"wp-image-268\"\/><\/figure>\n<\/div><\/div>\n<\/div><\/div>\n<\/div>\n\n\n\n<div class=\"wp-block-column is-layout-flow wp-block-column-is-layout-flow\">\n<div class=\"wp-block-group\"><div class=\"wp-block-group__inner-container is-layout-flow wp-block-group-is-layout-flow\">\n<figure class=\"wp-block-image size-large\"><img decoding=\"async\" src=\"https:\/\/sermaxscales.com\/eu\/eu\/wp-content\/uploads\/2020\/04\/04-arroz.png\" alt=\"\" class=\"wp-image-263\"\/><\/figure>\n\n\n\n<figure class=\"wp-block-image size-large\"><img decoding=\"async\" src=\"https:\/\/sermaxscales.com\/eu\/eu\/wp-content\/uploads\/2020\/04\/10-carne.png\" alt=\"\" class=\"wp-image-269\"\/><\/figure>\n<\/div><\/div>\n<\/div>\n\n\n\n<div class=\"wp-block-column is-layout-flow wp-block-column-is-layout-flow\">\n<div class=\"wp-block-group\"><div class=\"wp-block-group__inner-container is-layout-flow wp-block-group-is-layout-flow\">\n<figure class=\"wp-block-image size-large\"><img decoding=\"async\" src=\"https:\/\/sermaxscales.com\/eu\/eu\/wp-content\/uploads\/2020\/04\/05-pescado.png\" alt=\"\" class=\"wp-image-264\"\/><\/figure>\n\n\n\n<figure class=\"wp-block-image size-large\"><img decoding=\"async\" src=\"https:\/\/sermaxscales.com\/eu\/eu\/wp-content\/uploads\/2020\/04\/11-hortalizas.png\" alt=\"\" class=\"wp-image-270\"\/><\/figure>\n<\/div><\/div>\n<\/div>\n\n\n\n<div class=\"wp-block-column is-layout-flow wp-block-column-is-layout-flow\">\n<div class=\"wp-block-group\"><div class=\"wp-block-group__inner-container is-layout-flow wp-block-group-is-layout-flow\">\n<figure class=\"wp-block-image size-large\"><img decoding=\"async\" src=\"https:\/\/sermaxscales.com\/eu\/eu\/wp-content\/uploads\/2020\/04\/07-granulados-1.png\" alt=\"\" class=\"wp-image-274\"\/><\/figure>\n<\/div><\/div>\n<\/div>\n\n\n\n<div class=\"wp-block-column is-layout-flow wp-block-column-is-layout-flow\">\n<div class=\"wp-block-group\"><div class=\"wp-block-group__inner-container is-layout-flow wp-block-group-is-layout-flow\">\n<figure class=\"wp-block-image size-large\"><img decoding=\"async\" src=\"https:\/\/sermaxscales.com\/eu\/eu\/wp-content\/uploads\/2020\/04\/08-vegetales-frescos.png\" alt=\"\" class=\"wp-image-267\"\/><\/figure>\n<\/div><\/div>\n<\/div>\n<\/div>\n<\/div><\/div>\n<\/div><\/div>\n\n\n\n<p>Descripci\u00f3n:<\/p>\n\n\n\n<p>Pesadora lineal mediante cintas transportadoras para todo tipo de productos hasta longitud 350 \u00f3 \u00d8 120 mm \/ pieza unitaria.<\/p>\n\n\n\n<p><strong>Especialmente dise\u00f1ada para todos aquellos productos que no pueden ser transportados mediante vibradores.<\/strong><\/p>\n\n\n\n<p>Recomendada para termoformadoras \/ termoselladoras<\/p>\n\n\n\n<pre class=\"wp-block-preformatted\"><a rel=\"noreferrer noopener\" href=\"https:\/\/www.youtube.com\/watch?v=J5X1pLvNxhQ&amp;feature=youtu.be&amp;t=88\" target=\"_blank\"><strong>Ver <\/strong><\/a><a href=\"https:\/\/www.youtube.com\/watch?v=J5X1pLvNxhQ&amp;feature=youtu.be&amp;t=88\" target=\"_blank\" rel=\"noreferrer noopener\"><strong>v\u00eddeo<\/strong><\/a><\/pre>\n\n\n\n<p><strong>Especificaciones:<\/strong><\/p>\n\n\n\n<figure class=\"wp-block-table\"><table><tbody><tr><th>Longitud m\u00e1xima de producto:<\/th><td>350<\/td><td>mm<\/td><\/tr><tr><th>Rangos de dosificaci\u00f3n:<\/th><td>0.1-20Kg<\/td><td>gr<\/td><\/tr><tr><th>Velocidad de producci\u00f3n:<\/th><td>8-32<\/td><td>dpm<\/td><\/tr><tr><th>Precisi\u00f3n:<\/th><td>+\/- 1 Pieza<\/td><td>&#8211;<\/td><\/tr><tr><th>Capacidad en recipientes:<\/th><td>5-20<\/td><td>L<\/td><\/tr><tr><th>N\u00ba Cabezales:<\/th><td>1-4<\/td><td>&#8211;<\/td><\/tr><tr><th>N\u00ba de niveles:<\/th><td>3<\/td><td>&#8211;<\/td><\/tr><tr><th>Capacidad tolva recepci\u00f3n:<\/th><td>25<\/td><td>L<\/td><\/tr><tr><th>Consumo de aire:<\/th><td>6<\/td><td>L\/min<\/td><\/tr><tr><th>Presi\u00f3n del aire:<\/th><td>4.5<\/td><td>Kg\/cm3<\/td><\/tr><tr><th>Alimentaci\u00f3n el\u00e9ctrica:<\/th><td>380<\/td><td>V<\/td><\/tr><tr><th>Potencia Instalada:<\/th><td>2<\/td><td>va<\/td><\/tr><tr><th>Frecuencias:<\/th><td>50-60<\/td><td>Hz<\/td><\/tr><tr><th>Peso:<\/th><td>650<\/td><td>Kg<\/td><\/tr><tr><th>Dimensiones:<\/th><td>800x1200x2200<\/td><td>(W \/ H \/ L mm)<\/td><\/tr><\/tbody><\/table><\/figure>\n\n\n\n<p>Caracter\u00edsticas:&nbsp;<\/p>\n\n\n\n<ul class=\"wp-block-list\"><li>Recipiente de peso y cintas transportadoras de extracci\u00f3n r\u00e1pida.<\/li><li>Celulas de pesaje en Acero Inoxidable.<\/li><li>Detecci\u00f3n de nivel de producto regulable.<\/li><li>Tres niveles de cintas transportadoras para repartir el producto.<\/li><li>Velocidad regulable.<\/li><li>Inclinaci\u00f3n de las cintas configurable a 3 &#8211; 5 &#8211; 10\u00ba (productos adherentes).&nbsp;<\/li><li>Recepci\u00f3n + Intermedia + Pre-dosis + Afinado.<\/li><li>Elementos en contacto con el producto fabricados en Acero Inox.<\/li><li>Pantalla t\u00e1ctil Color TFT 10.4&#8243;.<\/li><li>Armarios electr\u00f3nicos totalmente estancos<\/li><li>Hasta&nbsp; 4 pesadoras en un mismo Control.<\/li><\/ul>\n\n\n\n<p><\/p>\n\n\n\n<p>Caracter\u00edsticas:&nbsp;<\/p>\n\n\n\n<p><strong>OPCIONALES<\/strong><\/p>\n\n\n\n<ul class=\"wp-block-list\"><li>Cintas transportadoras con banda modular Intralox.<\/li><li>Velocidad de avance en cintas auto-regulable.<\/li><li>Recipiente acumulador.<\/li><li>Nivel de carga para el control de elevador<\/li><li>Pies de apoyo o plataforma elevadora.<\/li><li>Sistema de distribuci\u00f3n e introducci\u00f3n del producto en el envase definitivo.<\/li><li>Elevador.<\/li><\/ul>\n\n\n\n<p><\/p>\n","protected":false},"excerpt":{"rendered":"<p>Descripci\u00f3n: Pesadora lineal mediante cintas transportadoras para todo tipo de productos hasta longitud 350 \u00f3 \u00d8 120 mm \/ pieza unitaria. Especialmente dise\u00f1ada para todos aquellos productos que no pueden ser transportados mediante vibradores. Recomendada para termoformadoras \/ termoselladoras Ver v\u00eddeo Especificaciones: Longitud m\u00e1xima de producto: 350 mm Rangos de dosificaci\u00f3n: 0.1-20Kg gr Velocidad de [&hellip;]<\/p>\n","protected":false},"author":3,"featured_media":0,"parent":0,"menu_order":0,"comment_status":"closed","ping_status":"closed","template":"","meta":{"footnotes":""},"class_list":["post-331","page","type-page","status-publish","hentry","entry","owp-thumbs-layout-horizontal","owp-btn-normal","owp-tabs-layout-horizontal","has-no-thumbnails","has-product-nav"],"_links":{"self":[{"href":"https:\/\/sermaxscales.com\/eu\/wp-json\/wp\/v2\/pages\/331","targetHints":{"allow":["GET"]}}],"collection":[{"href":"https:\/\/sermaxscales.com\/eu\/wp-json\/wp\/v2\/pages"}],"about":[{"href":"https:\/\/sermaxscales.com\/eu\/wp-json\/wp\/v2\/types\/page"}],"author":[{"embeddable":true,"href":"https:\/\/sermaxscales.com\/eu\/wp-json\/wp\/v2\/users\/3"}],"replies":[{"embeddable":true,"href":"https:\/\/sermaxscales.com\/eu\/wp-json\/wp\/v2\/comments?post=331"}],"version-history":[{"count":0,"href":"https:\/\/sermaxscales.com\/eu\/wp-json\/wp\/v2\/pages\/331\/revisions"}],"wp:attachment":[{"href":"https:\/\/sermaxscales.com\/eu\/wp-json\/wp\/v2\/media?parent=331"}],"curies":[{"name":"wp","href":"https:\/\/api.w.org\/{rel}","templated":true}]}}