{"id":259,"date":"2020-04-09T09:06:26","date_gmt":"2020-04-09T09:06:26","guid":{"rendered":"https:\/\/sermaxscales.com\/eu\/eu\/?page_id=259"},"modified":"2020-04-09T09:06:26","modified_gmt":"2020-04-09T09:06:26","slug":"lv-1-10","status":"publish","type":"page","link":"https:\/\/sermaxscales.com\/eu\/lv-1-10\/","title":{"rendered":"LV 1-10"},"content":{"rendered":"\n<p><img fetchpriority=\"high\" decoding=\"async\" width=\"380\" height=\"271\" src=\"https:\/\/sermaxscales.com\/eu\/sites\/default\/files\/imagecache\/imagen_pesadora\/sermax%20scales%20lv10%20pesadora%20lineal_0.jpg\" alt=\"\"><\/p>\n\n\n\n<div class=\"wp-block-group\"><div class=\"wp-block-group__inner-container is-layout-flow wp-block-group-is-layout-flow\">\n<div class=\"wp-block-group\"><div class=\"wp-block-group__inner-container is-layout-flow wp-block-group-is-layout-flow\">\n<div class=\"wp-block-columns is-layout-flex wp-container-core-columns-is-layout-9d6595d7 wp-block-columns-is-layout-flex\">\n<div class=\"wp-block-column is-layout-flow wp-block-column-is-layout-flow\" style=\"flex-basis:14.3%\">\n<div class=\"wp-block-group\"><div class=\"wp-block-group__inner-container is-layout-flow wp-block-group-is-layout-flow\">\n<div class=\"wp-block-group\"><div class=\"wp-block-group__inner-container is-layout-flow wp-block-group-is-layout-flow\">\n<figure class=\"wp-block-image size-large\"><img decoding=\"async\" src=\"https:\/\/sermaxscales.com\/eu\/eu\/wp-content\/uploads\/2020\/04\/12-polvos-1.png\" alt=\"\" class=\"wp-image-273\"\/><\/figure>\n<\/div><\/div>\n<\/div><\/div>\n<\/div>\n\n\n\n<div class=\"wp-block-column is-layout-flow wp-block-column-is-layout-flow\">\n<div class=\"wp-block-group\"><div class=\"wp-block-group__inner-container is-layout-flow wp-block-group-is-layout-flow\">\n<figure class=\"wp-block-image size-large\"><img decoding=\"async\" src=\"https:\/\/sermaxscales.com\/eu\/eu\/wp-content\/uploads\/2020\/04\/07-granulados-1.png\" alt=\"\" class=\"wp-image-274\"\/><\/figure>\n<\/div><\/div>\n<\/div>\n\n\n\n<div class=\"wp-block-column is-layout-flow wp-block-column-is-layout-flow\">\n<div class=\"wp-block-group\"><div class=\"wp-block-group__inner-container is-layout-flow wp-block-group-is-layout-flow\">\n<figure class=\"wp-block-image size-large\"><img decoding=\"async\" src=\"https:\/\/sermaxscales.com\/eu\/eu\/wp-content\/uploads\/2020\/04\/06-panaderia-1.png\" alt=\"\" class=\"wp-image-275\"\/><\/figure>\n<\/div><\/div>\n<\/div>\n\n\n\n<div class=\"wp-block-column is-layout-flow wp-block-column-is-layout-flow\">\n<div class=\"wp-block-group\"><div class=\"wp-block-group__inner-container is-layout-flow wp-block-group-is-layout-flow\">\n<figure class=\"wp-block-image size-large\"><img decoding=\"async\" src=\"https:\/\/sermaxscales.com\/eu\/eu\/wp-content\/uploads\/2020\/04\/03-golosinas-1.png\" alt=\"\" class=\"wp-image-276\"\/><\/figure>\n<\/div><\/div>\n<\/div>\n\n\n\n<div class=\"wp-block-column is-layout-flow wp-block-column-is-layout-flow\">\n<div class=\"wp-block-group\"><div class=\"wp-block-group__inner-container is-layout-flow wp-block-group-is-layout-flow\">\n<figure class=\"wp-block-image size-large\"><img decoding=\"async\" src=\"https:\/\/sermaxscales.com\/eu\/eu\/wp-content\/uploads\/2020\/04\/02-congelados-1.png\" alt=\"\" class=\"wp-image-277\"\/><\/figure>\n<\/div><\/div>\n<\/div>\n<\/div>\n<\/div><\/div>\n<\/div><\/div>\n\n\n\n<p>Descripci\u00f3n:<\/p>\n\n\n\n<p>Pesadora lineal a vibraci\u00f3n dise\u00f1ada para todo tipo de productos hasta longitud \u00f3 \u00d8 45 mm \/ pieza unitaria.<\/p>\n\n\n\n<p>OPCION Pesado &#8211; Contado y Mezcla &#8211; 10 Productos \/ Sistema de rechazo Opcional<\/p>\n\n\n\n<pre class=\"wp-block-preformatted\"><a href=\"https:\/\/www.youtube.com\/watch?v=Crx0Zxx3VOk\" target=\"_blank\" rel=\"noreferrer noopener\">Ver v\u00eddeo<\/a><\/pre>\n\n\n\n<p><strong>Especificaciones:<\/strong> <\/p>\n\n\n\n<figure class=\"wp-block-table\"><table><tbody><tr><th>Longitud m\u00e1xima de producto:<\/th><td>\u00d8: 45, length: 45<\/td><td>mm<\/td><\/tr><tr><th>Rangos de dosificaci\u00f3n:<\/th><td>15-1000Gr<\/td><td>gr<\/td><\/tr><tr><th>Velocidad de producci\u00f3n:<\/th><td>10-100<\/td><td>dpm<\/td><\/tr><tr><th>Precisi\u00f3n:<\/th><td>+\/- 1 pieza<\/td><td>&#8211;<\/td><\/tr><tr><th>Capacidad en recipientes:<\/th><td>2 \/ 3<\/td><td>L<\/td><\/tr><tr><th>N\u00ba Cabezales:<\/th><td>1-10<\/td><td>&#8211;<\/td><\/tr><tr><th>N\u00ba de niveles:<\/th><td>2<\/td><td>&#8211;<\/td><\/tr><tr><th>Capacidad tolva recepci\u00f3n:<\/th><td>25<\/td><td>L<\/td><\/tr><tr><th>Consumo de aire:<\/th><td>20<\/td><td>L\/min<\/td><\/tr><tr><th>Presi\u00f3n del aire:<\/th><td>6<\/td><td>Kg\/cm3<\/td><\/tr><tr><th>Alimentaci\u00f3n el\u00e9ctrica:<\/th><td>500<\/td><td>V<\/td><\/tr><tr><th>Potencia Instalada:<\/th><td>2<\/td><td>va<\/td><\/tr><tr><th>Frecuencias:<\/th><td>50-60<\/td><td>Hz<\/td><\/tr><tr><th>Peso:<\/th><td>450<\/td><td>Kg<\/td><\/tr><tr><th>Dimensiones:<\/th><td>450 X 1115 X 600<\/td><td>(W \/ H \/ L mm)<\/td><\/tr><\/tbody><\/table><\/figure>\n\n\n\n<p>Caracter\u00edsticas:&nbsp;<\/p>\n\n\n\n<ul class=\"wp-block-list\"><li>Tolva de recepci\u00f3n de capacidad: 45 litros.<\/li><li>Recipiente de peso de extracci\u00f3n r\u00e1pida.<\/li><li>Celulas de pesaje en Acero Inoxidable.<\/li><li>Detecci\u00f3n de nivel de producto regulable.<\/li><li>Tres niveles de canales de vibraci\u00f3n.<\/li><li>Inclinaci\u00f3n de las canales configurable a 3 &#8211; 5 &#8211; 10\u00ba (productos adherentes).&nbsp;<\/li><li>Recepci\u00f3n + Intermedia + Pre-dosis + Afinado.<\/li><li>Elementos en contacto con el producto fabricados en Acero Inox.<\/li><li>Pantalla t\u00e1ctil Color TFT 10.4&#8243;.<\/li><li>Armarios electr\u00f3nicos totalmente estancos<\/li><li>Hasta&nbsp; 4 pesadoras en un mismo Control.<\/li><\/ul>\n\n\n\n<p><br>OPCIONALES<\/p>\n\n\n\n<ul class=\"wp-block-list\"><li>Canales y tolvas en chapa grabada \/ teflonada para productos adherentes.<\/li><li>Versi\u00f3n&nbsp; IP-65 con canales desmontables para su limpieza.<\/li><li>Vibradores completamente fabricados en Inox -304.<\/li><li>Nivel de carga para el control de elevador<\/li><li>Pies de apoyo o plataforma elevadora.<\/li><li>Sistema de distribuci\u00f3n e introducci\u00f3n del producto en el envase definitivo.<\/li><li>Elevador.<\/li><li>Sistema de Rechazo<\/li><\/ul>\n","protected":false},"excerpt":{"rendered":"<p>Descripci\u00f3n: Pesadora lineal a vibraci\u00f3n dise\u00f1ada para todo tipo de productos hasta longitud \u00f3 \u00d8 45 mm \/ pieza unitaria. OPCION Pesado &#8211; Contado y Mezcla &#8211; 10 Productos \/ Sistema de rechazo Opcional Ver v\u00eddeo Especificaciones: Longitud m\u00e1xima de producto: \u00d8: 45, length: 45 mm Rangos de dosificaci\u00f3n: 15-1000Gr gr Velocidad de producci\u00f3n: 10-100 [&hellip;]<\/p>\n","protected":false},"author":3,"featured_media":0,"parent":0,"menu_order":0,"comment_status":"closed","ping_status":"closed","template":"","meta":{"footnotes":""},"class_list":["post-259","page","type-page","status-publish","hentry","entry","owp-thumbs-layout-horizontal","owp-btn-normal","owp-tabs-layout-horizontal","has-no-thumbnails","has-product-nav"],"_links":{"self":[{"href":"https:\/\/sermaxscales.com\/eu\/wp-json\/wp\/v2\/pages\/259","targetHints":{"allow":["GET"]}}],"collection":[{"href":"https:\/\/sermaxscales.com\/eu\/wp-json\/wp\/v2\/pages"}],"about":[{"href":"https:\/\/sermaxscales.com\/eu\/wp-json\/wp\/v2\/types\/page"}],"author":[{"embeddable":true,"href":"https:\/\/sermaxscales.com\/eu\/wp-json\/wp\/v2\/users\/3"}],"replies":[{"embeddable":true,"href":"https:\/\/sermaxscales.com\/eu\/wp-json\/wp\/v2\/comments?post=259"}],"version-history":[{"count":0,"href":"https:\/\/sermaxscales.com\/eu\/wp-json\/wp\/v2\/pages\/259\/revisions"}],"wp:attachment":[{"href":"https:\/\/sermaxscales.com\/eu\/wp-json\/wp\/v2\/media?parent=259"}],"curies":[{"name":"wp","href":"https:\/\/api.w.org\/{rel}","templated":true}]}}