{"id":2065,"date":"2020-04-09T10:54:29","date_gmt":"2020-04-09T10:54:29","guid":{"rendered":"https:\/\/sermaxscales.com\/eu\/eu\/?page_id=310"},"modified":"2020-04-09T10:54:29","modified_gmt":"2020-04-09T10:54:29","slug":"lwg-cont-2","status":"publish","type":"page","link":"https:\/\/sermaxscales.com\/eu\/lwg-cont-2\/","title":{"rendered":"LWG -CONT"},"content":{"rendered":"\n<h2 class=\"wp-block-heading\">LWG -CONT<\/h2>\n\n\n\n<figure class=\"wp-block-image\"><img decoding=\"async\" src=\"https:\/\/sermaxscales.com\/eu\/sites\/default\/files\/imagecache\/imagen_pesadora\/LWB%20C1%20LOWjpg.jpg\" alt=\"\"\/><\/figure>\n\n\n\n<p>Fotos:<\/p>\n\n\n\n<figure class=\"wp-block-gallery columns-3 is-cropped wp-block-gallery-1 is-layout-flex wp-block-gallery-is-layout-flex\"><ul class=\"blocks-gallery-grid\"><li class=\"blocks-gallery-item\"><figure><img fetchpriority=\"high\" decoding=\"async\" width=\"850\" height=\"864\" src=\"https:\/\/sermaxscales.com\/eu\/eu\/wp-content\/uploads\/2020\/03\/1-recorte-LWG-TORNILLOS-SNK.jpg\" alt=\"\" data-id=\"102\" data-full-url=\"https:\/\/sermaxscales.com\/eu\/eu\/wp-content\/uploads\/2020\/03\/1-recorte-LWG-TORNILLOS-SNK.jpg\" data-link=\"https:\/\/sermaxscales.com.es\/sermax\/?attachment_id=102\" class=\"wp-image-102\" srcset=\"https:\/\/sermaxscales.com\/eu\/wp-content\/uploads\/2020\/03\/1-recorte-LWG-TORNILLOS-SNK.jpg 850w, https:\/\/sermaxscales.com\/eu\/wp-content\/uploads\/2020\/03\/1-recorte-LWG-TORNILLOS-SNK-800x813.jpg 800w, https:\/\/sermaxscales.com\/eu\/wp-content\/uploads\/2020\/03\/1-recorte-LWG-TORNILLOS-SNK-295x300.jpg 295w, https:\/\/sermaxscales.com\/eu\/wp-content\/uploads\/2020\/03\/1-recorte-LWG-TORNILLOS-SNK-768x781.jpg 768w\" sizes=\"(max-width: 850px) 100vw, 850px\" \/><\/figure><\/li><li class=\"blocks-gallery-item\"><figure><img decoding=\"async\" src=\"https:\/\/sermaxscales.com.es\/sermax\/wp-content\/uploads\/2020\/03\/2-1024x576.jpg\" alt=\"\" data-id=\"103\" data-full-url=\"https:\/\/sermaxscales.com\/eu\/eu\/wp-content\/uploads\/2020\/03\/2-scaled-1.jpg\" data-link=\"https:\/\/sermaxscales.com.es\/sermax\/?attachment_id=103\" class=\"wp-image-103\"\/><\/figure><\/li><li class=\"blocks-gallery-item\"><figure><img decoding=\"async\" src=\"https:\/\/sermaxscales.com.es\/sermax\/wp-content\/uploads\/2020\/03\/3-1024x577.jpg\" alt=\"\" data-id=\"104\" data-full-url=\"https:\/\/sermaxscales.com\/eu\/eu\/wp-content\/uploads\/2020\/03\/3-scaled-1.jpg\" data-link=\"https:\/\/sermaxscales.com.es\/sermax\/?attachment_id=104\" class=\"wp-image-104\"\/><\/figure><\/li><li class=\"blocks-gallery-item\"><figure><img decoding=\"async\" width=\"1024\" height=\"881\" src=\"https:\/\/sermaxscales.com\/eu\/eu\/wp-content\/uploads\/2020\/03\/5-1024x881.jpg\" alt=\"\" data-id=\"105\" data-full-url=\"https:\/\/sermaxscales.com\/eu\/eu\/wp-content\/uploads\/2020\/03\/5.jpg\" data-link=\"https:\/\/sermaxscales.com.es\/sermax\/?attachment_id=105\" class=\"wp-image-105\" srcset=\"https:\/\/sermaxscales.com\/eu\/wp-content\/uploads\/2020\/03\/5-1024x881.jpg 1024w, https:\/\/sermaxscales.com\/eu\/wp-content\/uploads\/2020\/03\/5-800x688.jpg 800w, https:\/\/sermaxscales.com\/eu\/wp-content\/uploads\/2020\/03\/5-300x258.jpg 300w, https:\/\/sermaxscales.com\/eu\/wp-content\/uploads\/2020\/03\/5-768x661.jpg 768w, https:\/\/sermaxscales.com\/eu\/wp-content\/uploads\/2020\/03\/5-1536x1321.jpg 1536w, https:\/\/sermaxscales.com\/eu\/wp-content\/uploads\/2020\/03\/5-2048x1762.jpg 2048w\" sizes=\"(max-width: 1024px) 100vw, 1024px\" \/><\/figure><\/li><li class=\"blocks-gallery-item\"><figure><img decoding=\"async\" src=\"https:\/\/sermaxscales.com.es\/sermax\/wp-content\/uploads\/2020\/03\/6-1024x577.jpg\" alt=\"\" data-id=\"106\" data-full-url=\"https:\/\/sermaxscales.com\/eu\/eu\/wp-content\/uploads\/2020\/03\/6-scaled-1.jpg\" data-link=\"https:\/\/sermaxscales.com.es\/sermax\/?attachment_id=106\" class=\"wp-image-106\"\/><\/figure><\/li><\/ul><\/figure>\n\n\n\n<figure class=\"wp-block-image\"><img decoding=\"async\" src=\"https:\/\/sermaxscales.com\/eu\/sites\/all\/themes\/theme330\/imagenes\/productos\/01%20-%20nofood.png\" alt=\"No alimentos - No food\"\/><\/figure>\n\n\n\n<p>Descripci\u00f3n:<\/p>\n\n\n\n<p>Descubre nuestra nueva contadora- pesadora para tornilleria y productos met\u00e1licos con acabados de alta calidad y software programable con multiple descarga para el llenado autom\u00e1tico de cajas.<\/p>\n\n\n\n<p>Dise\u00f1amos&nbsp;<strong>soluciones a medida<\/strong>&nbsp;e integramos nuestro sistema de pesaje-contado en su linea completa.<\/p>\n\n\n\n<p><\/p>\n\n\n\n<iframe width=\"1263\" height=\"701\" src=\"https:\/\/www.youtube.com\/embed\/skjLuYegnTA\" frameborder=\"0\" allow=\"accelerometer; autoplay; encrypted-media; gyroscope; picture-in-picture\" allowfullscreen=\"\"><\/iframe>\n\n\n\n<figure class=\"wp-block-table\"><table><tbody><tr><th>Longitud m\u00e1xima de producto:<\/th><td>60<\/td><td>mm<\/td><\/tr><tr><th>Rangos de dosificaci\u00f3n:<\/th><td>10-6000<\/td><td>gr<\/td><\/tr><tr><th>Velocidad de producci\u00f3n:<\/th><td>3-5<\/td><td>dpm<\/td><\/tr><tr><th>Precisi\u00f3n:<\/th><td>+\/- 2<\/td><td>&#8211;<\/td><\/tr><tr><th>Capacidad en recipientes:<\/th><td>10<\/td><td>L<\/td><\/tr><tr><th>N\u00ba Cabezales:<\/th><td>1-4<\/td><td>&#8211;<\/td><\/tr><tr><th>N\u00ba de niveles:<\/th><td>3<\/td><td>&#8211;<\/td><\/tr><tr><th>Capacidad tolva recepci\u00f3n:<\/th><td>100<\/td><td>L<\/td><\/tr><tr><th>Consumo de aire:<\/th><td>0.25<\/td><td>L\/min<\/td><\/tr><tr><th>Presi\u00f3n del aire:<\/th><td>6<\/td><td>Kg\/cm3<\/td><\/tr><tr><th>Alimentaci\u00f3n el\u00e9ctrica:<\/th><td>380<\/td><td>V<\/td><\/tr><tr><th>Potencia Instalada:<\/th><td>1.5<\/td><td>va<\/td><\/tr><tr><th>Frecuencias:<\/th><td>50-60<\/td><td>Hz<\/td><\/tr><tr><th>Peso:<\/th><td>600<\/td><td>Kg<\/td><\/tr><tr><th>Dimensiones:<\/th><td>800X2200X2200<\/td><td>(W \/ H \/ L mm)<\/td><\/tr><\/tbody><\/table><\/figure>\n","protected":false},"excerpt":{"rendered":"<p>LWG -CONT Fotos: Descripci\u00f3n: Descubre nuestra nueva contadora- pesadora para tornilleria y productos met\u00e1licos con acabados de alta calidad y software programable con multiple descarga para el llenado autom\u00e1tico de cajas. Dise\u00f1amos&nbsp;soluciones a medida&nbsp;e integramos nuestro sistema de pesaje-contado en su linea completa. Longitud m\u00e1xima de producto: 60 mm Rangos de dosificaci\u00f3n: 10-6000 gr Velocidad [&hellip;]<\/p>\n","protected":false},"author":3,"featured_media":0,"parent":0,"menu_order":0,"comment_status":"closed","ping_status":"closed","template":"","meta":{"footnotes":""},"class_list":["post-2065","page","type-page","status-publish","hentry","entry","owp-thumbs-layout-horizontal","owp-btn-normal","owp-tabs-layout-horizontal","has-no-thumbnails","has-product-nav"],"_links":{"self":[{"href":"https:\/\/sermaxscales.com\/eu\/wp-json\/wp\/v2\/pages\/2065","targetHints":{"allow":["GET"]}}],"collection":[{"href":"https:\/\/sermaxscales.com\/eu\/wp-json\/wp\/v2\/pages"}],"about":[{"href":"https:\/\/sermaxscales.com\/eu\/wp-json\/wp\/v2\/types\/page"}],"author":[{"embeddable":true,"href":"https:\/\/sermaxscales.com\/eu\/wp-json\/wp\/v2\/users\/3"}],"replies":[{"embeddable":true,"href":"https:\/\/sermaxscales.com\/eu\/wp-json\/wp\/v2\/comments?post=2065"}],"version-history":[{"count":0,"href":"https:\/\/sermaxscales.com\/eu\/wp-json\/wp\/v2\/pages\/2065\/revisions"}],"wp:attachment":[{"href":"https:\/\/sermaxscales.com\/eu\/wp-json\/wp\/v2\/media?parent=2065"}],"curies":[{"name":"wp","href":"https:\/\/api.w.org\/{rel}","templated":true}]}}